{"id":5667,"date":"2022-04-18T10:55:06","date_gmt":"2022-04-18T10:55:06","guid":{"rendered":"https:\/\/rexhagold.com\/our-doctrine\/"},"modified":"2023-08-15T13:40:42","modified_gmt":"2023-08-15T13:40:42","slug":"our-doctrine","status":"publish","type":"page","link":"https:\/\/rexhagold.com\/en\/our-doctrine\/","title":{"rendered":"Our Doctrine"},"content":{"rendered":"\n<div class=\"wp-block-media-text alignwide has-media-on-the-right is-stacked-on-mobile\" style=\"grid-template-columns:auto 40%\"><div class=\"wp-block-media-text__content\">\n<p>We work exclusively with high quality, 18kt gold, crafted with the utmost care by the hands of our artisans in Italy. Absolute transparency as well as the real quality of the products purchased by our customers combined with the values \u200b\u200bof family, modesty and creativity are the doctrine of Rexha Gold. Everyone who enters our boutiques puts their trust in our many years of experience as certified Jewelers. I Rexha Gold&#8217;s goal will always be to maintain maximum trust above all else.<\/p>\n<\/div><figure class=\"wp-block-media-text__media\"><img loading=\"lazy\" decoding=\"async\" width=\"450\" height=\"470\" src=\"https:\/\/rexhagold.com\/wp-content\/uploads\/2022\/06\/Our-Doctrine-gif.gif\" alt=\"\" class=\"wp-image-1645 size-full\"\/><\/figure><\/div>\n","protected":false},"excerpt":{"rendered":"<p>We work exclusively with high quality, 18kt gold, crafted with the utmost care by the hands of our artisans in Italy. Absolute transparency as well as the real quality of the products purchased by our customers combined with the values \u200b\u200bof family, modesty and creativity are the doctrine of Rexha Gold. Everyone who enters our [&hellip;]<\/p>\n","protected":false},"author":1,"featured_media":0,"parent":0,"menu_order":0,"comment_status":"closed","ping_status":"closed","template":"","meta":{"inline_featured_image":false,"footnotes":""},"class_list":["post-5667","page","type-page","status-publish","hentry","wpisset-post"],"acf":[],"yoast_head":"<!-- This site is optimized with the Yoast SEO plugin v26.5 - https:\/\/yoast.com\/wordpress\/plugins\/seo\/ -->\n<title>Our Doctrine - Rexha Gold<\/title>\n<meta name=\"description\" content=\"Rexha Gold punon ekskluzivisht me flori t\u00eb kualitetit t\u00eb lart\u00eb, 18kt, punuar me kujdesin maksimal nga duart e artizan\u00ebve tan\u00eb n\u00eb Itali.\" \/>\n<meta name=\"robots\" content=\"index, follow, max-snippet:-1, max-image-preview:large, max-video-preview:-1\" \/>\n<link rel=\"canonical\" href=\"https:\/\/rexhagold.com\/our-doctrine\/\" \/>\n<meta property=\"og:locale\" content=\"en_US\" \/>\n<meta property=\"og:type\" content=\"article\" \/>\n<meta property=\"og:title\" content=\"Our Doctrine - Rexha Gold\" \/>\n<meta property=\"og:description\" content=\"Rexha Gold punon ekskluzivisht me flori t\u00eb kualitetit t\u00eb lart\u00eb, 18kt, punuar me kujdesin maksimal nga duart e artizan\u00ebve tan\u00eb n\u00eb Itali.\" \/>\n<meta property=\"og:url\" content=\"https:\/\/rexhagold.com\/our-doctrine\/\" \/>\n<meta property=\"og:site_name\" content=\"Rexha Gold\" \/>\n<meta property=\"article:modified_time\" content=\"2023-08-15T13:40:42+00:00\" \/>\n<meta property=\"og:image\" content=\"https:\/\/rexhagold.com\/wp-content\/uploads\/2022\/06\/Our-Doctrine-gif.gif\" \/>\n<meta name=\"twitter:card\" content=\"summary_large_image\" \/>\n<meta name=\"twitter:label1\" content=\"Est. reading time\" \/>\n\t<meta name=\"twitter:data1\" content=\"1 minute\" \/>\n<script type=\"application\/ld+json\" class=\"yoast-schema-graph\">{\"@context\":\"https:\/\/schema.org\",\"@graph\":[{\"@type\":\"WebPage\",\"@id\":\"https:\/\/rexhagold.com\/our-doctrine\/\",\"url\":\"https:\/\/rexhagold.com\/our-doctrine\/\",\"name\":\"Our Doctrine - Rexha Gold\",\"isPartOf\":{\"@id\":\"https:\/\/rexhagold.com\/#website\"},\"primaryImageOfPage\":{\"@id\":\"https:\/\/rexhagold.com\/our-doctrine\/#primaryimage\"},\"image\":{\"@id\":\"https:\/\/rexhagold.com\/our-doctrine\/#primaryimage\"},\"thumbnailUrl\":\"https:\/\/rexhagold.com\/wp-content\/uploads\/2022\/06\/Our-Doctrine-gif.gif\",\"datePublished\":\"2022-04-18T10:55:06+00:00\",\"dateModified\":\"2023-08-15T13:40:42+00:00\",\"description\":\"Rexha Gold punon ekskluzivisht me flori t\u00eb kualitetit t\u00eb lart\u00eb, 18kt, punuar me kujdesin maksimal nga duart e artizan\u00ebve tan\u00eb n\u00eb Itali.\",\"breadcrumb\":{\"@id\":\"https:\/\/rexhagold.com\/our-doctrine\/#breadcrumb\"},\"inLanguage\":\"en-US\",\"potentialAction\":[{\"@type\":\"ReadAction\",\"target\":[\"https:\/\/rexhagold.com\/our-doctrine\/\"]}]},{\"@type\":\"ImageObject\",\"inLanguage\":\"en-US\",\"@id\":\"https:\/\/rexhagold.com\/our-doctrine\/#primaryimage\",\"url\":\"https:\/\/rexhagold.com\/wp-content\/uploads\/2022\/06\/Our-Doctrine-gif.gif\",\"contentUrl\":\"https:\/\/rexhagold.com\/wp-content\/uploads\/2022\/06\/Our-Doctrine-gif.gif\"},{\"@type\":\"BreadcrumbList\",\"@id\":\"https:\/\/rexhagold.com\/our-doctrine\/#breadcrumb\",\"itemListElement\":[{\"@type\":\"ListItem\",\"position\":1,\"name\":\"Home\",\"item\":\"https:\/\/rexhagold.com\/en\/\"},{\"@type\":\"ListItem\",\"position\":2,\"name\":\"Our Doctrine\"}]},{\"@type\":\"WebSite\",\"@id\":\"https:\/\/rexhagold.com\/#website\",\"url\":\"https:\/\/rexhagold.com\/\",\"name\":\"Rexha Gold Jewelry\",\"description\":\"Rexha Gold\",\"publisher\":{\"@id\":\"https:\/\/rexhagold.com\/#organization\"},\"potentialAction\":[{\"@type\":\"SearchAction\",\"target\":{\"@type\":\"EntryPoint\",\"urlTemplate\":\"https:\/\/rexhagold.com\/?s={search_term_string}\"},\"query-input\":{\"@type\":\"PropertyValueSpecification\",\"valueRequired\":true,\"valueName\":\"search_term_string\"}}],\"inLanguage\":\"en-US\"},{\"@type\":\"Organization\",\"@id\":\"https:\/\/rexhagold.com\/#organization\",\"name\":\"Rexha Gold Jewelry\",\"url\":\"https:\/\/rexhagold.com\/\",\"logo\":{\"@type\":\"ImageObject\",\"inLanguage\":\"en-US\",\"@id\":\"https:\/\/rexhagold.com\/#\/schema\/logo\/image\/\",\"url\":\"https:\/\/rexhagold.com\/wp-content\/uploads\/2022\/04\/rexhagold-black.png\",\"contentUrl\":\"https:\/\/rexhagold.com\/wp-content\/uploads\/2022\/04\/rexhagold-black.png\",\"width\":300,\"height\":278,\"caption\":\"Rexha Gold Jewelry\"},\"image\":{\"@id\":\"https:\/\/rexhagold.com\/#\/schema\/logo\/image\/\"}}]}<\/script>\n<!-- \/ Yoast SEO plugin. -->","yoast_head_json":{"title":"Our Doctrine - Rexha Gold","description":"Rexha Gold punon ekskluzivisht me flori t\u00eb kualitetit t\u00eb lart\u00eb, 18kt, punuar me kujdesin maksimal nga duart e artizan\u00ebve tan\u00eb n\u00eb Itali.","robots":{"index":"index","follow":"follow","max-snippet":"max-snippet:-1","max-image-preview":"max-image-preview:large","max-video-preview":"max-video-preview:-1"},"canonical":"https:\/\/rexhagold.com\/our-doctrine\/","og_locale":"en_US","og_type":"article","og_title":"Our Doctrine - Rexha Gold","og_description":"Rexha Gold punon ekskluzivisht me flori t\u00eb kualitetit t\u00eb lart\u00eb, 18kt, punuar me kujdesin maksimal nga duart e artizan\u00ebve tan\u00eb n\u00eb Itali.","og_url":"https:\/\/rexhagold.com\/our-doctrine\/","og_site_name":"Rexha Gold","article_modified_time":"2023-08-15T13:40:42+00:00","og_image":[{"url":"https:\/\/rexhagold.com\/wp-content\/uploads\/2022\/06\/Our-Doctrine-gif.gif","type":"","width":"","height":""}],"twitter_card":"summary_large_image","twitter_misc":{"Est. reading time":"1 minute"},"schema":{"@context":"https:\/\/schema.org","@graph":[{"@type":"WebPage","@id":"https:\/\/rexhagold.com\/our-doctrine\/","url":"https:\/\/rexhagold.com\/our-doctrine\/","name":"Our Doctrine - Rexha Gold","isPartOf":{"@id":"https:\/\/rexhagold.com\/#website"},"primaryImageOfPage":{"@id":"https:\/\/rexhagold.com\/our-doctrine\/#primaryimage"},"image":{"@id":"https:\/\/rexhagold.com\/our-doctrine\/#primaryimage"},"thumbnailUrl":"https:\/\/rexhagold.com\/wp-content\/uploads\/2022\/06\/Our-Doctrine-gif.gif","datePublished":"2022-04-18T10:55:06+00:00","dateModified":"2023-08-15T13:40:42+00:00","description":"Rexha Gold punon ekskluzivisht me flori t\u00eb kualitetit t\u00eb lart\u00eb, 18kt, punuar me kujdesin maksimal nga duart e artizan\u00ebve tan\u00eb n\u00eb Itali.","breadcrumb":{"@id":"https:\/\/rexhagold.com\/our-doctrine\/#breadcrumb"},"inLanguage":"en-US","potentialAction":[{"@type":"ReadAction","target":["https:\/\/rexhagold.com\/our-doctrine\/"]}]},{"@type":"ImageObject","inLanguage":"en-US","@id":"https:\/\/rexhagold.com\/our-doctrine\/#primaryimage","url":"https:\/\/rexhagold.com\/wp-content\/uploads\/2022\/06\/Our-Doctrine-gif.gif","contentUrl":"https:\/\/rexhagold.com\/wp-content\/uploads\/2022\/06\/Our-Doctrine-gif.gif"},{"@type":"BreadcrumbList","@id":"https:\/\/rexhagold.com\/our-doctrine\/#breadcrumb","itemListElement":[{"@type":"ListItem","position":1,"name":"Home","item":"https:\/\/rexhagold.com\/en\/"},{"@type":"ListItem","position":2,"name":"Our Doctrine"}]},{"@type":"WebSite","@id":"https:\/\/rexhagold.com\/#website","url":"https:\/\/rexhagold.com\/","name":"Rexha Gold Jewelry","description":"Rexha Gold","publisher":{"@id":"https:\/\/rexhagold.com\/#organization"},"potentialAction":[{"@type":"SearchAction","target":{"@type":"EntryPoint","urlTemplate":"https:\/\/rexhagold.com\/?s={search_term_string}"},"query-input":{"@type":"PropertyValueSpecification","valueRequired":true,"valueName":"search_term_string"}}],"inLanguage":"en-US"},{"@type":"Organization","@id":"https:\/\/rexhagold.com\/#organization","name":"Rexha Gold Jewelry","url":"https:\/\/rexhagold.com\/","logo":{"@type":"ImageObject","inLanguage":"en-US","@id":"https:\/\/rexhagold.com\/#\/schema\/logo\/image\/","url":"https:\/\/rexhagold.com\/wp-content\/uploads\/2022\/04\/rexhagold-black.png","contentUrl":"https:\/\/rexhagold.com\/wp-content\/uploads\/2022\/04\/rexhagold-black.png","width":300,"height":278,"caption":"Rexha Gold Jewelry"},"image":{"@id":"https:\/\/rexhagold.com\/#\/schema\/logo\/image\/"}}]}},"_links":{"self":[{"href":"https:\/\/rexhagold.com\/en\/wp-json\/wp\/v2\/pages\/5667","targetHints":{"allow":["GET"]}}],"collection":[{"href":"https:\/\/rexhagold.com\/en\/wp-json\/wp\/v2\/pages"}],"about":[{"href":"https:\/\/rexhagold.com\/en\/wp-json\/wp\/v2\/types\/page"}],"author":[{"embeddable":true,"href":"https:\/\/rexhagold.com\/en\/wp-json\/wp\/v2\/users\/1"}],"replies":[{"embeddable":true,"href":"https:\/\/rexhagold.com\/en\/wp-json\/wp\/v2\/comments?post=5667"}],"version-history":[{"count":0,"href":"https:\/\/rexhagold.com\/en\/wp-json\/wp\/v2\/pages\/5667\/revisions"}],"wp:attachment":[{"href":"https:\/\/rexhagold.com\/en\/wp-json\/wp\/v2\/media?parent=5667"}],"curies":[{"name":"wp","href":"https:\/\/api.w.org\/{rel}","templated":true}]}}