{"id":10031,"date":"2022-10-13T13:53:40","date_gmt":"2022-10-13T13:53:40","guid":{"rendered":"https:\/\/rexhagold.com\/product\/frederique-constant-classics-art-deco-carree\/"},"modified":"2022-10-13T13:53:40","modified_gmt":"2022-10-13T13:53:40","slug":"frederique-constant-classics-art-deco-carree","status":"publish","type":"product","link":"https:\/\/rexhagold.com\/en\/product\/frederique-constant-classics-art-deco-carree\/","title":{"rendered":"Frederique Constant Classics Art D\u00e9co Carr\u00e9e"},"content":{"rendered":"<p>Our Frederique Constant Classics Art D\u00e9co Carr\u00e9e Quartz watch with its leather strap and its special square shape is a magnificent Swiss watch for women. Like all quartz watches, this is a particularly accurate watch, which needs very little attention and stops only when the battery is discharged. This watch is built with an FC-200 caliber. So this type of mechanism is very accurate, easy to use and solid! It is equipped with a domed sapphire glass. The sapphire is especially scratch resistant and more transparent than glass.<\/p>\n<p>FUNCTIONS Hours, minutes.<\/p>\n<p>MOVEMENT FC-200 caliber, quartz. 72 months battery life, 4 jewels.<\/p>\n<p>CASE Polished stainless steel 3-part case with fluted case bands. Crown with blue cabochon. Lugs set with 18 diamonds (0,11 carat). Diameter of 28 x 20,70 mm. Height of 6,98 mm. Scratch-resistant convex sapphire crystal. Closed case back. Water-resistant up to 3 atm\/30m\/100ft.<\/p>\n<p>DIAL White mother-of-pearl dial with silver color guilloch\u00e9 in the center. Black printed roman numerals. Black hour and minute hands<\/p>\n<p>STRAP Blue calf leather strap.<\/p>\n","protected":false},"excerpt":{"rendered":"<p>Our Frederique Constant Classics Art D\u00e9co Carr\u00e9e Quartz watch with its leather strap and its special square shape is a magnificent Swiss watch for women. Like all quartz watches, this is a particularly accurate watch, which needs very little attention and stops only when the battery is discharged. This watch is built with an FC-200 [&hellip;]<\/p>\n","protected":false},"featured_media":10032,"template":"","meta":{"inline_featured_image":false},"product_brand":[],"product_cat":[993,415,406,424],"product_tag":[],"berocket_brand":[],"class_list":{"0":"post-10031","1":"product","2":"type-product","3":"status-publish","4":"has-post-thumbnail","6":"product_cat-brande-ore-en","7":"product_cat-frederique-constant-en","8":"product_cat-watches-en","9":"product_cat-women-en","10":"wpisset-post","11":"wpisset-post-featured","12":"wpisset-woo-has-gallery","14":"first","15":"instock","16":"shipping-taxable","17":"purchasable","18":"product-type-simple"},"acf":[],"yoast_head":"<!-- This site is optimized with the Yoast SEO plugin v26.5 - https:\/\/yoast.com\/wordpress\/plugins\/seo\/ -->\n<title>Frederique Constant Classics Art D\u00e9co Carr\u00e9e - Rexha Gold<\/title>\n<meta name=\"description\" content=\"Explore our collection of Frederique Constant Classics Art D\u00e9co Carr\u00e9e. Rexha Gold offers the best jewelry made in Italy by the most famous Italian manufacturers.\" \/>\n<meta name=\"robots\" content=\"index, follow, max-snippet:-1, max-image-preview:large, max-video-preview:-1\" \/>\n<link rel=\"canonical\" href=\"https:\/\/rexhagold.com\/en\/product\/frederique-constant-classics-art-deco-carree\/\" \/>\n<meta property=\"og:locale\" content=\"en_US\" \/>\n<meta property=\"og:type\" content=\"article\" \/>\n<meta property=\"og:title\" content=\"Frederique Constant Classics Art D\u00e9co Carr\u00e9e - Rexha Gold\" \/>\n<meta property=\"og:description\" content=\"Explore our collection of Frederique Constant Classics Art D\u00e9co Carr\u00e9e. Rexha Gold offers the best jewelry made in Italy by the most famous Italian manufacturers.\" \/>\n<meta property=\"og:url\" content=\"https:\/\/rexhagold.com\/en\/product\/frederique-constant-classics-art-deco-carree\/\" \/>\n<meta property=\"og:site_name\" content=\"Rexha Gold\" \/>\n<meta property=\"og:image\" content=\"https:\/\/rexhagold.com\/wp-content\/uploads\/2023\/05\/cropped-android-chrome-512x512-1.png\" \/>\n\t<meta property=\"og:image:width\" content=\"512\" \/>\n\t<meta property=\"og:image:height\" content=\"512\" \/>\n\t<meta property=\"og:image:type\" content=\"image\/png\" \/>\n<meta name=\"twitter:card\" content=\"summary_large_image\" \/>\n<meta name=\"twitter:label1\" content=\"Est. reading time\" \/>\n\t<meta name=\"twitter:data1\" content=\"1 minute\" \/>\n<script type=\"application\/ld+json\" class=\"yoast-schema-graph\">{\"@context\":\"https:\/\/schema.org\",\"@graph\":[{\"@type\":\"WebPage\",\"@id\":\"https:\/\/rexhagold.com\/en\/product\/frederique-constant-classics-art-deco-carree\/\",\"url\":\"https:\/\/rexhagold.com\/en\/product\/frederique-constant-classics-art-deco-carree\/\",\"name\":\"Frederique Constant Classics Art D\u00e9co Carr\u00e9e - Rexha Gold\",\"isPartOf\":{\"@id\":\"https:\/\/rexhagold.com\/#website\"},\"primaryImageOfPage\":{\"@id\":\"https:\/\/rexhagold.com\/en\/product\/frederique-constant-classics-art-deco-carree\/#primaryimage\"},\"image\":{\"@id\":\"https:\/\/rexhagold.com\/en\/product\/frederique-constant-classics-art-deco-carree\/#primaryimage\"},\"thumbnailUrl\":\"https:\/\/rexhagold.com\/wp-content\/uploads\/2022\/10\/FC-200MPW2AC2D6_Front.jpg\",\"datePublished\":\"2022-10-13T13:53:40+00:00\",\"description\":\"Explore our collection of Frederique Constant Classics Art D\u00e9co Carr\u00e9e. Rexha Gold offers the best jewelry made in Italy by the most famous Italian manufacturers.\",\"breadcrumb\":{\"@id\":\"https:\/\/rexhagold.com\/en\/product\/frederique-constant-classics-art-deco-carree\/#breadcrumb\"},\"inLanguage\":\"en-US\",\"potentialAction\":[{\"@type\":\"ReadAction\",\"target\":[\"https:\/\/rexhagold.com\/en\/product\/frederique-constant-classics-art-deco-carree\/\"]}]},{\"@type\":\"ImageObject\",\"inLanguage\":\"en-US\",\"@id\":\"https:\/\/rexhagold.com\/en\/product\/frederique-constant-classics-art-deco-carree\/#primaryimage\",\"url\":\"https:\/\/rexhagold.com\/wp-content\/uploads\/2022\/10\/FC-200MPW2AC2D6_Front.jpg\",\"contentUrl\":\"https:\/\/rexhagold.com\/wp-content\/uploads\/2022\/10\/FC-200MPW2AC2D6_Front.jpg\",\"width\":1080,\"height\":1080},{\"@type\":\"BreadcrumbList\",\"@id\":\"https:\/\/rexhagold.com\/en\/product\/frederique-constant-classics-art-deco-carree\/#breadcrumb\",\"itemListElement\":[{\"@type\":\"ListItem\",\"position\":1,\"name\":\"Home\",\"item\":\"https:\/\/rexhagold.com\/en\/\"},{\"@type\":\"ListItem\",\"position\":2,\"name\":\"Shop\",\"item\":\"https:\/\/rexhagold.com\/en\/shop-2\/\"},{\"@type\":\"ListItem\",\"position\":3,\"name\":\"Frederique Constant Classics Art D\u00e9co Carr\u00e9e\"}]},{\"@type\":\"WebSite\",\"@id\":\"https:\/\/rexhagold.com\/#website\",\"url\":\"https:\/\/rexhagold.com\/\",\"name\":\"Rexha Gold Jewelry\",\"description\":\"Rexha Gold\",\"publisher\":{\"@id\":\"https:\/\/rexhagold.com\/#organization\"},\"potentialAction\":[{\"@type\":\"SearchAction\",\"target\":{\"@type\":\"EntryPoint\",\"urlTemplate\":\"https:\/\/rexhagold.com\/?s={search_term_string}\"},\"query-input\":{\"@type\":\"PropertyValueSpecification\",\"valueRequired\":true,\"valueName\":\"search_term_string\"}}],\"inLanguage\":\"en-US\"},{\"@type\":\"Organization\",\"@id\":\"https:\/\/rexhagold.com\/#organization\",\"name\":\"Rexha Gold Jewelry\",\"url\":\"https:\/\/rexhagold.com\/\",\"logo\":{\"@type\":\"ImageObject\",\"inLanguage\":\"en-US\",\"@id\":\"https:\/\/rexhagold.com\/#\/schema\/logo\/image\/\",\"url\":\"https:\/\/rexhagold.com\/wp-content\/uploads\/2022\/04\/rexhagold-black.png\",\"contentUrl\":\"https:\/\/rexhagold.com\/wp-content\/uploads\/2022\/04\/rexhagold-black.png\",\"width\":300,\"height\":278,\"caption\":\"Rexha Gold Jewelry\"},\"image\":{\"@id\":\"https:\/\/rexhagold.com\/#\/schema\/logo\/image\/\"}}]}<\/script>\n<!-- \/ Yoast SEO plugin. -->","yoast_head_json":{"title":"Frederique Constant Classics Art D\u00e9co Carr\u00e9e - Rexha Gold","description":"Explore our collection of Frederique Constant Classics Art D\u00e9co Carr\u00e9e. Rexha Gold offers the best jewelry made in Italy by the most famous Italian manufacturers.","robots":{"index":"index","follow":"follow","max-snippet":"max-snippet:-1","max-image-preview":"max-image-preview:large","max-video-preview":"max-video-preview:-1"},"canonical":"https:\/\/rexhagold.com\/en\/product\/frederique-constant-classics-art-deco-carree\/","og_locale":"en_US","og_type":"article","og_title":"Frederique Constant Classics Art D\u00e9co Carr\u00e9e - Rexha Gold","og_description":"Explore our collection of Frederique Constant Classics Art D\u00e9co Carr\u00e9e. Rexha Gold offers the best jewelry made in Italy by the most famous Italian manufacturers.","og_url":"https:\/\/rexhagold.com\/en\/product\/frederique-constant-classics-art-deco-carree\/","og_site_name":"Rexha Gold","og_image":[{"width":512,"height":512,"url":"https:\/\/rexhagold.com\/wp-content\/uploads\/2023\/05\/cropped-android-chrome-512x512-1.png","type":"image\/png"}],"twitter_card":"summary_large_image","twitter_misc":{"Est. reading time":"1 minute"},"schema":{"@context":"https:\/\/schema.org","@graph":[{"@type":"WebPage","@id":"https:\/\/rexhagold.com\/en\/product\/frederique-constant-classics-art-deco-carree\/","url":"https:\/\/rexhagold.com\/en\/product\/frederique-constant-classics-art-deco-carree\/","name":"Frederique Constant Classics Art D\u00e9co Carr\u00e9e - Rexha Gold","isPartOf":{"@id":"https:\/\/rexhagold.com\/#website"},"primaryImageOfPage":{"@id":"https:\/\/rexhagold.com\/en\/product\/frederique-constant-classics-art-deco-carree\/#primaryimage"},"image":{"@id":"https:\/\/rexhagold.com\/en\/product\/frederique-constant-classics-art-deco-carree\/#primaryimage"},"thumbnailUrl":"https:\/\/rexhagold.com\/wp-content\/uploads\/2022\/10\/FC-200MPW2AC2D6_Front.jpg","datePublished":"2022-10-13T13:53:40+00:00","description":"Explore our collection of Frederique Constant Classics Art D\u00e9co Carr\u00e9e. Rexha Gold offers the best jewelry made in Italy by the most famous Italian manufacturers.","breadcrumb":{"@id":"https:\/\/rexhagold.com\/en\/product\/frederique-constant-classics-art-deco-carree\/#breadcrumb"},"inLanguage":"en-US","potentialAction":[{"@type":"ReadAction","target":["https:\/\/rexhagold.com\/en\/product\/frederique-constant-classics-art-deco-carree\/"]}]},{"@type":"ImageObject","inLanguage":"en-US","@id":"https:\/\/rexhagold.com\/en\/product\/frederique-constant-classics-art-deco-carree\/#primaryimage","url":"https:\/\/rexhagold.com\/wp-content\/uploads\/2022\/10\/FC-200MPW2AC2D6_Front.jpg","contentUrl":"https:\/\/rexhagold.com\/wp-content\/uploads\/2022\/10\/FC-200MPW2AC2D6_Front.jpg","width":1080,"height":1080},{"@type":"BreadcrumbList","@id":"https:\/\/rexhagold.com\/en\/product\/frederique-constant-classics-art-deco-carree\/#breadcrumb","itemListElement":[{"@type":"ListItem","position":1,"name":"Home","item":"https:\/\/rexhagold.com\/en\/"},{"@type":"ListItem","position":2,"name":"Shop","item":"https:\/\/rexhagold.com\/en\/shop-2\/"},{"@type":"ListItem","position":3,"name":"Frederique Constant Classics Art D\u00e9co Carr\u00e9e"}]},{"@type":"WebSite","@id":"https:\/\/rexhagold.com\/#website","url":"https:\/\/rexhagold.com\/","name":"Rexha Gold Jewelry","description":"Rexha Gold","publisher":{"@id":"https:\/\/rexhagold.com\/#organization"},"potentialAction":[{"@type":"SearchAction","target":{"@type":"EntryPoint","urlTemplate":"https:\/\/rexhagold.com\/?s={search_term_string}"},"query-input":{"@type":"PropertyValueSpecification","valueRequired":true,"valueName":"search_term_string"}}],"inLanguage":"en-US"},{"@type":"Organization","@id":"https:\/\/rexhagold.com\/#organization","name":"Rexha Gold Jewelry","url":"https:\/\/rexhagold.com\/","logo":{"@type":"ImageObject","inLanguage":"en-US","@id":"https:\/\/rexhagold.com\/#\/schema\/logo\/image\/","url":"https:\/\/rexhagold.com\/wp-content\/uploads\/2022\/04\/rexhagold-black.png","contentUrl":"https:\/\/rexhagold.com\/wp-content\/uploads\/2022\/04\/rexhagold-black.png","width":300,"height":278,"caption":"Rexha Gold Jewelry"},"image":{"@id":"https:\/\/rexhagold.com\/#\/schema\/logo\/image\/"}}]}},"_links":{"self":[{"href":"https:\/\/rexhagold.com\/en\/wp-json\/wp\/v2\/product\/10031","targetHints":{"allow":["GET"]}}],"collection":[{"href":"https:\/\/rexhagold.com\/en\/wp-json\/wp\/v2\/product"}],"about":[{"href":"https:\/\/rexhagold.com\/en\/wp-json\/wp\/v2\/types\/product"}],"wp:featuredmedia":[{"embeddable":true,"href":"https:\/\/rexhagold.com\/en\/wp-json\/wp\/v2\/media\/10032"}],"wp:attachment":[{"href":"https:\/\/rexhagold.com\/en\/wp-json\/wp\/v2\/media?parent=10031"}],"wp:term":[{"taxonomy":"product_brand","embeddable":true,"href":"https:\/\/rexhagold.com\/en\/wp-json\/wp\/v2\/product_brand?post=10031"},{"taxonomy":"product_cat","embeddable":true,"href":"https:\/\/rexhagold.com\/en\/wp-json\/wp\/v2\/product_cat?post=10031"},{"taxonomy":"product_tag","embeddable":true,"href":"https:\/\/rexhagold.com\/en\/wp-json\/wp\/v2\/product_tag?post=10031"},{"taxonomy":"berocket_brand","embeddable":true,"href":"https:\/\/rexhagold.com\/en\/wp-json\/wp\/v2\/berocket_brand?post=10031"}],"curies":[{"name":"wp","href":"https:\/\/api.w.org\/{rel}","templated":true}]}}