{"id":10195,"date":"2024-06-24T11:30:33","date_gmt":"2024-06-24T11:30:33","guid":{"rendered":"https:\/\/rexhagold.com\/product\/leaf-collection-diamond-necklace-2\/"},"modified":"2024-06-24T11:30:33","modified_gmt":"2024-06-24T11:30:33","slug":"leaf-collection-diamond-necklace-2","status":"publish","type":"product","link":"https:\/\/rexhagold.com\/en\/product\/leaf-collection-diamond-necklace-2\/","title":{"rendered":"Leaf Collection Diamond Necklace"},"content":{"rendered":"<p>Var\u00ebse floriri, pjes\u00eb e koleksionit Leaf Collection. Punuar n\u00eb m\u00ebnyr\u00eb artizanale n\u00eb flori te Rose Gold 18K, montuar me 0.11ct Diamante te Bardh\u00eb ne prerje Marquise si dhe 0.05ct Diamant\u00eb t\u00eb Bardh\u00eb n\u00eb prerje Brilante, ngjyr\u00eb F, past\u00ebrti VS <\/p>\n","protected":false},"excerpt":{"rendered":"<p>Var\u00ebse floriri, pjes\u00eb e koleksionit Leaf Collection. Punuar n\u00eb m\u00ebnyr\u00eb artizanale n\u00eb flori te Rose Gold 18K, montuar me 0.11ct Diamante te Bardh\u00eb ne prerje Marquise si dhe 0.05ct Diamant\u00eb t\u00eb Bardh\u00eb n\u00eb prerje Brilante, ngjyr\u00eb F, past\u00ebrti VS<\/p>\n","protected":false},"featured_media":8304,"template":"","meta":{"inline_featured_image":false},"product_brand":[],"product_cat":[990,981,400,994,412],"product_tag":[],"berocket_brand":[],"class_list":{"0":"post-10195","1":"product","2":"type-product","3":"status-publish","4":"has-post-thumbnail","6":"product_cat-boutique-varese-en","7":"product_cat-brande-femra-en","8":"product_cat-necklaces","9":"product_cat-rexha-gold-brande-femra-en","10":"product_cat-women","11":"wpisset-post","12":"wpisset-post-featured","14":"first","15":"instock","16":"shipping-taxable","17":"purchasable","18":"product-type-simple"},"acf":[],"yoast_head":"<!-- This site is optimized with the Yoast SEO plugin v26.5 - https:\/\/yoast.com\/wordpress\/plugins\/seo\/ -->\n<title>Leaf Collection Diamond Necklace - Rexha Gold<\/title>\n<meta name=\"description\" content=\"Explore our collection of Leaf Collection Diamond Necklace. Rexha Gold offers the best jewelry made in Italy by the most famous Italian manufacturers.\" \/>\n<meta name=\"robots\" content=\"index, follow, max-snippet:-1, max-image-preview:large, max-video-preview:-1\" \/>\n<link rel=\"canonical\" href=\"https:\/\/rexhagold.com\/en\/product\/leaf-collection-diamond-necklace-2\/\" \/>\n<meta property=\"og:locale\" content=\"en_US\" \/>\n<meta property=\"og:type\" content=\"article\" \/>\n<meta property=\"og:title\" content=\"Leaf Collection Diamond Necklace - Rexha Gold\" \/>\n<meta property=\"og:description\" content=\"Explore our collection of Leaf Collection Diamond Necklace. Rexha Gold offers the best jewelry made in Italy by the most famous Italian manufacturers.\" \/>\n<meta property=\"og:url\" content=\"https:\/\/rexhagold.com\/en\/product\/leaf-collection-diamond-necklace-2\/\" \/>\n<meta property=\"og:site_name\" content=\"Rexha Gold\" \/>\n<meta property=\"og:image\" content=\"https:\/\/rexhagold.com\/wp-content\/uploads\/2023\/05\/cropped-android-chrome-512x512-1.png\" \/>\n\t<meta property=\"og:image:width\" content=\"512\" \/>\n\t<meta property=\"og:image:height\" content=\"512\" \/>\n\t<meta property=\"og:image:type\" content=\"image\/png\" \/>\n<meta name=\"twitter:card\" content=\"summary_large_image\" \/>\n<script type=\"application\/ld+json\" class=\"yoast-schema-graph\">{\"@context\":\"https:\/\/schema.org\",\"@graph\":[{\"@type\":\"WebPage\",\"@id\":\"https:\/\/rexhagold.com\/en\/product\/leaf-collection-diamond-necklace-2\/\",\"url\":\"https:\/\/rexhagold.com\/en\/product\/leaf-collection-diamond-necklace-2\/\",\"name\":\"Leaf Collection Diamond Necklace - Rexha Gold\",\"isPartOf\":{\"@id\":\"https:\/\/rexhagold.com\/#website\"},\"primaryImageOfPage\":{\"@id\":\"https:\/\/rexhagold.com\/en\/product\/leaf-collection-diamond-necklace-2\/#primaryimage\"},\"image\":{\"@id\":\"https:\/\/rexhagold.com\/en\/product\/leaf-collection-diamond-necklace-2\/#primaryimage\"},\"thumbnailUrl\":\"https:\/\/rexhagold.com\/wp-content\/uploads\/2024\/06\/varse-femrash-buonocuore_0001_1286C01MP_1286C01MP_1.jpg\",\"datePublished\":\"2024-06-24T11:30:33+00:00\",\"description\":\"Explore our collection of Leaf Collection Diamond Necklace. Rexha Gold offers the best jewelry made in Italy by the most famous Italian manufacturers.\",\"breadcrumb\":{\"@id\":\"https:\/\/rexhagold.com\/en\/product\/leaf-collection-diamond-necklace-2\/#breadcrumb\"},\"inLanguage\":\"en-US\",\"potentialAction\":[{\"@type\":\"ReadAction\",\"target\":[\"https:\/\/rexhagold.com\/en\/product\/leaf-collection-diamond-necklace-2\/\"]}]},{\"@type\":\"ImageObject\",\"inLanguage\":\"en-US\",\"@id\":\"https:\/\/rexhagold.com\/en\/product\/leaf-collection-diamond-necklace-2\/#primaryimage\",\"url\":\"https:\/\/rexhagold.com\/wp-content\/uploads\/2024\/06\/varse-femrash-buonocuore_0001_1286C01MP_1286C01MP_1.jpg\",\"contentUrl\":\"https:\/\/rexhagold.com\/wp-content\/uploads\/2024\/06\/varse-femrash-buonocuore_0001_1286C01MP_1286C01MP_1.jpg\",\"width\":1080,\"height\":1080},{\"@type\":\"BreadcrumbList\",\"@id\":\"https:\/\/rexhagold.com\/en\/product\/leaf-collection-diamond-necklace-2\/#breadcrumb\",\"itemListElement\":[{\"@type\":\"ListItem\",\"position\":1,\"name\":\"Home\",\"item\":\"https:\/\/rexhagold.com\/en\/\"},{\"@type\":\"ListItem\",\"position\":2,\"name\":\"Shop\",\"item\":\"https:\/\/rexhagold.com\/en\/shop-2\/\"},{\"@type\":\"ListItem\",\"position\":3,\"name\":\"Leaf Collection Diamond Necklace\"}]},{\"@type\":\"WebSite\",\"@id\":\"https:\/\/rexhagold.com\/#website\",\"url\":\"https:\/\/rexhagold.com\/\",\"name\":\"Rexha Gold Jewelry\",\"description\":\"Rexha Gold\",\"publisher\":{\"@id\":\"https:\/\/rexhagold.com\/#organization\"},\"potentialAction\":[{\"@type\":\"SearchAction\",\"target\":{\"@type\":\"EntryPoint\",\"urlTemplate\":\"https:\/\/rexhagold.com\/?s={search_term_string}\"},\"query-input\":{\"@type\":\"PropertyValueSpecification\",\"valueRequired\":true,\"valueName\":\"search_term_string\"}}],\"inLanguage\":\"en-US\"},{\"@type\":\"Organization\",\"@id\":\"https:\/\/rexhagold.com\/#organization\",\"name\":\"Rexha Gold Jewelry\",\"url\":\"https:\/\/rexhagold.com\/\",\"logo\":{\"@type\":\"ImageObject\",\"inLanguage\":\"en-US\",\"@id\":\"https:\/\/rexhagold.com\/#\/schema\/logo\/image\/\",\"url\":\"https:\/\/rexhagold.com\/wp-content\/uploads\/2022\/04\/rexhagold-black.png\",\"contentUrl\":\"https:\/\/rexhagold.com\/wp-content\/uploads\/2022\/04\/rexhagold-black.png\",\"width\":300,\"height\":278,\"caption\":\"Rexha Gold Jewelry\"},\"image\":{\"@id\":\"https:\/\/rexhagold.com\/#\/schema\/logo\/image\/\"}}]}<\/script>\n<!-- \/ Yoast SEO plugin. -->","yoast_head_json":{"title":"Leaf Collection Diamond Necklace - Rexha Gold","description":"Explore our collection of Leaf Collection Diamond Necklace. Rexha Gold offers the best jewelry made in Italy by the most famous Italian manufacturers.","robots":{"index":"index","follow":"follow","max-snippet":"max-snippet:-1","max-image-preview":"max-image-preview:large","max-video-preview":"max-video-preview:-1"},"canonical":"https:\/\/rexhagold.com\/en\/product\/leaf-collection-diamond-necklace-2\/","og_locale":"en_US","og_type":"article","og_title":"Leaf Collection Diamond Necklace - Rexha Gold","og_description":"Explore our collection of Leaf Collection Diamond Necklace. Rexha Gold offers the best jewelry made in Italy by the most famous Italian manufacturers.","og_url":"https:\/\/rexhagold.com\/en\/product\/leaf-collection-diamond-necklace-2\/","og_site_name":"Rexha Gold","og_image":[{"width":512,"height":512,"url":"https:\/\/rexhagold.com\/wp-content\/uploads\/2023\/05\/cropped-android-chrome-512x512-1.png","type":"image\/png"}],"twitter_card":"summary_large_image","schema":{"@context":"https:\/\/schema.org","@graph":[{"@type":"WebPage","@id":"https:\/\/rexhagold.com\/en\/product\/leaf-collection-diamond-necklace-2\/","url":"https:\/\/rexhagold.com\/en\/product\/leaf-collection-diamond-necklace-2\/","name":"Leaf Collection Diamond Necklace - Rexha Gold","isPartOf":{"@id":"https:\/\/rexhagold.com\/#website"},"primaryImageOfPage":{"@id":"https:\/\/rexhagold.com\/en\/product\/leaf-collection-diamond-necklace-2\/#primaryimage"},"image":{"@id":"https:\/\/rexhagold.com\/en\/product\/leaf-collection-diamond-necklace-2\/#primaryimage"},"thumbnailUrl":"https:\/\/rexhagold.com\/wp-content\/uploads\/2024\/06\/varse-femrash-buonocuore_0001_1286C01MP_1286C01MP_1.jpg","datePublished":"2024-06-24T11:30:33+00:00","description":"Explore our collection of Leaf Collection Diamond Necklace. Rexha Gold offers the best jewelry made in Italy by the most famous Italian manufacturers.","breadcrumb":{"@id":"https:\/\/rexhagold.com\/en\/product\/leaf-collection-diamond-necklace-2\/#breadcrumb"},"inLanguage":"en-US","potentialAction":[{"@type":"ReadAction","target":["https:\/\/rexhagold.com\/en\/product\/leaf-collection-diamond-necklace-2\/"]}]},{"@type":"ImageObject","inLanguage":"en-US","@id":"https:\/\/rexhagold.com\/en\/product\/leaf-collection-diamond-necklace-2\/#primaryimage","url":"https:\/\/rexhagold.com\/wp-content\/uploads\/2024\/06\/varse-femrash-buonocuore_0001_1286C01MP_1286C01MP_1.jpg","contentUrl":"https:\/\/rexhagold.com\/wp-content\/uploads\/2024\/06\/varse-femrash-buonocuore_0001_1286C01MP_1286C01MP_1.jpg","width":1080,"height":1080},{"@type":"BreadcrumbList","@id":"https:\/\/rexhagold.com\/en\/product\/leaf-collection-diamond-necklace-2\/#breadcrumb","itemListElement":[{"@type":"ListItem","position":1,"name":"Home","item":"https:\/\/rexhagold.com\/en\/"},{"@type":"ListItem","position":2,"name":"Shop","item":"https:\/\/rexhagold.com\/en\/shop-2\/"},{"@type":"ListItem","position":3,"name":"Leaf Collection Diamond Necklace"}]},{"@type":"WebSite","@id":"https:\/\/rexhagold.com\/#website","url":"https:\/\/rexhagold.com\/","name":"Rexha Gold Jewelry","description":"Rexha Gold","publisher":{"@id":"https:\/\/rexhagold.com\/#organization"},"potentialAction":[{"@type":"SearchAction","target":{"@type":"EntryPoint","urlTemplate":"https:\/\/rexhagold.com\/?s={search_term_string}"},"query-input":{"@type":"PropertyValueSpecification","valueRequired":true,"valueName":"search_term_string"}}],"inLanguage":"en-US"},{"@type":"Organization","@id":"https:\/\/rexhagold.com\/#organization","name":"Rexha Gold Jewelry","url":"https:\/\/rexhagold.com\/","logo":{"@type":"ImageObject","inLanguage":"en-US","@id":"https:\/\/rexhagold.com\/#\/schema\/logo\/image\/","url":"https:\/\/rexhagold.com\/wp-content\/uploads\/2022\/04\/rexhagold-black.png","contentUrl":"https:\/\/rexhagold.com\/wp-content\/uploads\/2022\/04\/rexhagold-black.png","width":300,"height":278,"caption":"Rexha Gold Jewelry"},"image":{"@id":"https:\/\/rexhagold.com\/#\/schema\/logo\/image\/"}}]}},"_links":{"self":[{"href":"https:\/\/rexhagold.com\/en\/wp-json\/wp\/v2\/product\/10195","targetHints":{"allow":["GET"]}}],"collection":[{"href":"https:\/\/rexhagold.com\/en\/wp-json\/wp\/v2\/product"}],"about":[{"href":"https:\/\/rexhagold.com\/en\/wp-json\/wp\/v2\/types\/product"}],"wp:featuredmedia":[{"embeddable":true,"href":"https:\/\/rexhagold.com\/en\/wp-json\/wp\/v2\/media\/8304"}],"wp:attachment":[{"href":"https:\/\/rexhagold.com\/en\/wp-json\/wp\/v2\/media?parent=10195"}],"wp:term":[{"taxonomy":"product_brand","embeddable":true,"href":"https:\/\/rexhagold.com\/en\/wp-json\/wp\/v2\/product_brand?post=10195"},{"taxonomy":"product_cat","embeddable":true,"href":"https:\/\/rexhagold.com\/en\/wp-json\/wp\/v2\/product_cat?post=10195"},{"taxonomy":"product_tag","embeddable":true,"href":"https:\/\/rexhagold.com\/en\/wp-json\/wp\/v2\/product_tag?post=10195"},{"taxonomy":"berocket_brand","embeddable":true,"href":"https:\/\/rexhagold.com\/en\/wp-json\/wp\/v2\/berocket_brand?post=10195"}],"curies":[{"name":"wp","href":"https:\/\/api.w.org\/{rel}","templated":true}]}}