{"id":10199,"date":"2024-06-24T11:15:45","date_gmt":"2024-06-24T11:15:45","guid":{"rendered":"https:\/\/rexhagold.com\/product\/playful-diamond-ring\/"},"modified":"2024-06-24T11:15:45","modified_gmt":"2024-06-24T11:15:45","slug":"playful-diamond-ring","status":"publish","type":"product","link":"https:\/\/rexhagold.com\/en\/product\/playful-diamond-ring\/","title":{"rendered":"Playful Diamond Ring"},"content":{"rendered":"<p>Unaz\u00eb floriri fejese pjes\u00eb e koleksionit Playful. Punuar n\u00eb m\u00ebnyr\u00eb artizanale n\u00eb flori Rose Gold 18K. Montuar me nj\u00eb Diamant t\u00eb bardh\u00eb Qendror 0.15ct n\u00eb prerje Pear Shape ngjyr\u00eb F, past\u00ebrti VS si dhe Diamant\u00eb Shoq\u00ebrues t\u00eb Bardh\u00eb 0.16ct ngjyr\u00eb F, past\u00ebrti VS.<\/p>\n","protected":false},"excerpt":{"rendered":"<p>Unaz\u00eb floriri fejese pjes\u00eb e koleksionit Playful. Punuar n\u00eb m\u00ebnyr\u00eb artizanale n\u00eb flori Rose Gold 18K. Montuar me nj\u00eb Diamant t\u00eb bardh\u00eb Qendror 0.15ct n\u00eb prerje Pear Shape ngjyr\u00eb F, past\u00ebrti VS si dhe Diamant\u00eb Shoq\u00ebrues t\u00eb Bardh\u00eb 0.16ct ngjyr\u00eb F, past\u00ebrti VS.<\/p>\n","protected":false},"featured_media":8357,"template":"","meta":{"inline_featured_image":false},"product_brand":[],"product_cat":[981,998,994,394,412],"product_tag":[],"berocket_brand":[],"class_list":{"0":"post-10199","1":"product","2":"type-product","3":"status-publish","4":"has-post-thumbnail","6":"product_cat-brande-femra-en","7":"product_cat-fejese-en","8":"product_cat-rexha-gold-brande-femra-en","9":"product_cat-rings","10":"product_cat-women","11":"wpisset-post","12":"wpisset-post-featured","14":"first","15":"instock","16":"shipping-taxable","17":"purchasable","18":"product-type-simple"},"acf":[],"yoast_head":"<!-- This site is optimized with the Yoast SEO plugin v26.5 - https:\/\/yoast.com\/wordpress\/plugins\/seo\/ -->\n<title>Playful Diamond Ring - Rexha Gold<\/title>\n<meta name=\"description\" content=\"Explore our collection of Playful Diamond Ring. Rexha Gold offers the best jewelry made in Italy by the most famous Italian manufacturers.\" \/>\n<meta name=\"robots\" content=\"index, follow, max-snippet:-1, max-image-preview:large, max-video-preview:-1\" \/>\n<link rel=\"canonical\" href=\"https:\/\/rexhagold.com\/en\/product\/playful-diamond-ring\/\" \/>\n<meta property=\"og:locale\" content=\"en_US\" \/>\n<meta property=\"og:type\" content=\"article\" \/>\n<meta property=\"og:title\" content=\"Playful Diamond Ring - Rexha Gold\" \/>\n<meta property=\"og:description\" content=\"Explore our collection of Playful Diamond Ring. Rexha Gold offers the best jewelry made in Italy by the most famous Italian manufacturers.\" \/>\n<meta property=\"og:url\" content=\"https:\/\/rexhagold.com\/en\/product\/playful-diamond-ring\/\" \/>\n<meta property=\"og:site_name\" content=\"Rexha Gold\" \/>\n<meta property=\"og:image\" content=\"https:\/\/rexhagold.com\/wp-content\/uploads\/2023\/05\/cropped-android-chrome-512x512-1.png\" \/>\n\t<meta property=\"og:image:width\" content=\"512\" \/>\n\t<meta property=\"og:image:height\" content=\"512\" \/>\n\t<meta property=\"og:image:type\" content=\"image\/png\" \/>\n<meta name=\"twitter:card\" content=\"summary_large_image\" \/>\n<script type=\"application\/ld+json\" class=\"yoast-schema-graph\">{\"@context\":\"https:\/\/schema.org\",\"@graph\":[{\"@type\":\"WebPage\",\"@id\":\"https:\/\/rexhagold.com\/en\/product\/playful-diamond-ring\/\",\"url\":\"https:\/\/rexhagold.com\/en\/product\/playful-diamond-ring\/\",\"name\":\"Playful Diamond Ring - Rexha Gold\",\"isPartOf\":{\"@id\":\"https:\/\/rexhagold.com\/#website\"},\"primaryImageOfPage\":{\"@id\":\"https:\/\/rexhagold.com\/en\/product\/playful-diamond-ring\/#primaryimage\"},\"image\":{\"@id\":\"https:\/\/rexhagold.com\/en\/product\/playful-diamond-ring\/#primaryimage\"},\"thumbnailUrl\":\"https:\/\/rexhagold.com\/wp-content\/uploads\/2024\/06\/unaza-femrash-buonocuore_0025_1282A01DP_1282A01DP_1.jpg\",\"datePublished\":\"2024-06-24T11:15:45+00:00\",\"description\":\"Explore our collection of Playful Diamond Ring. Rexha Gold offers the best jewelry made in Italy by the most famous Italian manufacturers.\",\"breadcrumb\":{\"@id\":\"https:\/\/rexhagold.com\/en\/product\/playful-diamond-ring\/#breadcrumb\"},\"inLanguage\":\"en-US\",\"potentialAction\":[{\"@type\":\"ReadAction\",\"target\":[\"https:\/\/rexhagold.com\/en\/product\/playful-diamond-ring\/\"]}]},{\"@type\":\"ImageObject\",\"inLanguage\":\"en-US\",\"@id\":\"https:\/\/rexhagold.com\/en\/product\/playful-diamond-ring\/#primaryimage\",\"url\":\"https:\/\/rexhagold.com\/wp-content\/uploads\/2024\/06\/unaza-femrash-buonocuore_0025_1282A01DP_1282A01DP_1.jpg\",\"contentUrl\":\"https:\/\/rexhagold.com\/wp-content\/uploads\/2024\/06\/unaza-femrash-buonocuore_0025_1282A01DP_1282A01DP_1.jpg\",\"width\":1080,\"height\":1080},{\"@type\":\"BreadcrumbList\",\"@id\":\"https:\/\/rexhagold.com\/en\/product\/playful-diamond-ring\/#breadcrumb\",\"itemListElement\":[{\"@type\":\"ListItem\",\"position\":1,\"name\":\"Home\",\"item\":\"https:\/\/rexhagold.com\/en\/\"},{\"@type\":\"ListItem\",\"position\":2,\"name\":\"Shop\",\"item\":\"https:\/\/rexhagold.com\/en\/shop-2\/\"},{\"@type\":\"ListItem\",\"position\":3,\"name\":\"Playful Diamond Ring\"}]},{\"@type\":\"WebSite\",\"@id\":\"https:\/\/rexhagold.com\/#website\",\"url\":\"https:\/\/rexhagold.com\/\",\"name\":\"Rexha Gold Jewelry\",\"description\":\"Rexha Gold\",\"publisher\":{\"@id\":\"https:\/\/rexhagold.com\/#organization\"},\"potentialAction\":[{\"@type\":\"SearchAction\",\"target\":{\"@type\":\"EntryPoint\",\"urlTemplate\":\"https:\/\/rexhagold.com\/?s={search_term_string}\"},\"query-input\":{\"@type\":\"PropertyValueSpecification\",\"valueRequired\":true,\"valueName\":\"search_term_string\"}}],\"inLanguage\":\"en-US\"},{\"@type\":\"Organization\",\"@id\":\"https:\/\/rexhagold.com\/#organization\",\"name\":\"Rexha Gold Jewelry\",\"url\":\"https:\/\/rexhagold.com\/\",\"logo\":{\"@type\":\"ImageObject\",\"inLanguage\":\"en-US\",\"@id\":\"https:\/\/rexhagold.com\/#\/schema\/logo\/image\/\",\"url\":\"https:\/\/rexhagold.com\/wp-content\/uploads\/2022\/04\/rexhagold-black.png\",\"contentUrl\":\"https:\/\/rexhagold.com\/wp-content\/uploads\/2022\/04\/rexhagold-black.png\",\"width\":300,\"height\":278,\"caption\":\"Rexha Gold Jewelry\"},\"image\":{\"@id\":\"https:\/\/rexhagold.com\/#\/schema\/logo\/image\/\"}}]}<\/script>\n<!-- \/ Yoast SEO plugin. -->","yoast_head_json":{"title":"Playful Diamond Ring - Rexha Gold","description":"Explore our collection of Playful Diamond Ring. Rexha Gold offers the best jewelry made in Italy by the most famous Italian manufacturers.","robots":{"index":"index","follow":"follow","max-snippet":"max-snippet:-1","max-image-preview":"max-image-preview:large","max-video-preview":"max-video-preview:-1"},"canonical":"https:\/\/rexhagold.com\/en\/product\/playful-diamond-ring\/","og_locale":"en_US","og_type":"article","og_title":"Playful Diamond Ring - Rexha Gold","og_description":"Explore our collection of Playful Diamond Ring. Rexha Gold offers the best jewelry made in Italy by the most famous Italian manufacturers.","og_url":"https:\/\/rexhagold.com\/en\/product\/playful-diamond-ring\/","og_site_name":"Rexha Gold","og_image":[{"width":512,"height":512,"url":"https:\/\/rexhagold.com\/wp-content\/uploads\/2023\/05\/cropped-android-chrome-512x512-1.png","type":"image\/png"}],"twitter_card":"summary_large_image","schema":{"@context":"https:\/\/schema.org","@graph":[{"@type":"WebPage","@id":"https:\/\/rexhagold.com\/en\/product\/playful-diamond-ring\/","url":"https:\/\/rexhagold.com\/en\/product\/playful-diamond-ring\/","name":"Playful Diamond Ring - Rexha Gold","isPartOf":{"@id":"https:\/\/rexhagold.com\/#website"},"primaryImageOfPage":{"@id":"https:\/\/rexhagold.com\/en\/product\/playful-diamond-ring\/#primaryimage"},"image":{"@id":"https:\/\/rexhagold.com\/en\/product\/playful-diamond-ring\/#primaryimage"},"thumbnailUrl":"https:\/\/rexhagold.com\/wp-content\/uploads\/2024\/06\/unaza-femrash-buonocuore_0025_1282A01DP_1282A01DP_1.jpg","datePublished":"2024-06-24T11:15:45+00:00","description":"Explore our collection of Playful Diamond Ring. Rexha Gold offers the best jewelry made in Italy by the most famous Italian manufacturers.","breadcrumb":{"@id":"https:\/\/rexhagold.com\/en\/product\/playful-diamond-ring\/#breadcrumb"},"inLanguage":"en-US","potentialAction":[{"@type":"ReadAction","target":["https:\/\/rexhagold.com\/en\/product\/playful-diamond-ring\/"]}]},{"@type":"ImageObject","inLanguage":"en-US","@id":"https:\/\/rexhagold.com\/en\/product\/playful-diamond-ring\/#primaryimage","url":"https:\/\/rexhagold.com\/wp-content\/uploads\/2024\/06\/unaza-femrash-buonocuore_0025_1282A01DP_1282A01DP_1.jpg","contentUrl":"https:\/\/rexhagold.com\/wp-content\/uploads\/2024\/06\/unaza-femrash-buonocuore_0025_1282A01DP_1282A01DP_1.jpg","width":1080,"height":1080},{"@type":"BreadcrumbList","@id":"https:\/\/rexhagold.com\/en\/product\/playful-diamond-ring\/#breadcrumb","itemListElement":[{"@type":"ListItem","position":1,"name":"Home","item":"https:\/\/rexhagold.com\/en\/"},{"@type":"ListItem","position":2,"name":"Shop","item":"https:\/\/rexhagold.com\/en\/shop-2\/"},{"@type":"ListItem","position":3,"name":"Playful Diamond Ring"}]},{"@type":"WebSite","@id":"https:\/\/rexhagold.com\/#website","url":"https:\/\/rexhagold.com\/","name":"Rexha Gold Jewelry","description":"Rexha Gold","publisher":{"@id":"https:\/\/rexhagold.com\/#organization"},"potentialAction":[{"@type":"SearchAction","target":{"@type":"EntryPoint","urlTemplate":"https:\/\/rexhagold.com\/?s={search_term_string}"},"query-input":{"@type":"PropertyValueSpecification","valueRequired":true,"valueName":"search_term_string"}}],"inLanguage":"en-US"},{"@type":"Organization","@id":"https:\/\/rexhagold.com\/#organization","name":"Rexha Gold Jewelry","url":"https:\/\/rexhagold.com\/","logo":{"@type":"ImageObject","inLanguage":"en-US","@id":"https:\/\/rexhagold.com\/#\/schema\/logo\/image\/","url":"https:\/\/rexhagold.com\/wp-content\/uploads\/2022\/04\/rexhagold-black.png","contentUrl":"https:\/\/rexhagold.com\/wp-content\/uploads\/2022\/04\/rexhagold-black.png","width":300,"height":278,"caption":"Rexha Gold Jewelry"},"image":{"@id":"https:\/\/rexhagold.com\/#\/schema\/logo\/image\/"}}]}},"_links":{"self":[{"href":"https:\/\/rexhagold.com\/en\/wp-json\/wp\/v2\/product\/10199","targetHints":{"allow":["GET"]}}],"collection":[{"href":"https:\/\/rexhagold.com\/en\/wp-json\/wp\/v2\/product"}],"about":[{"href":"https:\/\/rexhagold.com\/en\/wp-json\/wp\/v2\/types\/product"}],"wp:featuredmedia":[{"embeddable":true,"href":"https:\/\/rexhagold.com\/en\/wp-json\/wp\/v2\/media\/8357"}],"wp:attachment":[{"href":"https:\/\/rexhagold.com\/en\/wp-json\/wp\/v2\/media?parent=10199"}],"wp:term":[{"taxonomy":"product_brand","embeddable":true,"href":"https:\/\/rexhagold.com\/en\/wp-json\/wp\/v2\/product_brand?post=10199"},{"taxonomy":"product_cat","embeddable":true,"href":"https:\/\/rexhagold.com\/en\/wp-json\/wp\/v2\/product_cat?post=10199"},{"taxonomy":"product_tag","embeddable":true,"href":"https:\/\/rexhagold.com\/en\/wp-json\/wp\/v2\/product_tag?post=10199"},{"taxonomy":"berocket_brand","embeddable":true,"href":"https:\/\/rexhagold.com\/en\/wp-json\/wp\/v2\/berocket_brand?post=10199"}],"curies":[{"name":"wp","href":"https:\/\/api.w.org\/{rel}","templated":true}]}}