{"id":10201,"date":"2024-06-24T10:43:02","date_gmt":"2024-06-24T10:43:02","guid":{"rendered":"https:\/\/rexhagold.com\/product\/swing-diamond-ring-2\/"},"modified":"2024-06-24T10:43:02","modified_gmt":"2024-06-24T10:43:02","slug":"swing-diamond-ring-2","status":"publish","type":"product","link":"https:\/\/rexhagold.com\/en\/product\/swing-diamond-ring-2\/","title":{"rendered":"Swing Diamond Ring"},"content":{"rendered":"<p>Unaz\u00eb pjes\u00eb e koleksionit Swing. Punuar n\u00eb m\u00ebnyr\u00eb artizanale n\u00eb flori Rose Gold 18K. Montuar me nj\u00eb Diamant t\u00eb bardh\u00eb Qenndror 0.21ct n\u00eb prerje Emerald ngjyr\u00eb F, past\u00ebrti VS si dhe Diamant\u00eb Shoq\u00ebrues t\u00eb Bardh\u00eb t\u00eb montuar n\u00eb form\u00ebn e nje Halo 0.26ct ngjyr\u00eb F, past\u00ebrti VS.<\/p>\n","protected":false},"excerpt":{"rendered":"<p>Unaz\u00eb pjes\u00eb e koleksionit Swing. Punuar n\u00eb m\u00ebnyr\u00eb artizanale n\u00eb flori Rose Gold 18K. Montuar me nj\u00eb Diamant t\u00eb bardh\u00eb Qenndror 0.21ct n\u00eb prerje Emerald ngjyr\u00eb F, past\u00ebrti VS si dhe Diamant\u00eb Shoq\u00ebrues t\u00eb Bardh\u00eb t\u00eb montuar n\u00eb form\u00ebn e nje Halo 0.26ct ngjyr\u00eb F, past\u00ebrti VS.<\/p>\n","protected":false},"featured_media":8371,"template":"","meta":{"inline_featured_image":false},"product_brand":[],"product_cat":[981,998,994,394,412],"product_tag":[],"berocket_brand":[],"class_list":{"0":"post-10201","1":"product","2":"type-product","3":"status-publish","4":"has-post-thumbnail","6":"product_cat-brande-femra-en","7":"product_cat-fejese-en","8":"product_cat-rexha-gold-brande-femra-en","9":"product_cat-rings","10":"product_cat-women","11":"wpisset-post","12":"wpisset-post-featured","14":"first","15":"instock","16":"shipping-taxable","17":"purchasable","18":"product-type-simple"},"acf":[],"yoast_head":"<!-- This site is optimized with the Yoast SEO plugin v26.5 - https:\/\/yoast.com\/wordpress\/plugins\/seo\/ -->\n<title>Swing Diamond Ring - Rexha Gold<\/title>\n<meta name=\"description\" content=\"Explore our collection of Swing Diamond Ring. Rexha Gold offers the best jewelry made in Italy by the most famous Italian manufacturers.\" \/>\n<meta name=\"robots\" content=\"index, follow, max-snippet:-1, max-image-preview:large, max-video-preview:-1\" \/>\n<link rel=\"canonical\" href=\"https:\/\/rexhagold.com\/en\/product\/swing-diamond-ring-2\/\" \/>\n<meta property=\"og:locale\" content=\"en_US\" \/>\n<meta property=\"og:type\" content=\"article\" \/>\n<meta property=\"og:title\" content=\"Swing Diamond Ring - Rexha Gold\" \/>\n<meta property=\"og:description\" content=\"Explore our collection of Swing Diamond Ring. Rexha Gold offers the best jewelry made in Italy by the most famous Italian manufacturers.\" \/>\n<meta property=\"og:url\" content=\"https:\/\/rexhagold.com\/en\/product\/swing-diamond-ring-2\/\" \/>\n<meta property=\"og:site_name\" content=\"Rexha Gold\" \/>\n<meta property=\"og:image\" content=\"https:\/\/rexhagold.com\/wp-content\/uploads\/2023\/05\/cropped-android-chrome-512x512-1.png\" \/>\n\t<meta property=\"og:image:width\" content=\"512\" \/>\n\t<meta property=\"og:image:height\" content=\"512\" \/>\n\t<meta property=\"og:image:type\" content=\"image\/png\" \/>\n<meta name=\"twitter:card\" content=\"summary_large_image\" \/>\n<script type=\"application\/ld+json\" class=\"yoast-schema-graph\">{\"@context\":\"https:\/\/schema.org\",\"@graph\":[{\"@type\":\"WebPage\",\"@id\":\"https:\/\/rexhagold.com\/en\/product\/swing-diamond-ring-2\/\",\"url\":\"https:\/\/rexhagold.com\/en\/product\/swing-diamond-ring-2\/\",\"name\":\"Swing Diamond Ring - Rexha Gold\",\"isPartOf\":{\"@id\":\"https:\/\/rexhagold.com\/#website\"},\"primaryImageOfPage\":{\"@id\":\"https:\/\/rexhagold.com\/en\/product\/swing-diamond-ring-2\/#primaryimage\"},\"image\":{\"@id\":\"https:\/\/rexhagold.com\/en\/product\/swing-diamond-ring-2\/#primaryimage\"},\"thumbnailUrl\":\"https:\/\/rexhagold.com\/wp-content\/uploads\/2024\/06\/unaza-femrash-buonocuore_0001_715A01DP_715A01DP_1.jpg\",\"datePublished\":\"2024-06-24T10:43:02+00:00\",\"description\":\"Explore our collection of Swing Diamond Ring. Rexha Gold offers the best jewelry made in Italy by the most famous Italian manufacturers.\",\"breadcrumb\":{\"@id\":\"https:\/\/rexhagold.com\/en\/product\/swing-diamond-ring-2\/#breadcrumb\"},\"inLanguage\":\"en-US\",\"potentialAction\":[{\"@type\":\"ReadAction\",\"target\":[\"https:\/\/rexhagold.com\/en\/product\/swing-diamond-ring-2\/\"]}]},{\"@type\":\"ImageObject\",\"inLanguage\":\"en-US\",\"@id\":\"https:\/\/rexhagold.com\/en\/product\/swing-diamond-ring-2\/#primaryimage\",\"url\":\"https:\/\/rexhagold.com\/wp-content\/uploads\/2024\/06\/unaza-femrash-buonocuore_0001_715A01DP_715A01DP_1.jpg\",\"contentUrl\":\"https:\/\/rexhagold.com\/wp-content\/uploads\/2024\/06\/unaza-femrash-buonocuore_0001_715A01DP_715A01DP_1.jpg\",\"width\":1080,\"height\":1080},{\"@type\":\"BreadcrumbList\",\"@id\":\"https:\/\/rexhagold.com\/en\/product\/swing-diamond-ring-2\/#breadcrumb\",\"itemListElement\":[{\"@type\":\"ListItem\",\"position\":1,\"name\":\"Home\",\"item\":\"https:\/\/rexhagold.com\/en\/\"},{\"@type\":\"ListItem\",\"position\":2,\"name\":\"Shop\",\"item\":\"https:\/\/rexhagold.com\/en\/shop-2\/\"},{\"@type\":\"ListItem\",\"position\":3,\"name\":\"Swing Diamond Ring\"}]},{\"@type\":\"WebSite\",\"@id\":\"https:\/\/rexhagold.com\/#website\",\"url\":\"https:\/\/rexhagold.com\/\",\"name\":\"Rexha Gold Jewelry\",\"description\":\"Rexha Gold\",\"publisher\":{\"@id\":\"https:\/\/rexhagold.com\/#organization\"},\"potentialAction\":[{\"@type\":\"SearchAction\",\"target\":{\"@type\":\"EntryPoint\",\"urlTemplate\":\"https:\/\/rexhagold.com\/?s={search_term_string}\"},\"query-input\":{\"@type\":\"PropertyValueSpecification\",\"valueRequired\":true,\"valueName\":\"search_term_string\"}}],\"inLanguage\":\"en-US\"},{\"@type\":\"Organization\",\"@id\":\"https:\/\/rexhagold.com\/#organization\",\"name\":\"Rexha Gold Jewelry\",\"url\":\"https:\/\/rexhagold.com\/\",\"logo\":{\"@type\":\"ImageObject\",\"inLanguage\":\"en-US\",\"@id\":\"https:\/\/rexhagold.com\/#\/schema\/logo\/image\/\",\"url\":\"https:\/\/rexhagold.com\/wp-content\/uploads\/2022\/04\/rexhagold-black.png\",\"contentUrl\":\"https:\/\/rexhagold.com\/wp-content\/uploads\/2022\/04\/rexhagold-black.png\",\"width\":300,\"height\":278,\"caption\":\"Rexha Gold Jewelry\"},\"image\":{\"@id\":\"https:\/\/rexhagold.com\/#\/schema\/logo\/image\/\"}}]}<\/script>\n<!-- \/ Yoast SEO plugin. -->","yoast_head_json":{"title":"Swing Diamond Ring - Rexha Gold","description":"Explore our collection of Swing Diamond Ring. Rexha Gold offers the best jewelry made in Italy by the most famous Italian manufacturers.","robots":{"index":"index","follow":"follow","max-snippet":"max-snippet:-1","max-image-preview":"max-image-preview:large","max-video-preview":"max-video-preview:-1"},"canonical":"https:\/\/rexhagold.com\/en\/product\/swing-diamond-ring-2\/","og_locale":"en_US","og_type":"article","og_title":"Swing Diamond Ring - Rexha Gold","og_description":"Explore our collection of Swing Diamond Ring. Rexha Gold offers the best jewelry made in Italy by the most famous Italian manufacturers.","og_url":"https:\/\/rexhagold.com\/en\/product\/swing-diamond-ring-2\/","og_site_name":"Rexha Gold","og_image":[{"width":512,"height":512,"url":"https:\/\/rexhagold.com\/wp-content\/uploads\/2023\/05\/cropped-android-chrome-512x512-1.png","type":"image\/png"}],"twitter_card":"summary_large_image","schema":{"@context":"https:\/\/schema.org","@graph":[{"@type":"WebPage","@id":"https:\/\/rexhagold.com\/en\/product\/swing-diamond-ring-2\/","url":"https:\/\/rexhagold.com\/en\/product\/swing-diamond-ring-2\/","name":"Swing Diamond Ring - Rexha Gold","isPartOf":{"@id":"https:\/\/rexhagold.com\/#website"},"primaryImageOfPage":{"@id":"https:\/\/rexhagold.com\/en\/product\/swing-diamond-ring-2\/#primaryimage"},"image":{"@id":"https:\/\/rexhagold.com\/en\/product\/swing-diamond-ring-2\/#primaryimage"},"thumbnailUrl":"https:\/\/rexhagold.com\/wp-content\/uploads\/2024\/06\/unaza-femrash-buonocuore_0001_715A01DP_715A01DP_1.jpg","datePublished":"2024-06-24T10:43:02+00:00","description":"Explore our collection of Swing Diamond Ring. Rexha Gold offers the best jewelry made in Italy by the most famous Italian manufacturers.","breadcrumb":{"@id":"https:\/\/rexhagold.com\/en\/product\/swing-diamond-ring-2\/#breadcrumb"},"inLanguage":"en-US","potentialAction":[{"@type":"ReadAction","target":["https:\/\/rexhagold.com\/en\/product\/swing-diamond-ring-2\/"]}]},{"@type":"ImageObject","inLanguage":"en-US","@id":"https:\/\/rexhagold.com\/en\/product\/swing-diamond-ring-2\/#primaryimage","url":"https:\/\/rexhagold.com\/wp-content\/uploads\/2024\/06\/unaza-femrash-buonocuore_0001_715A01DP_715A01DP_1.jpg","contentUrl":"https:\/\/rexhagold.com\/wp-content\/uploads\/2024\/06\/unaza-femrash-buonocuore_0001_715A01DP_715A01DP_1.jpg","width":1080,"height":1080},{"@type":"BreadcrumbList","@id":"https:\/\/rexhagold.com\/en\/product\/swing-diamond-ring-2\/#breadcrumb","itemListElement":[{"@type":"ListItem","position":1,"name":"Home","item":"https:\/\/rexhagold.com\/en\/"},{"@type":"ListItem","position":2,"name":"Shop","item":"https:\/\/rexhagold.com\/en\/shop-2\/"},{"@type":"ListItem","position":3,"name":"Swing Diamond Ring"}]},{"@type":"WebSite","@id":"https:\/\/rexhagold.com\/#website","url":"https:\/\/rexhagold.com\/","name":"Rexha Gold Jewelry","description":"Rexha Gold","publisher":{"@id":"https:\/\/rexhagold.com\/#organization"},"potentialAction":[{"@type":"SearchAction","target":{"@type":"EntryPoint","urlTemplate":"https:\/\/rexhagold.com\/?s={search_term_string}"},"query-input":{"@type":"PropertyValueSpecification","valueRequired":true,"valueName":"search_term_string"}}],"inLanguage":"en-US"},{"@type":"Organization","@id":"https:\/\/rexhagold.com\/#organization","name":"Rexha Gold Jewelry","url":"https:\/\/rexhagold.com\/","logo":{"@type":"ImageObject","inLanguage":"en-US","@id":"https:\/\/rexhagold.com\/#\/schema\/logo\/image\/","url":"https:\/\/rexhagold.com\/wp-content\/uploads\/2022\/04\/rexhagold-black.png","contentUrl":"https:\/\/rexhagold.com\/wp-content\/uploads\/2022\/04\/rexhagold-black.png","width":300,"height":278,"caption":"Rexha Gold Jewelry"},"image":{"@id":"https:\/\/rexhagold.com\/#\/schema\/logo\/image\/"}}]}},"_links":{"self":[{"href":"https:\/\/rexhagold.com\/en\/wp-json\/wp\/v2\/product\/10201","targetHints":{"allow":["GET"]}}],"collection":[{"href":"https:\/\/rexhagold.com\/en\/wp-json\/wp\/v2\/product"}],"about":[{"href":"https:\/\/rexhagold.com\/en\/wp-json\/wp\/v2\/types\/product"}],"wp:featuredmedia":[{"embeddable":true,"href":"https:\/\/rexhagold.com\/en\/wp-json\/wp\/v2\/media\/8371"}],"wp:attachment":[{"href":"https:\/\/rexhagold.com\/en\/wp-json\/wp\/v2\/media?parent=10201"}],"wp:term":[{"taxonomy":"product_brand","embeddable":true,"href":"https:\/\/rexhagold.com\/en\/wp-json\/wp\/v2\/product_brand?post=10201"},{"taxonomy":"product_cat","embeddable":true,"href":"https:\/\/rexhagold.com\/en\/wp-json\/wp\/v2\/product_cat?post=10201"},{"taxonomy":"product_tag","embeddable":true,"href":"https:\/\/rexhagold.com\/en\/wp-json\/wp\/v2\/product_tag?post=10201"},{"taxonomy":"berocket_brand","embeddable":true,"href":"https:\/\/rexhagold.com\/en\/wp-json\/wp\/v2\/berocket_brand?post=10201"}],"curies":[{"name":"wp","href":"https:\/\/api.w.org\/{rel}","templated":true}]}}