{"id":10203,"date":"2024-06-24T10:38:26","date_gmt":"2024-06-24T10:38:26","guid":{"rendered":"https:\/\/rexhagold.com\/product\/heart-hope-diamond-ring\/"},"modified":"2024-06-24T10:38:26","modified_gmt":"2024-06-24T10:38:26","slug":"heart-hope-diamond-ring","status":"publish","type":"product","link":"https:\/\/rexhagold.com\/en\/product\/heart-hope-diamond-ring\/","title":{"rendered":"Heart Hope Diamond Ring"},"content":{"rendered":"<p>Unaz\u00eb pjes\u00eb e koleksionit Hope. Punuar n\u00eb m\u00ebnyr\u00eb artizanale n\u00eb flori Rose Gold 18K. Montuar n\u00eb stil Eternity me motive zemre, me 0.05ct Diamant\u00eb t\u00eb Bardh\u00eb n\u00eb prerje Brilante ngjyr\u00eb F, past\u00ebrti VS.<\/p>\n","protected":false},"excerpt":{"rendered":"<p>Unaz\u00eb pjes\u00eb e koleksionit Hope. Punuar n\u00eb m\u00ebnyr\u00eb artizanale n\u00eb flori Rose Gold 18K. Montuar n\u00eb stil Eternity me motive zemre, me 0.05ct Diamant\u00eb t\u00eb Bardh\u00eb n\u00eb prerje Brilante ngjyr\u00eb F, past\u00ebrti VS.<\/p>\n","protected":false},"featured_media":8369,"template":"","meta":{"inline_featured_image":false},"product_brand":[],"product_cat":[981,1016,994,394,412],"product_tag":[],"berocket_brand":[],"class_list":{"0":"post-10203","1":"product","2":"type-product","3":"status-publish","4":"has-post-thumbnail","6":"product_cat-brande-femra-en","7":"product_cat-eternity-en","8":"product_cat-rexha-gold-brande-femra-en","9":"product_cat-rings","10":"product_cat-women","11":"wpisset-post","12":"wpisset-post-featured","14":"first","15":"instock","16":"shipping-taxable","17":"purchasable","18":"product-type-simple"},"acf":[],"yoast_head":"<!-- This site is optimized with the Yoast SEO plugin v26.5 - https:\/\/yoast.com\/wordpress\/plugins\/seo\/ -->\n<title>Heart Hope Diamond Ring - Rexha Gold<\/title>\n<meta name=\"description\" content=\"Explore our collection of Heart Hope Diamond Ring. Rexha Gold offers the best jewelry made in Italy by the most famous Italian manufacturers.\" \/>\n<meta name=\"robots\" content=\"index, follow, max-snippet:-1, max-image-preview:large, max-video-preview:-1\" \/>\n<link rel=\"canonical\" href=\"https:\/\/rexhagold.com\/en\/product\/heart-hope-diamond-ring\/\" \/>\n<meta property=\"og:locale\" content=\"en_US\" \/>\n<meta property=\"og:type\" content=\"article\" \/>\n<meta property=\"og:title\" content=\"Heart Hope Diamond Ring - Rexha Gold\" \/>\n<meta property=\"og:description\" content=\"Explore our collection of Heart Hope Diamond Ring. Rexha Gold offers the best jewelry made in Italy by the most famous Italian manufacturers.\" \/>\n<meta property=\"og:url\" content=\"https:\/\/rexhagold.com\/en\/product\/heart-hope-diamond-ring\/\" \/>\n<meta property=\"og:site_name\" content=\"Rexha Gold\" \/>\n<meta property=\"og:image\" content=\"https:\/\/rexhagold.com\/wp-content\/uploads\/2023\/05\/cropped-android-chrome-512x512-1.png\" \/>\n\t<meta property=\"og:image:width\" content=\"512\" \/>\n\t<meta property=\"og:image:height\" content=\"512\" \/>\n\t<meta property=\"og:image:type\" content=\"image\/png\" \/>\n<meta name=\"twitter:card\" content=\"summary_large_image\" \/>\n<script type=\"application\/ld+json\" class=\"yoast-schema-graph\">{\"@context\":\"https:\/\/schema.org\",\"@graph\":[{\"@type\":\"WebPage\",\"@id\":\"https:\/\/rexhagold.com\/en\/product\/heart-hope-diamond-ring\/\",\"url\":\"https:\/\/rexhagold.com\/en\/product\/heart-hope-diamond-ring\/\",\"name\":\"Heart Hope Diamond Ring - Rexha Gold\",\"isPartOf\":{\"@id\":\"https:\/\/rexhagold.com\/#website\"},\"primaryImageOfPage\":{\"@id\":\"https:\/\/rexhagold.com\/en\/product\/heart-hope-diamond-ring\/#primaryimage\"},\"image\":{\"@id\":\"https:\/\/rexhagold.com\/en\/product\/heart-hope-diamond-ring\/#primaryimage\"},\"thumbnailUrl\":\"https:\/\/rexhagold.com\/wp-content\/uploads\/2024\/06\/unaza-femrash-buonocuore_0050_963A01DP_963A01DP_1.jpg\",\"datePublished\":\"2024-06-24T10:38:26+00:00\",\"description\":\"Explore our collection of Heart Hope Diamond Ring. Rexha Gold offers the best jewelry made in Italy by the most famous Italian manufacturers.\",\"breadcrumb\":{\"@id\":\"https:\/\/rexhagold.com\/en\/product\/heart-hope-diamond-ring\/#breadcrumb\"},\"inLanguage\":\"en-US\",\"potentialAction\":[{\"@type\":\"ReadAction\",\"target\":[\"https:\/\/rexhagold.com\/en\/product\/heart-hope-diamond-ring\/\"]}]},{\"@type\":\"ImageObject\",\"inLanguage\":\"en-US\",\"@id\":\"https:\/\/rexhagold.com\/en\/product\/heart-hope-diamond-ring\/#primaryimage\",\"url\":\"https:\/\/rexhagold.com\/wp-content\/uploads\/2024\/06\/unaza-femrash-buonocuore_0050_963A01DP_963A01DP_1.jpg\",\"contentUrl\":\"https:\/\/rexhagold.com\/wp-content\/uploads\/2024\/06\/unaza-femrash-buonocuore_0050_963A01DP_963A01DP_1.jpg\",\"width\":1080,\"height\":1080},{\"@type\":\"BreadcrumbList\",\"@id\":\"https:\/\/rexhagold.com\/en\/product\/heart-hope-diamond-ring\/#breadcrumb\",\"itemListElement\":[{\"@type\":\"ListItem\",\"position\":1,\"name\":\"Home\",\"item\":\"https:\/\/rexhagold.com\/en\/\"},{\"@type\":\"ListItem\",\"position\":2,\"name\":\"Shop\",\"item\":\"https:\/\/rexhagold.com\/en\/shop-2\/\"},{\"@type\":\"ListItem\",\"position\":3,\"name\":\"Heart Hope Diamond Ring\"}]},{\"@type\":\"WebSite\",\"@id\":\"https:\/\/rexhagold.com\/#website\",\"url\":\"https:\/\/rexhagold.com\/\",\"name\":\"Rexha Gold Jewelry\",\"description\":\"Rexha Gold\",\"publisher\":{\"@id\":\"https:\/\/rexhagold.com\/#organization\"},\"potentialAction\":[{\"@type\":\"SearchAction\",\"target\":{\"@type\":\"EntryPoint\",\"urlTemplate\":\"https:\/\/rexhagold.com\/?s={search_term_string}\"},\"query-input\":{\"@type\":\"PropertyValueSpecification\",\"valueRequired\":true,\"valueName\":\"search_term_string\"}}],\"inLanguage\":\"en-US\"},{\"@type\":\"Organization\",\"@id\":\"https:\/\/rexhagold.com\/#organization\",\"name\":\"Rexha Gold Jewelry\",\"url\":\"https:\/\/rexhagold.com\/\",\"logo\":{\"@type\":\"ImageObject\",\"inLanguage\":\"en-US\",\"@id\":\"https:\/\/rexhagold.com\/#\/schema\/logo\/image\/\",\"url\":\"https:\/\/rexhagold.com\/wp-content\/uploads\/2022\/04\/rexhagold-black.png\",\"contentUrl\":\"https:\/\/rexhagold.com\/wp-content\/uploads\/2022\/04\/rexhagold-black.png\",\"width\":300,\"height\":278,\"caption\":\"Rexha Gold Jewelry\"},\"image\":{\"@id\":\"https:\/\/rexhagold.com\/#\/schema\/logo\/image\/\"}}]}<\/script>\n<!-- \/ Yoast SEO plugin. -->","yoast_head_json":{"title":"Heart Hope Diamond Ring - Rexha Gold","description":"Explore our collection of Heart Hope Diamond Ring. Rexha Gold offers the best jewelry made in Italy by the most famous Italian manufacturers.","robots":{"index":"index","follow":"follow","max-snippet":"max-snippet:-1","max-image-preview":"max-image-preview:large","max-video-preview":"max-video-preview:-1"},"canonical":"https:\/\/rexhagold.com\/en\/product\/heart-hope-diamond-ring\/","og_locale":"en_US","og_type":"article","og_title":"Heart Hope Diamond Ring - Rexha Gold","og_description":"Explore our collection of Heart Hope Diamond Ring. Rexha Gold offers the best jewelry made in Italy by the most famous Italian manufacturers.","og_url":"https:\/\/rexhagold.com\/en\/product\/heart-hope-diamond-ring\/","og_site_name":"Rexha Gold","og_image":[{"width":512,"height":512,"url":"https:\/\/rexhagold.com\/wp-content\/uploads\/2023\/05\/cropped-android-chrome-512x512-1.png","type":"image\/png"}],"twitter_card":"summary_large_image","schema":{"@context":"https:\/\/schema.org","@graph":[{"@type":"WebPage","@id":"https:\/\/rexhagold.com\/en\/product\/heart-hope-diamond-ring\/","url":"https:\/\/rexhagold.com\/en\/product\/heart-hope-diamond-ring\/","name":"Heart Hope Diamond Ring - Rexha Gold","isPartOf":{"@id":"https:\/\/rexhagold.com\/#website"},"primaryImageOfPage":{"@id":"https:\/\/rexhagold.com\/en\/product\/heart-hope-diamond-ring\/#primaryimage"},"image":{"@id":"https:\/\/rexhagold.com\/en\/product\/heart-hope-diamond-ring\/#primaryimage"},"thumbnailUrl":"https:\/\/rexhagold.com\/wp-content\/uploads\/2024\/06\/unaza-femrash-buonocuore_0050_963A01DP_963A01DP_1.jpg","datePublished":"2024-06-24T10:38:26+00:00","description":"Explore our collection of Heart Hope Diamond Ring. Rexha Gold offers the best jewelry made in Italy by the most famous Italian manufacturers.","breadcrumb":{"@id":"https:\/\/rexhagold.com\/en\/product\/heart-hope-diamond-ring\/#breadcrumb"},"inLanguage":"en-US","potentialAction":[{"@type":"ReadAction","target":["https:\/\/rexhagold.com\/en\/product\/heart-hope-diamond-ring\/"]}]},{"@type":"ImageObject","inLanguage":"en-US","@id":"https:\/\/rexhagold.com\/en\/product\/heart-hope-diamond-ring\/#primaryimage","url":"https:\/\/rexhagold.com\/wp-content\/uploads\/2024\/06\/unaza-femrash-buonocuore_0050_963A01DP_963A01DP_1.jpg","contentUrl":"https:\/\/rexhagold.com\/wp-content\/uploads\/2024\/06\/unaza-femrash-buonocuore_0050_963A01DP_963A01DP_1.jpg","width":1080,"height":1080},{"@type":"BreadcrumbList","@id":"https:\/\/rexhagold.com\/en\/product\/heart-hope-diamond-ring\/#breadcrumb","itemListElement":[{"@type":"ListItem","position":1,"name":"Home","item":"https:\/\/rexhagold.com\/en\/"},{"@type":"ListItem","position":2,"name":"Shop","item":"https:\/\/rexhagold.com\/en\/shop-2\/"},{"@type":"ListItem","position":3,"name":"Heart Hope Diamond Ring"}]},{"@type":"WebSite","@id":"https:\/\/rexhagold.com\/#website","url":"https:\/\/rexhagold.com\/","name":"Rexha Gold Jewelry","description":"Rexha Gold","publisher":{"@id":"https:\/\/rexhagold.com\/#organization"},"potentialAction":[{"@type":"SearchAction","target":{"@type":"EntryPoint","urlTemplate":"https:\/\/rexhagold.com\/?s={search_term_string}"},"query-input":{"@type":"PropertyValueSpecification","valueRequired":true,"valueName":"search_term_string"}}],"inLanguage":"en-US"},{"@type":"Organization","@id":"https:\/\/rexhagold.com\/#organization","name":"Rexha Gold Jewelry","url":"https:\/\/rexhagold.com\/","logo":{"@type":"ImageObject","inLanguage":"en-US","@id":"https:\/\/rexhagold.com\/#\/schema\/logo\/image\/","url":"https:\/\/rexhagold.com\/wp-content\/uploads\/2022\/04\/rexhagold-black.png","contentUrl":"https:\/\/rexhagold.com\/wp-content\/uploads\/2022\/04\/rexhagold-black.png","width":300,"height":278,"caption":"Rexha Gold Jewelry"},"image":{"@id":"https:\/\/rexhagold.com\/#\/schema\/logo\/image\/"}}]}},"_links":{"self":[{"href":"https:\/\/rexhagold.com\/en\/wp-json\/wp\/v2\/product\/10203","targetHints":{"allow":["GET"]}}],"collection":[{"href":"https:\/\/rexhagold.com\/en\/wp-json\/wp\/v2\/product"}],"about":[{"href":"https:\/\/rexhagold.com\/en\/wp-json\/wp\/v2\/types\/product"}],"wp:featuredmedia":[{"embeddable":true,"href":"https:\/\/rexhagold.com\/en\/wp-json\/wp\/v2\/media\/8369"}],"wp:attachment":[{"href":"https:\/\/rexhagold.com\/en\/wp-json\/wp\/v2\/media?parent=10203"}],"wp:term":[{"taxonomy":"product_brand","embeddable":true,"href":"https:\/\/rexhagold.com\/en\/wp-json\/wp\/v2\/product_brand?post=10203"},{"taxonomy":"product_cat","embeddable":true,"href":"https:\/\/rexhagold.com\/en\/wp-json\/wp\/v2\/product_cat?post=10203"},{"taxonomy":"product_tag","embeddable":true,"href":"https:\/\/rexhagold.com\/en\/wp-json\/wp\/v2\/product_tag?post=10203"},{"taxonomy":"berocket_brand","embeddable":true,"href":"https:\/\/rexhagold.com\/en\/wp-json\/wp\/v2\/berocket_brand?post=10203"}],"curies":[{"name":"wp","href":"https:\/\/api.w.org\/{rel}","templated":true}]}}