{"id":10335,"date":"2024-01-13T12:15:51","date_gmt":"2024-01-13T12:15:51","guid":{"rendered":"https:\/\/rexhagold.com\/product\/visconti-hs-lotus-garden-limited-edition\/"},"modified":"2024-01-13T12:15:51","modified_gmt":"2024-01-13T12:15:51","slug":"visconti-hs-lotus-garden-limited-edition","status":"publish","type":"product","link":"https:\/\/rexhagold.com\/en\/product\/visconti-hs-lotus-garden-limited-edition\/","title":{"rendered":"Visconti HS Lotus Garden &#8211; Limited Edition"},"content":{"rendered":"<p>Visconti p\u00ebrs\u00ebri frymohet nga burimet e pambarueshme t\u00eb natyr\u00ebs: koleksioni Homo Sapiens Lotus Garden sjell me vete magjin\u00eb dhe misterin e lules s\u00eb lotusit, n\u00eb nj\u00eb edicion t\u00eb limituar me 888 cop\u00eb.<\/p>\n<p>Lulja e lotusit \u00ebsht\u00eb njohur n\u00eb shum\u00eb kultura si nj\u00eb simbol i rinjindjes, forc\u00ebs dhe past\u00ebrtis\u00eb. Kuptimi spiritual i saj del n\u00eb mendje kur e imagjinojm\u00eb k\u00ebt\u00eb lule t\u00eb shk\u00eblqyer, me rr\u00ebnj\u00ebt e saj t\u00eb mb\u00ebshtjella n\u00eb balt\u00eb, p\u00ebrmbytur \u00e7do nat\u00eb n\u00eb ujin e lumit, rilind mrekullisht n\u00eb m\u00ebngjesin e ardhsh\u00ebm, duke shk\u00eblqyer n\u00eb m\u00ebnyr\u00eb t\u00eb past\u00ebr. Forca e krijimit \u00ebsht\u00eb n\u00eb ADN e saj, pik\u00ebrisht ashtu si\u00e7 \u00ebsht\u00eb edhe te ne: Homo Sapiens, Njeriu i Men\u00e7ur.<\/p>\n","protected":false},"excerpt":{"rendered":"<p>Visconti p\u00ebrs\u00ebri frymohet nga burimet e pambarueshme t\u00eb natyr\u00ebs: koleksioni Homo Sapiens Lotus Garden sjell me vete magjin\u00eb dhe misterin e lules s\u00eb lotusit, n\u00eb nj\u00eb edicion t\u00eb limituar me 888 cop\u00eb. Lulja e lotusit \u00ebsht\u00eb njohur n\u00eb shum\u00eb kultura si nj\u00eb simbol i rinjindjes, forc\u00ebs dhe past\u00ebrtis\u00eb. Kuptimi spiritual i saj del n\u00eb mendje [&hellip;]<\/p>\n","protected":false},"featured_media":7133,"template":"","meta":{"inline_featured_image":false},"product_brand":[],"product_cat":[409,1026],"product_tag":[],"berocket_brand":[],"class_list":{"0":"post-10335","1":"product","2":"type-product","3":"status-publish","4":"has-post-thumbnail","6":"product_cat-gifts-en","7":"product_cat-stilograf-visconti-en","8":"wpisset-post","9":"wpisset-post-featured","10":"wpisset-woo-has-gallery","12":"first","13":"instock","14":"shipping-taxable","15":"purchasable","16":"product-type-simple"},"acf":[],"yoast_head":"<!-- This site is optimized with the Yoast SEO plugin v26.5 - https:\/\/yoast.com\/wordpress\/plugins\/seo\/ -->\n<title>Visconti HS Lotus Garden - Limited Edition - Rexha Gold<\/title>\n<meta name=\"description\" content=\"Explore our collection of Visconti HS Lotus Garden - Limited Edition. Rexha Gold offers the best jewelry made in Italy by the most famous Italian manufacturers.\" \/>\n<meta name=\"robots\" content=\"index, follow, max-snippet:-1, max-image-preview:large, max-video-preview:-1\" \/>\n<link rel=\"canonical\" href=\"https:\/\/rexhagold.com\/en\/product\/visconti-hs-lotus-garden-limited-edition\/\" \/>\n<meta property=\"og:locale\" content=\"en_US\" \/>\n<meta property=\"og:type\" content=\"article\" \/>\n<meta property=\"og:title\" content=\"Visconti HS Lotus Garden - Limited Edition - Rexha Gold\" \/>\n<meta property=\"og:description\" content=\"Explore our collection of Visconti HS Lotus Garden - Limited Edition. Rexha Gold offers the best jewelry made in Italy by the most famous Italian manufacturers.\" \/>\n<meta property=\"og:url\" content=\"https:\/\/rexhagold.com\/en\/product\/visconti-hs-lotus-garden-limited-edition\/\" \/>\n<meta property=\"og:site_name\" content=\"Rexha Gold\" \/>\n<meta property=\"og:image\" content=\"https:\/\/rexhagold.com\/wp-content\/uploads\/2023\/05\/cropped-android-chrome-512x512-1.png\" \/>\n\t<meta property=\"og:image:width\" content=\"512\" \/>\n\t<meta property=\"og:image:height\" content=\"512\" \/>\n\t<meta property=\"og:image:type\" content=\"image\/png\" \/>\n<meta name=\"twitter:card\" content=\"summary_large_image\" \/>\n<meta name=\"twitter:label1\" content=\"Est. reading time\" \/>\n\t<meta name=\"twitter:data1\" content=\"1 minute\" \/>\n<script type=\"application\/ld+json\" class=\"yoast-schema-graph\">{\"@context\":\"https:\/\/schema.org\",\"@graph\":[{\"@type\":\"WebPage\",\"@id\":\"https:\/\/rexhagold.com\/en\/product\/visconti-hs-lotus-garden-limited-edition\/\",\"url\":\"https:\/\/rexhagold.com\/en\/product\/visconti-hs-lotus-garden-limited-edition\/\",\"name\":\"Visconti HS Lotus Garden - Limited Edition - Rexha Gold\",\"isPartOf\":{\"@id\":\"https:\/\/rexhagold.com\/#website\"},\"primaryImageOfPage\":{\"@id\":\"https:\/\/rexhagold.com\/en\/product\/visconti-hs-lotus-garden-limited-edition\/#primaryimage\"},\"image\":{\"@id\":\"https:\/\/rexhagold.com\/en\/product\/visconti-hs-lotus-garden-limited-edition\/#primaryimage\"},\"thumbnailUrl\":\"https:\/\/rexhagold.com\/wp-content\/uploads\/2024\/01\/Homo-sapiens-lotus-garden.jpg\",\"datePublished\":\"2024-01-13T12:15:51+00:00\",\"description\":\"Explore our collection of Visconti HS Lotus Garden - Limited Edition. Rexha Gold offers the best jewelry made in Italy by the most famous Italian manufacturers.\",\"breadcrumb\":{\"@id\":\"https:\/\/rexhagold.com\/en\/product\/visconti-hs-lotus-garden-limited-edition\/#breadcrumb\"},\"inLanguage\":\"en-US\",\"potentialAction\":[{\"@type\":\"ReadAction\",\"target\":[\"https:\/\/rexhagold.com\/en\/product\/visconti-hs-lotus-garden-limited-edition\/\"]}]},{\"@type\":\"ImageObject\",\"inLanguage\":\"en-US\",\"@id\":\"https:\/\/rexhagold.com\/en\/product\/visconti-hs-lotus-garden-limited-edition\/#primaryimage\",\"url\":\"https:\/\/rexhagold.com\/wp-content\/uploads\/2024\/01\/Homo-sapiens-lotus-garden.jpg\",\"contentUrl\":\"https:\/\/rexhagold.com\/wp-content\/uploads\/2024\/01\/Homo-sapiens-lotus-garden.jpg\",\"width\":1080,\"height\":1080},{\"@type\":\"BreadcrumbList\",\"@id\":\"https:\/\/rexhagold.com\/en\/product\/visconti-hs-lotus-garden-limited-edition\/#breadcrumb\",\"itemListElement\":[{\"@type\":\"ListItem\",\"position\":1,\"name\":\"Home\",\"item\":\"https:\/\/rexhagold.com\/en\/\"},{\"@type\":\"ListItem\",\"position\":2,\"name\":\"Shop\",\"item\":\"https:\/\/rexhagold.com\/en\/shop-2\/\"},{\"@type\":\"ListItem\",\"position\":3,\"name\":\"Visconti HS Lotus Garden &#8211; Limited Edition\"}]},{\"@type\":\"WebSite\",\"@id\":\"https:\/\/rexhagold.com\/#website\",\"url\":\"https:\/\/rexhagold.com\/\",\"name\":\"Rexha Gold Jewelry\",\"description\":\"Rexha Gold\",\"publisher\":{\"@id\":\"https:\/\/rexhagold.com\/#organization\"},\"potentialAction\":[{\"@type\":\"SearchAction\",\"target\":{\"@type\":\"EntryPoint\",\"urlTemplate\":\"https:\/\/rexhagold.com\/?s={search_term_string}\"},\"query-input\":{\"@type\":\"PropertyValueSpecification\",\"valueRequired\":true,\"valueName\":\"search_term_string\"}}],\"inLanguage\":\"en-US\"},{\"@type\":\"Organization\",\"@id\":\"https:\/\/rexhagold.com\/#organization\",\"name\":\"Rexha Gold Jewelry\",\"url\":\"https:\/\/rexhagold.com\/\",\"logo\":{\"@type\":\"ImageObject\",\"inLanguage\":\"en-US\",\"@id\":\"https:\/\/rexhagold.com\/#\/schema\/logo\/image\/\",\"url\":\"https:\/\/rexhagold.com\/wp-content\/uploads\/2022\/04\/rexhagold-black.png\",\"contentUrl\":\"https:\/\/rexhagold.com\/wp-content\/uploads\/2022\/04\/rexhagold-black.png\",\"width\":300,\"height\":278,\"caption\":\"Rexha Gold Jewelry\"},\"image\":{\"@id\":\"https:\/\/rexhagold.com\/#\/schema\/logo\/image\/\"}}]}<\/script>\n<!-- \/ Yoast SEO plugin. -->","yoast_head_json":{"title":"Visconti HS Lotus Garden - Limited Edition - Rexha Gold","description":"Explore our collection of Visconti HS Lotus Garden - Limited Edition. Rexha Gold offers the best jewelry made in Italy by the most famous Italian manufacturers.","robots":{"index":"index","follow":"follow","max-snippet":"max-snippet:-1","max-image-preview":"max-image-preview:large","max-video-preview":"max-video-preview:-1"},"canonical":"https:\/\/rexhagold.com\/en\/product\/visconti-hs-lotus-garden-limited-edition\/","og_locale":"en_US","og_type":"article","og_title":"Visconti HS Lotus Garden - Limited Edition - Rexha Gold","og_description":"Explore our collection of Visconti HS Lotus Garden - Limited Edition. Rexha Gold offers the best jewelry made in Italy by the most famous Italian manufacturers.","og_url":"https:\/\/rexhagold.com\/en\/product\/visconti-hs-lotus-garden-limited-edition\/","og_site_name":"Rexha Gold","og_image":[{"width":512,"height":512,"url":"https:\/\/rexhagold.com\/wp-content\/uploads\/2023\/05\/cropped-android-chrome-512x512-1.png","type":"image\/png"}],"twitter_card":"summary_large_image","twitter_misc":{"Est. reading time":"1 minute"},"schema":{"@context":"https:\/\/schema.org","@graph":[{"@type":"WebPage","@id":"https:\/\/rexhagold.com\/en\/product\/visconti-hs-lotus-garden-limited-edition\/","url":"https:\/\/rexhagold.com\/en\/product\/visconti-hs-lotus-garden-limited-edition\/","name":"Visconti HS Lotus Garden - Limited Edition - Rexha Gold","isPartOf":{"@id":"https:\/\/rexhagold.com\/#website"},"primaryImageOfPage":{"@id":"https:\/\/rexhagold.com\/en\/product\/visconti-hs-lotus-garden-limited-edition\/#primaryimage"},"image":{"@id":"https:\/\/rexhagold.com\/en\/product\/visconti-hs-lotus-garden-limited-edition\/#primaryimage"},"thumbnailUrl":"https:\/\/rexhagold.com\/wp-content\/uploads\/2024\/01\/Homo-sapiens-lotus-garden.jpg","datePublished":"2024-01-13T12:15:51+00:00","description":"Explore our collection of Visconti HS Lotus Garden - Limited Edition. Rexha Gold offers the best jewelry made in Italy by the most famous Italian manufacturers.","breadcrumb":{"@id":"https:\/\/rexhagold.com\/en\/product\/visconti-hs-lotus-garden-limited-edition\/#breadcrumb"},"inLanguage":"en-US","potentialAction":[{"@type":"ReadAction","target":["https:\/\/rexhagold.com\/en\/product\/visconti-hs-lotus-garden-limited-edition\/"]}]},{"@type":"ImageObject","inLanguage":"en-US","@id":"https:\/\/rexhagold.com\/en\/product\/visconti-hs-lotus-garden-limited-edition\/#primaryimage","url":"https:\/\/rexhagold.com\/wp-content\/uploads\/2024\/01\/Homo-sapiens-lotus-garden.jpg","contentUrl":"https:\/\/rexhagold.com\/wp-content\/uploads\/2024\/01\/Homo-sapiens-lotus-garden.jpg","width":1080,"height":1080},{"@type":"BreadcrumbList","@id":"https:\/\/rexhagold.com\/en\/product\/visconti-hs-lotus-garden-limited-edition\/#breadcrumb","itemListElement":[{"@type":"ListItem","position":1,"name":"Home","item":"https:\/\/rexhagold.com\/en\/"},{"@type":"ListItem","position":2,"name":"Shop","item":"https:\/\/rexhagold.com\/en\/shop-2\/"},{"@type":"ListItem","position":3,"name":"Visconti HS Lotus Garden &#8211; Limited Edition"}]},{"@type":"WebSite","@id":"https:\/\/rexhagold.com\/#website","url":"https:\/\/rexhagold.com\/","name":"Rexha Gold Jewelry","description":"Rexha Gold","publisher":{"@id":"https:\/\/rexhagold.com\/#organization"},"potentialAction":[{"@type":"SearchAction","target":{"@type":"EntryPoint","urlTemplate":"https:\/\/rexhagold.com\/?s={search_term_string}"},"query-input":{"@type":"PropertyValueSpecification","valueRequired":true,"valueName":"search_term_string"}}],"inLanguage":"en-US"},{"@type":"Organization","@id":"https:\/\/rexhagold.com\/#organization","name":"Rexha Gold Jewelry","url":"https:\/\/rexhagold.com\/","logo":{"@type":"ImageObject","inLanguage":"en-US","@id":"https:\/\/rexhagold.com\/#\/schema\/logo\/image\/","url":"https:\/\/rexhagold.com\/wp-content\/uploads\/2022\/04\/rexhagold-black.png","contentUrl":"https:\/\/rexhagold.com\/wp-content\/uploads\/2022\/04\/rexhagold-black.png","width":300,"height":278,"caption":"Rexha Gold Jewelry"},"image":{"@id":"https:\/\/rexhagold.com\/#\/schema\/logo\/image\/"}}]}},"_links":{"self":[{"href":"https:\/\/rexhagold.com\/en\/wp-json\/wp\/v2\/product\/10335","targetHints":{"allow":["GET"]}}],"collection":[{"href":"https:\/\/rexhagold.com\/en\/wp-json\/wp\/v2\/product"}],"about":[{"href":"https:\/\/rexhagold.com\/en\/wp-json\/wp\/v2\/types\/product"}],"wp:featuredmedia":[{"embeddable":true,"href":"https:\/\/rexhagold.com\/en\/wp-json\/wp\/v2\/media\/7133"}],"wp:attachment":[{"href":"https:\/\/rexhagold.com\/en\/wp-json\/wp\/v2\/media?parent=10335"}],"wp:term":[{"taxonomy":"product_brand","embeddable":true,"href":"https:\/\/rexhagold.com\/en\/wp-json\/wp\/v2\/product_brand?post=10335"},{"taxonomy":"product_cat","embeddable":true,"href":"https:\/\/rexhagold.com\/en\/wp-json\/wp\/v2\/product_cat?post=10335"},{"taxonomy":"product_tag","embeddable":true,"href":"https:\/\/rexhagold.com\/en\/wp-json\/wp\/v2\/product_tag?post=10335"},{"taxonomy":"berocket_brand","embeddable":true,"href":"https:\/\/rexhagold.com\/en\/wp-json\/wp\/v2\/berocket_brand?post=10335"}],"curies":[{"name":"wp","href":"https:\/\/api.w.org\/{rel}","templated":true}]}}