{"id":11206,"date":"2025-04-11T16:11:18","date_gmt":"2025-04-11T16:11:18","guid":{"rendered":"https:\/\/rexhagold.com\/?post_type=product&#038;p=11206"},"modified":"2025-04-11T16:11:19","modified_gmt":"2025-04-11T16:11:19","slug":"pearl-diamond-necklace","status":"publish","type":"product","link":"https:\/\/rexhagold.com\/en\/product\/pearl-diamond-necklace\/","title":{"rendered":"Pearl Diamond Necklace"},"content":{"rendered":"<p>Var\u00ebse me perla nga Mikiko, pjes\u00eb e koleksionit Pearls. Punuar n\u00eb m\u00ebnyr\u00eb artizanale n\u00eb flori t\u00eb verdh\u00eb 18K, montuar me perla natyrale ne dimensione 5.5-6mm dhe 8-8.5mm.<\/p>\n","protected":false},"excerpt":{"rendered":"<p>Var\u00ebse me perla nga Mikiko, pjes\u00eb e koleksionit Pearls. Punuar n\u00eb m\u00ebnyr\u00eb artizanale n\u00eb flori t\u00eb verdh\u00eb 18K, montuar me perla natyrale ne dimensione 5.5-6mm dhe 8-8.5mm.<\/p>\n","protected":false},"featured_media":11207,"template":"","meta":{"inline_featured_image":false},"product_brand":[],"product_cat":[940,22,841,944,47],"product_tag":[],"berocket_brand":[],"class_list":{"0":"post-11206","1":"product","2":"type-product","3":"status-publish","4":"has-post-thumbnail","6":"product_cat-brande-femra","7":"product_cat-femra","8":"product_cat-flori-varese","9":"product_cat-mikiko","10":"product_cat-varese","11":"wpisset-post","12":"wpisset-post-featured","14":"first","15":"instock","16":"shipping-taxable","17":"purchasable","18":"product-type-simple"},"acf":[],"yoast_head":"<!-- This site is optimized with the Yoast SEO plugin v26.5 - https:\/\/yoast.com\/wordpress\/plugins\/seo\/ -->\n<title>Pearl Diamond Necklace - Rexha Gold<\/title>\n<meta name=\"description\" content=\"Explore our collection of Pearl Diamond Necklace. Rexha Gold offers the best jewelry made in Italy by the most famous Italian manufacturers.\" \/>\n<meta name=\"robots\" content=\"index, follow, max-snippet:-1, max-image-preview:large, max-video-preview:-1\" \/>\n<link rel=\"canonical\" href=\"https:\/\/rexhagold.com\/produkti\/pearl-diamond-necklace\/\" \/>\n<meta property=\"og:locale\" content=\"en_US\" \/>\n<meta property=\"og:type\" content=\"article\" \/>\n<meta property=\"og:title\" content=\"Pearl Diamond Necklace - Rexha Gold\" \/>\n<meta property=\"og:description\" content=\"Explore our collection of Pearl Diamond Necklace. Rexha Gold offers the best jewelry made in Italy by the most famous Italian manufacturers.\" \/>\n<meta property=\"og:url\" content=\"https:\/\/rexhagold.com\/produkti\/pearl-diamond-necklace\/\" \/>\n<meta property=\"og:site_name\" content=\"Rexha Gold\" \/>\n<meta property=\"article:modified_time\" content=\"2025-04-11T16:11:19+00:00\" \/>\n<meta property=\"og:image\" content=\"https:\/\/rexhagold.com\/wp-content\/uploads\/2025\/04\/WDG_0007_MC1557O1FCBI055.jpg\" \/>\n\t<meta property=\"og:image:width\" content=\"1080\" \/>\n\t<meta property=\"og:image:height\" content=\"1080\" \/>\n\t<meta property=\"og:image:type\" content=\"image\/jpeg\" \/>\n<meta name=\"twitter:card\" content=\"summary_large_image\" \/>\n<meta name=\"twitter:label1\" content=\"Est. reading time\" \/>\n\t<meta name=\"twitter:data1\" content=\"1 minute\" \/>\n<script type=\"application\/ld+json\" class=\"yoast-schema-graph\">{\"@context\":\"https:\/\/schema.org\",\"@graph\":[{\"@type\":\"WebPage\",\"@id\":\"https:\/\/rexhagold.com\/produkti\/pearl-diamond-necklace\/\",\"url\":\"https:\/\/rexhagold.com\/produkti\/pearl-diamond-necklace\/\",\"name\":\"Pearl Diamond Necklace - Rexha Gold\",\"isPartOf\":{\"@id\":\"https:\/\/rexhagold.com\/#website\"},\"primaryImageOfPage\":{\"@id\":\"https:\/\/rexhagold.com\/produkti\/pearl-diamond-necklace\/#primaryimage\"},\"image\":{\"@id\":\"https:\/\/rexhagold.com\/produkti\/pearl-diamond-necklace\/#primaryimage\"},\"thumbnailUrl\":\"https:\/\/rexhagold.com\/wp-content\/uploads\/2025\/04\/WDG_0007_MC1557O1FCBI055.jpg\",\"datePublished\":\"2025-04-11T16:11:18+00:00\",\"dateModified\":\"2025-04-11T16:11:19+00:00\",\"description\":\"Explore our collection of Pearl Diamond Necklace. Rexha Gold offers the best jewelry made in Italy by the most famous Italian manufacturers.\",\"breadcrumb\":{\"@id\":\"https:\/\/rexhagold.com\/produkti\/pearl-diamond-necklace\/#breadcrumb\"},\"inLanguage\":\"en-US\",\"potentialAction\":[{\"@type\":\"ReadAction\",\"target\":[\"https:\/\/rexhagold.com\/produkti\/pearl-diamond-necklace\/\"]}]},{\"@type\":\"ImageObject\",\"inLanguage\":\"en-US\",\"@id\":\"https:\/\/rexhagold.com\/produkti\/pearl-diamond-necklace\/#primaryimage\",\"url\":\"https:\/\/rexhagold.com\/wp-content\/uploads\/2025\/04\/WDG_0007_MC1557O1FCBI055.jpg\",\"contentUrl\":\"https:\/\/rexhagold.com\/wp-content\/uploads\/2025\/04\/WDG_0007_MC1557O1FCBI055.jpg\",\"width\":1080,\"height\":1080},{\"@type\":\"BreadcrumbList\",\"@id\":\"https:\/\/rexhagold.com\/produkti\/pearl-diamond-necklace\/#breadcrumb\",\"itemListElement\":[{\"@type\":\"ListItem\",\"position\":1,\"name\":\"Home\",\"item\":\"https:\/\/rexhagold.com\/en\/\"},{\"@type\":\"ListItem\",\"position\":2,\"name\":\"Shop\",\"item\":\"https:\/\/rexhagold.com\/en\/shop-2\/\"},{\"@type\":\"ListItem\",\"position\":3,\"name\":\"Pearl Diamond Necklace\"}]},{\"@type\":\"WebSite\",\"@id\":\"https:\/\/rexhagold.com\/#website\",\"url\":\"https:\/\/rexhagold.com\/\",\"name\":\"Rexha Gold Jewelry\",\"description\":\"Rexha Gold\",\"publisher\":{\"@id\":\"https:\/\/rexhagold.com\/#organization\"},\"potentialAction\":[{\"@type\":\"SearchAction\",\"target\":{\"@type\":\"EntryPoint\",\"urlTemplate\":\"https:\/\/rexhagold.com\/?s={search_term_string}\"},\"query-input\":{\"@type\":\"PropertyValueSpecification\",\"valueRequired\":true,\"valueName\":\"search_term_string\"}}],\"inLanguage\":\"en-US\"},{\"@type\":\"Organization\",\"@id\":\"https:\/\/rexhagold.com\/#organization\",\"name\":\"Rexha Gold Jewelry\",\"url\":\"https:\/\/rexhagold.com\/\",\"logo\":{\"@type\":\"ImageObject\",\"inLanguage\":\"en-US\",\"@id\":\"https:\/\/rexhagold.com\/#\/schema\/logo\/image\/\",\"url\":\"https:\/\/rexhagold.com\/wp-content\/uploads\/2022\/04\/rexhagold-black.png\",\"contentUrl\":\"https:\/\/rexhagold.com\/wp-content\/uploads\/2022\/04\/rexhagold-black.png\",\"width\":300,\"height\":278,\"caption\":\"Rexha Gold Jewelry\"},\"image\":{\"@id\":\"https:\/\/rexhagold.com\/#\/schema\/logo\/image\/\"}}]}<\/script>\n<!-- \/ Yoast SEO plugin. -->","yoast_head_json":{"title":"Pearl Diamond Necklace - Rexha Gold","description":"Explore our collection of Pearl Diamond Necklace. Rexha Gold offers the best jewelry made in Italy by the most famous Italian manufacturers.","robots":{"index":"index","follow":"follow","max-snippet":"max-snippet:-1","max-image-preview":"max-image-preview:large","max-video-preview":"max-video-preview:-1"},"canonical":"https:\/\/rexhagold.com\/produkti\/pearl-diamond-necklace\/","og_locale":"en_US","og_type":"article","og_title":"Pearl Diamond Necklace - Rexha Gold","og_description":"Explore our collection of Pearl Diamond Necklace. Rexha Gold offers the best jewelry made in Italy by the most famous Italian manufacturers.","og_url":"https:\/\/rexhagold.com\/produkti\/pearl-diamond-necklace\/","og_site_name":"Rexha Gold","article_modified_time":"2025-04-11T16:11:19+00:00","og_image":[{"width":1080,"height":1080,"url":"https:\/\/rexhagold.com\/wp-content\/uploads\/2025\/04\/WDG_0007_MC1557O1FCBI055.jpg","type":"image\/jpeg"}],"twitter_card":"summary_large_image","twitter_misc":{"Est. reading time":"1 minute"},"schema":{"@context":"https:\/\/schema.org","@graph":[{"@type":"WebPage","@id":"https:\/\/rexhagold.com\/produkti\/pearl-diamond-necklace\/","url":"https:\/\/rexhagold.com\/produkti\/pearl-diamond-necklace\/","name":"Pearl Diamond Necklace - Rexha Gold","isPartOf":{"@id":"https:\/\/rexhagold.com\/#website"},"primaryImageOfPage":{"@id":"https:\/\/rexhagold.com\/produkti\/pearl-diamond-necklace\/#primaryimage"},"image":{"@id":"https:\/\/rexhagold.com\/produkti\/pearl-diamond-necklace\/#primaryimage"},"thumbnailUrl":"https:\/\/rexhagold.com\/wp-content\/uploads\/2025\/04\/WDG_0007_MC1557O1FCBI055.jpg","datePublished":"2025-04-11T16:11:18+00:00","dateModified":"2025-04-11T16:11:19+00:00","description":"Explore our collection of Pearl Diamond Necklace. Rexha Gold offers the best jewelry made in Italy by the most famous Italian manufacturers.","breadcrumb":{"@id":"https:\/\/rexhagold.com\/produkti\/pearl-diamond-necklace\/#breadcrumb"},"inLanguage":"en-US","potentialAction":[{"@type":"ReadAction","target":["https:\/\/rexhagold.com\/produkti\/pearl-diamond-necklace\/"]}]},{"@type":"ImageObject","inLanguage":"en-US","@id":"https:\/\/rexhagold.com\/produkti\/pearl-diamond-necklace\/#primaryimage","url":"https:\/\/rexhagold.com\/wp-content\/uploads\/2025\/04\/WDG_0007_MC1557O1FCBI055.jpg","contentUrl":"https:\/\/rexhagold.com\/wp-content\/uploads\/2025\/04\/WDG_0007_MC1557O1FCBI055.jpg","width":1080,"height":1080},{"@type":"BreadcrumbList","@id":"https:\/\/rexhagold.com\/produkti\/pearl-diamond-necklace\/#breadcrumb","itemListElement":[{"@type":"ListItem","position":1,"name":"Home","item":"https:\/\/rexhagold.com\/en\/"},{"@type":"ListItem","position":2,"name":"Shop","item":"https:\/\/rexhagold.com\/en\/shop-2\/"},{"@type":"ListItem","position":3,"name":"Pearl Diamond Necklace"}]},{"@type":"WebSite","@id":"https:\/\/rexhagold.com\/#website","url":"https:\/\/rexhagold.com\/","name":"Rexha Gold Jewelry","description":"Rexha Gold","publisher":{"@id":"https:\/\/rexhagold.com\/#organization"},"potentialAction":[{"@type":"SearchAction","target":{"@type":"EntryPoint","urlTemplate":"https:\/\/rexhagold.com\/?s={search_term_string}"},"query-input":{"@type":"PropertyValueSpecification","valueRequired":true,"valueName":"search_term_string"}}],"inLanguage":"en-US"},{"@type":"Organization","@id":"https:\/\/rexhagold.com\/#organization","name":"Rexha Gold Jewelry","url":"https:\/\/rexhagold.com\/","logo":{"@type":"ImageObject","inLanguage":"en-US","@id":"https:\/\/rexhagold.com\/#\/schema\/logo\/image\/","url":"https:\/\/rexhagold.com\/wp-content\/uploads\/2022\/04\/rexhagold-black.png","contentUrl":"https:\/\/rexhagold.com\/wp-content\/uploads\/2022\/04\/rexhagold-black.png","width":300,"height":278,"caption":"Rexha Gold Jewelry"},"image":{"@id":"https:\/\/rexhagold.com\/#\/schema\/logo\/image\/"}}]}},"_links":{"self":[{"href":"https:\/\/rexhagold.com\/en\/wp-json\/wp\/v2\/product\/11206","targetHints":{"allow":["GET"]}}],"collection":[{"href":"https:\/\/rexhagold.com\/en\/wp-json\/wp\/v2\/product"}],"about":[{"href":"https:\/\/rexhagold.com\/en\/wp-json\/wp\/v2\/types\/product"}],"wp:featuredmedia":[{"embeddable":true,"href":"https:\/\/rexhagold.com\/en\/wp-json\/wp\/v2\/media\/11207"}],"wp:attachment":[{"href":"https:\/\/rexhagold.com\/en\/wp-json\/wp\/v2\/media?parent=11206"}],"wp:term":[{"taxonomy":"product_brand","embeddable":true,"href":"https:\/\/rexhagold.com\/en\/wp-json\/wp\/v2\/product_brand?post=11206"},{"taxonomy":"product_cat","embeddable":true,"href":"https:\/\/rexhagold.com\/en\/wp-json\/wp\/v2\/product_cat?post=11206"},{"taxonomy":"product_tag","embeddable":true,"href":"https:\/\/rexhagold.com\/en\/wp-json\/wp\/v2\/product_tag?post=11206"},{"taxonomy":"berocket_brand","embeddable":true,"href":"https:\/\/rexhagold.com\/en\/wp-json\/wp\/v2\/berocket_brand?post=11206"}],"curies":[{"name":"wp","href":"https:\/\/api.w.org\/{rel}","templated":true}]}}