{"id":11571,"date":"2025-06-16T09:30:55","date_gmt":"2025-06-16T09:30:55","guid":{"rendered":"https:\/\/rexhagold.com\/?post_type=product&#038;p=11571"},"modified":"2025-06-16T09:44:50","modified_gmt":"2025-06-16T09:44:50","slug":"diamond-engagement-ring-63","status":"publish","type":"product","link":"https:\/\/rexhagold.com\/en\/product\/diamond-engagement-ring-63\/","title":{"rendered":"Diamond Engagement Ring"},"content":{"rendered":"<p>Unaz\u00eb Fejese punuar n\u00eb m\u00ebnyr\u00eb artizanale n\u00eb flori Rose Gold, montuar me nj\u00eb Diamant Natyral q\u00ebndror Brown n\u00eb prerje Radiant 0.51ct past\u00ebrti VS si dhe nj\u00eb halo me diamant\u00eb t\u00eb bardh\u00eb 0.05ct ngjyr\u00eb F, past\u00ebrti VS. \u00c7do krijim i Rexha Gold mban brenda t\u00eb montuar nj\u00eb rubin t\u00eb fsheht\u00eb si simbol i standardit ton\u00eb. Masa 14.<\/p>\n","protected":false},"excerpt":{"rendered":"<p>Unaz\u00eb Fejese punuar n\u00eb m\u00ebnyr\u00eb artizanale n\u00eb flori Rose Gold, montuar me nj\u00eb Diamant Natyral q\u00ebndror Brown n\u00eb prerje Radiant 0.51ct past\u00ebrti VS si dhe nj\u00eb halo me diamant\u00eb t\u00eb bardh\u00eb 0.05ct ngjyr\u00eb F, past\u00ebrti VS. \u00c7do krijim i Rexha Gold mban brenda t\u00eb montuar nj\u00eb rubin t\u00eb fsheht\u00eb si simbol i standardit ton\u00eb. Masa [&hellip;]<\/p>\n","protected":false},"featured_media":11572,"template":"","meta":{"inline_featured_image":false},"product_brand":[],"product_cat":[940,946,22,969,48],"product_tag":[],"berocket_brand":[],"class_list":{"0":"post-11571","1":"product","2":"type-product","3":"status-publish","4":"has-post-thumbnail","6":"product_cat-brande-femra","7":"product_cat-fejese","8":"product_cat-femra","9":"product_cat-rexha-gold-brande-femra","10":"product_cat-unaza","11":"wpisset-post","12":"wpisset-post-featured","13":"wpisset-woo-has-gallery","15":"first","16":"instock","17":"shipping-taxable","18":"purchasable","19":"product-type-simple"},"acf":[],"yoast_head":"<!-- This site is optimized with the Yoast SEO plugin v26.5 - https:\/\/yoast.com\/wordpress\/plugins\/seo\/ -->\n<title>Diamond Engagement Ring - Rexha Gold<\/title>\n<meta name=\"description\" content=\"Explore our collection of Diamond Engagement Ring. Rexha Gold offers the best jewelry made in Italy by the most famous Italian manufacturers.\" \/>\n<meta name=\"robots\" content=\"index, follow, max-snippet:-1, max-image-preview:large, max-video-preview:-1\" \/>\n<link rel=\"canonical\" href=\"https:\/\/rexhagold.com\/produkti\/diamond-engagement-ring-63\/\" \/>\n<meta property=\"og:locale\" content=\"en_US\" \/>\n<meta property=\"og:type\" content=\"article\" \/>\n<meta property=\"og:title\" content=\"Diamond Engagement Ring - Rexha Gold\" \/>\n<meta property=\"og:description\" content=\"Explore our collection of Diamond Engagement Ring. Rexha Gold offers the best jewelry made in Italy by the most famous Italian manufacturers.\" \/>\n<meta property=\"og:url\" content=\"https:\/\/rexhagold.com\/produkti\/diamond-engagement-ring-63\/\" \/>\n<meta property=\"og:site_name\" content=\"Rexha Gold\" \/>\n<meta property=\"article:modified_time\" content=\"2025-06-16T09:44:50+00:00\" \/>\n<meta property=\"og:image\" content=\"https:\/\/rexhagold.com\/wp-content\/uploads\/2025\/06\/finished-prill_0012_0741-.jpg\" \/>\n\t<meta property=\"og:image:width\" content=\"1080\" \/>\n\t<meta property=\"og:image:height\" content=\"1080\" \/>\n\t<meta property=\"og:image:type\" content=\"image\/jpeg\" \/>\n<meta name=\"twitter:card\" content=\"summary_large_image\" \/>\n<meta name=\"twitter:label1\" content=\"Est. reading time\" \/>\n\t<meta name=\"twitter:data1\" content=\"1 minute\" \/>\n<script type=\"application\/ld+json\" class=\"yoast-schema-graph\">{\"@context\":\"https:\/\/schema.org\",\"@graph\":[{\"@type\":\"WebPage\",\"@id\":\"https:\/\/rexhagold.com\/produkti\/diamond-engagement-ring-63\/\",\"url\":\"https:\/\/rexhagold.com\/produkti\/diamond-engagement-ring-63\/\",\"name\":\"Diamond Engagement Ring - Rexha Gold\",\"isPartOf\":{\"@id\":\"https:\/\/rexhagold.com\/#website\"},\"primaryImageOfPage\":{\"@id\":\"https:\/\/rexhagold.com\/produkti\/diamond-engagement-ring-63\/#primaryimage\"},\"image\":{\"@id\":\"https:\/\/rexhagold.com\/produkti\/diamond-engagement-ring-63\/#primaryimage\"},\"thumbnailUrl\":\"https:\/\/rexhagold.com\/wp-content\/uploads\/2025\/06\/finished-prill_0012_0741-.jpg\",\"datePublished\":\"2025-06-16T09:30:55+00:00\",\"dateModified\":\"2025-06-16T09:44:50+00:00\",\"description\":\"Explore our collection of Diamond Engagement Ring. Rexha Gold offers the best jewelry made in Italy by the most famous Italian manufacturers.\",\"breadcrumb\":{\"@id\":\"https:\/\/rexhagold.com\/produkti\/diamond-engagement-ring-63\/#breadcrumb\"},\"inLanguage\":\"en-US\",\"potentialAction\":[{\"@type\":\"ReadAction\",\"target\":[\"https:\/\/rexhagold.com\/produkti\/diamond-engagement-ring-63\/\"]}]},{\"@type\":\"ImageObject\",\"inLanguage\":\"en-US\",\"@id\":\"https:\/\/rexhagold.com\/produkti\/diamond-engagement-ring-63\/#primaryimage\",\"url\":\"https:\/\/rexhagold.com\/wp-content\/uploads\/2025\/06\/finished-prill_0012_0741-.jpg\",\"contentUrl\":\"https:\/\/rexhagold.com\/wp-content\/uploads\/2025\/06\/finished-prill_0012_0741-.jpg\",\"width\":1080,\"height\":1080},{\"@type\":\"BreadcrumbList\",\"@id\":\"https:\/\/rexhagold.com\/produkti\/diamond-engagement-ring-63\/#breadcrumb\",\"itemListElement\":[{\"@type\":\"ListItem\",\"position\":1,\"name\":\"Home\",\"item\":\"https:\/\/rexhagold.com\/en\/\"},{\"@type\":\"ListItem\",\"position\":2,\"name\":\"Shop\",\"item\":\"https:\/\/rexhagold.com\/en\/shop-2\/\"},{\"@type\":\"ListItem\",\"position\":3,\"name\":\"Diamond Engagement Ring\"}]},{\"@type\":\"WebSite\",\"@id\":\"https:\/\/rexhagold.com\/#website\",\"url\":\"https:\/\/rexhagold.com\/\",\"name\":\"Rexha Gold Jewelry\",\"description\":\"Rexha Gold\",\"publisher\":{\"@id\":\"https:\/\/rexhagold.com\/#organization\"},\"potentialAction\":[{\"@type\":\"SearchAction\",\"target\":{\"@type\":\"EntryPoint\",\"urlTemplate\":\"https:\/\/rexhagold.com\/?s={search_term_string}\"},\"query-input\":{\"@type\":\"PropertyValueSpecification\",\"valueRequired\":true,\"valueName\":\"search_term_string\"}}],\"inLanguage\":\"en-US\"},{\"@type\":\"Organization\",\"@id\":\"https:\/\/rexhagold.com\/#organization\",\"name\":\"Rexha Gold Jewelry\",\"url\":\"https:\/\/rexhagold.com\/\",\"logo\":{\"@type\":\"ImageObject\",\"inLanguage\":\"en-US\",\"@id\":\"https:\/\/rexhagold.com\/#\/schema\/logo\/image\/\",\"url\":\"https:\/\/rexhagold.com\/wp-content\/uploads\/2022\/04\/rexhagold-black.png\",\"contentUrl\":\"https:\/\/rexhagold.com\/wp-content\/uploads\/2022\/04\/rexhagold-black.png\",\"width\":300,\"height\":278,\"caption\":\"Rexha Gold Jewelry\"},\"image\":{\"@id\":\"https:\/\/rexhagold.com\/#\/schema\/logo\/image\/\"}}]}<\/script>\n<!-- \/ Yoast SEO plugin. -->","yoast_head_json":{"title":"Diamond Engagement Ring - Rexha Gold","description":"Explore our collection of Diamond Engagement Ring. Rexha Gold offers the best jewelry made in Italy by the most famous Italian manufacturers.","robots":{"index":"index","follow":"follow","max-snippet":"max-snippet:-1","max-image-preview":"max-image-preview:large","max-video-preview":"max-video-preview:-1"},"canonical":"https:\/\/rexhagold.com\/produkti\/diamond-engagement-ring-63\/","og_locale":"en_US","og_type":"article","og_title":"Diamond Engagement Ring - Rexha Gold","og_description":"Explore our collection of Diamond Engagement Ring. Rexha Gold offers the best jewelry made in Italy by the most famous Italian manufacturers.","og_url":"https:\/\/rexhagold.com\/produkti\/diamond-engagement-ring-63\/","og_site_name":"Rexha Gold","article_modified_time":"2025-06-16T09:44:50+00:00","og_image":[{"width":1080,"height":1080,"url":"https:\/\/rexhagold.com\/wp-content\/uploads\/2025\/06\/finished-prill_0012_0741-.jpg","type":"image\/jpeg"}],"twitter_card":"summary_large_image","twitter_misc":{"Est. reading time":"1 minute"},"schema":{"@context":"https:\/\/schema.org","@graph":[{"@type":"WebPage","@id":"https:\/\/rexhagold.com\/produkti\/diamond-engagement-ring-63\/","url":"https:\/\/rexhagold.com\/produkti\/diamond-engagement-ring-63\/","name":"Diamond Engagement Ring - Rexha Gold","isPartOf":{"@id":"https:\/\/rexhagold.com\/#website"},"primaryImageOfPage":{"@id":"https:\/\/rexhagold.com\/produkti\/diamond-engagement-ring-63\/#primaryimage"},"image":{"@id":"https:\/\/rexhagold.com\/produkti\/diamond-engagement-ring-63\/#primaryimage"},"thumbnailUrl":"https:\/\/rexhagold.com\/wp-content\/uploads\/2025\/06\/finished-prill_0012_0741-.jpg","datePublished":"2025-06-16T09:30:55+00:00","dateModified":"2025-06-16T09:44:50+00:00","description":"Explore our collection of Diamond Engagement Ring. Rexha Gold offers the best jewelry made in Italy by the most famous Italian manufacturers.","breadcrumb":{"@id":"https:\/\/rexhagold.com\/produkti\/diamond-engagement-ring-63\/#breadcrumb"},"inLanguage":"en-US","potentialAction":[{"@type":"ReadAction","target":["https:\/\/rexhagold.com\/produkti\/diamond-engagement-ring-63\/"]}]},{"@type":"ImageObject","inLanguage":"en-US","@id":"https:\/\/rexhagold.com\/produkti\/diamond-engagement-ring-63\/#primaryimage","url":"https:\/\/rexhagold.com\/wp-content\/uploads\/2025\/06\/finished-prill_0012_0741-.jpg","contentUrl":"https:\/\/rexhagold.com\/wp-content\/uploads\/2025\/06\/finished-prill_0012_0741-.jpg","width":1080,"height":1080},{"@type":"BreadcrumbList","@id":"https:\/\/rexhagold.com\/produkti\/diamond-engagement-ring-63\/#breadcrumb","itemListElement":[{"@type":"ListItem","position":1,"name":"Home","item":"https:\/\/rexhagold.com\/en\/"},{"@type":"ListItem","position":2,"name":"Shop","item":"https:\/\/rexhagold.com\/en\/shop-2\/"},{"@type":"ListItem","position":3,"name":"Diamond Engagement Ring"}]},{"@type":"WebSite","@id":"https:\/\/rexhagold.com\/#website","url":"https:\/\/rexhagold.com\/","name":"Rexha Gold Jewelry","description":"Rexha Gold","publisher":{"@id":"https:\/\/rexhagold.com\/#organization"},"potentialAction":[{"@type":"SearchAction","target":{"@type":"EntryPoint","urlTemplate":"https:\/\/rexhagold.com\/?s={search_term_string}"},"query-input":{"@type":"PropertyValueSpecification","valueRequired":true,"valueName":"search_term_string"}}],"inLanguage":"en-US"},{"@type":"Organization","@id":"https:\/\/rexhagold.com\/#organization","name":"Rexha Gold Jewelry","url":"https:\/\/rexhagold.com\/","logo":{"@type":"ImageObject","inLanguage":"en-US","@id":"https:\/\/rexhagold.com\/#\/schema\/logo\/image\/","url":"https:\/\/rexhagold.com\/wp-content\/uploads\/2022\/04\/rexhagold-black.png","contentUrl":"https:\/\/rexhagold.com\/wp-content\/uploads\/2022\/04\/rexhagold-black.png","width":300,"height":278,"caption":"Rexha Gold Jewelry"},"image":{"@id":"https:\/\/rexhagold.com\/#\/schema\/logo\/image\/"}}]}},"_links":{"self":[{"href":"https:\/\/rexhagold.com\/en\/wp-json\/wp\/v2\/product\/11571","targetHints":{"allow":["GET"]}}],"collection":[{"href":"https:\/\/rexhagold.com\/en\/wp-json\/wp\/v2\/product"}],"about":[{"href":"https:\/\/rexhagold.com\/en\/wp-json\/wp\/v2\/types\/product"}],"wp:featuredmedia":[{"embeddable":true,"href":"https:\/\/rexhagold.com\/en\/wp-json\/wp\/v2\/media\/11572"}],"wp:attachment":[{"href":"https:\/\/rexhagold.com\/en\/wp-json\/wp\/v2\/media?parent=11571"}],"wp:term":[{"taxonomy":"product_brand","embeddable":true,"href":"https:\/\/rexhagold.com\/en\/wp-json\/wp\/v2\/product_brand?post=11571"},{"taxonomy":"product_cat","embeddable":true,"href":"https:\/\/rexhagold.com\/en\/wp-json\/wp\/v2\/product_cat?post=11571"},{"taxonomy":"product_tag","embeddable":true,"href":"https:\/\/rexhagold.com\/en\/wp-json\/wp\/v2\/product_tag?post=11571"},{"taxonomy":"berocket_brand","embeddable":true,"href":"https:\/\/rexhagold.com\/en\/wp-json\/wp\/v2\/berocket_brand?post=11571"}],"curies":[{"name":"wp","href":"https:\/\/api.w.org\/{rel}","templated":true}]}}