{"id":11695,"date":"2025-08-25T16:42:53","date_gmt":"2025-08-25T16:42:53","guid":{"rendered":"https:\/\/rexhagold.com\/?post_type=product&#038;p=11695"},"modified":"2025-08-26T14:50:51","modified_gmt":"2025-08-26T14:50:51","slug":"sicily-pendant","status":"publish","type":"product","link":"https:\/\/rexhagold.com\/en\/product\/sicily-pendant\/","title":{"rendered":"D&#038;G Sicily Pendant"},"content":{"rendered":"<p>Var\u00ebsja p\u00ebrb\u00ebhet nga nj\u00eb zinxhir i holl\u00eb tip \u201crol\u00f2\u201d dhe dy var\u00ebse: nj\u00eb kryq latin i punuar me safir\u00eb t\u00eb zinj oval\u00eb dhe nj\u00eb tr\u00ebndafil nefriti t\u00eb zi t\u00eb gdhendur. Nj\u00eb tjet\u00ebr tr\u00ebndafil nefriti i zi \u00ebsht\u00eb shtuar si terminal n\u00eb zinxhirin rregullues. Nj\u00eb pllak\u00ebz ovale, e vendosur midis zinxhirit dhe mbyll\u00ebses, mban logon \u201cDOLCE&#038;GABBANA\u201d.<\/p>\n<p>Karakteristikat teknike:<br \/>\nFlori 750\/000<\/p>\n<p>Gjat\u00ebsia:<br \/>\n50 + 2.5 + 2.5 cm e rregullueshme<\/p>\n<p>Gur\u00ebt e \u00e7muar:<br \/>\n6 safir\u00eb t\u00eb zinj oval\u00eb<br \/>\n2 tr\u00ebndafila nefriti t\u00eb zi<\/p>\n<p>Prodhuar n\u00eb Itali<\/p>\n<p>P\u00ebrb\u00ebrja: Flori i verdh\u00eb 750\/000<\/p>\n","protected":false},"excerpt":{"rendered":"<p>Var\u00ebsja p\u00ebrb\u00ebhet nga nj\u00eb zinxhir i holl\u00eb tip \u201crol\u00f2\u201d dhe dy var\u00ebse: nj\u00eb kryq latin i punuar me safir\u00eb t\u00eb zinj oval\u00eb dhe nj\u00eb tr\u00ebndafil nefriti t\u00eb zi t\u00eb gdhendur. Nj\u00eb tjet\u00ebr tr\u00ebndafil nefriti i zi \u00ebsht\u00eb shtuar si terminal n\u00eb zinxhirin rregullues. Nj\u00eb pllak\u00ebz ovale, e vendosur midis zinxhirit dhe mbyll\u00ebses, mban logon \u201cDOLCE&#038;GABBANA\u201d. [&hellip;]<\/p>\n","protected":false},"featured_media":11700,"template":"","meta":{"inline_featured_image":false},"product_brand":[],"product_cat":[960,940,1085,22,47],"product_tag":[],"berocket_brand":[],"class_list":{"0":"post-11695","1":"product","2":"type-product","3":"status-publish","4":"has-post-thumbnail","6":"product_cat-boutique-varese","7":"product_cat-brande-femra","8":"product_cat-dolcegabbana-fine-jewelry","9":"product_cat-femra","10":"product_cat-varese","11":"wpisset-post","12":"wpisset-post-featured","13":"wpisset-woo-has-gallery","15":"first","16":"instock","17":"shipping-taxable","18":"purchasable","19":"product-type-simple"},"acf":[],"yoast_head":"<!-- This site is optimized with the Yoast SEO plugin v26.5 - https:\/\/yoast.com\/wordpress\/plugins\/seo\/ -->\n<title>D&amp;G Sicily Pendant - Rexha Gold<\/title>\n<meta name=\"description\" content=\"Explore our collection of D&amp;G Sicily Pendant. Rexha Gold offers the best jewelry made in Italy by the most famous Italian manufacturers.\" \/>\n<meta name=\"robots\" content=\"index, follow, max-snippet:-1, max-image-preview:large, max-video-preview:-1\" \/>\n<link rel=\"canonical\" href=\"https:\/\/rexhagold.com\/produkti\/sicily-pendant\/\" \/>\n<meta property=\"og:locale\" content=\"en_US\" \/>\n<meta property=\"og:type\" content=\"article\" \/>\n<meta property=\"og:title\" content=\"D&amp;G Sicily Pendant - Rexha Gold\" \/>\n<meta property=\"og:description\" content=\"Explore our collection of D&amp;G Sicily Pendant. Rexha Gold offers the best jewelry made in Italy by the most famous Italian manufacturers.\" \/>\n<meta property=\"og:url\" content=\"https:\/\/rexhagold.com\/produkti\/sicily-pendant\/\" \/>\n<meta property=\"og:site_name\" content=\"Rexha Gold\" \/>\n<meta property=\"article:modified_time\" content=\"2025-08-26T14:50:51+00:00\" \/>\n<meta property=\"og:image\" content=\"https:\/\/rexhagold.com\/wp-content\/uploads\/2025\/08\/imgi_125_WADC2GW0001_ZOO00_1-e1756140030937.jpg\" \/>\n\t<meta property=\"og:image:width\" content=\"1970\" \/>\n\t<meta property=\"og:image:height\" content=\"1970\" \/>\n\t<meta property=\"og:image:type\" content=\"image\/jpeg\" \/>\n<meta name=\"twitter:card\" content=\"summary_large_image\" \/>\n<meta name=\"twitter:label1\" content=\"Est. reading time\" \/>\n\t<meta name=\"twitter:data1\" content=\"1 minute\" \/>\n<script type=\"application\/ld+json\" class=\"yoast-schema-graph\">{\"@context\":\"https:\/\/schema.org\",\"@graph\":[{\"@type\":\"WebPage\",\"@id\":\"https:\/\/rexhagold.com\/produkti\/sicily-pendant\/\",\"url\":\"https:\/\/rexhagold.com\/produkti\/sicily-pendant\/\",\"name\":\"D&G Sicily Pendant - Rexha Gold\",\"isPartOf\":{\"@id\":\"https:\/\/rexhagold.com\/#website\"},\"primaryImageOfPage\":{\"@id\":\"https:\/\/rexhagold.com\/produkti\/sicily-pendant\/#primaryimage\"},\"image\":{\"@id\":\"https:\/\/rexhagold.com\/produkti\/sicily-pendant\/#primaryimage\"},\"thumbnailUrl\":\"https:\/\/rexhagold.com\/wp-content\/uploads\/2025\/08\/imgi_125_WADC2GW0001_ZOO00_1-e1756140030937.jpg\",\"datePublished\":\"2025-08-25T16:42:53+00:00\",\"dateModified\":\"2025-08-26T14:50:51+00:00\",\"description\":\"Explore our collection of D&G Sicily Pendant. Rexha Gold offers the best jewelry made in Italy by the most famous Italian manufacturers.\",\"breadcrumb\":{\"@id\":\"https:\/\/rexhagold.com\/produkti\/sicily-pendant\/#breadcrumb\"},\"inLanguage\":\"en-US\",\"potentialAction\":[{\"@type\":\"ReadAction\",\"target\":[\"https:\/\/rexhagold.com\/produkti\/sicily-pendant\/\"]}]},{\"@type\":\"ImageObject\",\"inLanguage\":\"en-US\",\"@id\":\"https:\/\/rexhagold.com\/produkti\/sicily-pendant\/#primaryimage\",\"url\":\"https:\/\/rexhagold.com\/wp-content\/uploads\/2025\/08\/imgi_125_WADC2GW0001_ZOO00_1-e1756140030937.jpg\",\"contentUrl\":\"https:\/\/rexhagold.com\/wp-content\/uploads\/2025\/08\/imgi_125_WADC2GW0001_ZOO00_1-e1756140030937.jpg\",\"width\":1970,\"height\":1970},{\"@type\":\"BreadcrumbList\",\"@id\":\"https:\/\/rexhagold.com\/produkti\/sicily-pendant\/#breadcrumb\",\"itemListElement\":[{\"@type\":\"ListItem\",\"position\":1,\"name\":\"Home\",\"item\":\"https:\/\/rexhagold.com\/en\/\"},{\"@type\":\"ListItem\",\"position\":2,\"name\":\"Shop\",\"item\":\"https:\/\/rexhagold.com\/en\/shop-2\/\"},{\"@type\":\"ListItem\",\"position\":3,\"name\":\"D&#038;G Sicily Pendant\"}]},{\"@type\":\"WebSite\",\"@id\":\"https:\/\/rexhagold.com\/#website\",\"url\":\"https:\/\/rexhagold.com\/\",\"name\":\"Rexha Gold Jewelry\",\"description\":\"Rexha Gold\",\"publisher\":{\"@id\":\"https:\/\/rexhagold.com\/#organization\"},\"potentialAction\":[{\"@type\":\"SearchAction\",\"target\":{\"@type\":\"EntryPoint\",\"urlTemplate\":\"https:\/\/rexhagold.com\/?s={search_term_string}\"},\"query-input\":{\"@type\":\"PropertyValueSpecification\",\"valueRequired\":true,\"valueName\":\"search_term_string\"}}],\"inLanguage\":\"en-US\"},{\"@type\":\"Organization\",\"@id\":\"https:\/\/rexhagold.com\/#organization\",\"name\":\"Rexha Gold Jewelry\",\"url\":\"https:\/\/rexhagold.com\/\",\"logo\":{\"@type\":\"ImageObject\",\"inLanguage\":\"en-US\",\"@id\":\"https:\/\/rexhagold.com\/#\/schema\/logo\/image\/\",\"url\":\"https:\/\/rexhagold.com\/wp-content\/uploads\/2022\/04\/rexhagold-black.png\",\"contentUrl\":\"https:\/\/rexhagold.com\/wp-content\/uploads\/2022\/04\/rexhagold-black.png\",\"width\":300,\"height\":278,\"caption\":\"Rexha Gold Jewelry\"},\"image\":{\"@id\":\"https:\/\/rexhagold.com\/#\/schema\/logo\/image\/\"}}]}<\/script>\n<!-- \/ Yoast SEO plugin. -->","yoast_head_json":{"title":"D&G Sicily Pendant - Rexha Gold","description":"Explore our collection of D&G Sicily Pendant. Rexha Gold offers the best jewelry made in Italy by the most famous Italian manufacturers.","robots":{"index":"index","follow":"follow","max-snippet":"max-snippet:-1","max-image-preview":"max-image-preview:large","max-video-preview":"max-video-preview:-1"},"canonical":"https:\/\/rexhagold.com\/produkti\/sicily-pendant\/","og_locale":"en_US","og_type":"article","og_title":"D&G Sicily Pendant - Rexha Gold","og_description":"Explore our collection of D&G Sicily Pendant. Rexha Gold offers the best jewelry made in Italy by the most famous Italian manufacturers.","og_url":"https:\/\/rexhagold.com\/produkti\/sicily-pendant\/","og_site_name":"Rexha Gold","article_modified_time":"2025-08-26T14:50:51+00:00","og_image":[{"width":1970,"height":1970,"url":"https:\/\/rexhagold.com\/wp-content\/uploads\/2025\/08\/imgi_125_WADC2GW0001_ZOO00_1-e1756140030937.jpg","type":"image\/jpeg"}],"twitter_card":"summary_large_image","twitter_misc":{"Est. reading time":"1 minute"},"schema":{"@context":"https:\/\/schema.org","@graph":[{"@type":"WebPage","@id":"https:\/\/rexhagold.com\/produkti\/sicily-pendant\/","url":"https:\/\/rexhagold.com\/produkti\/sicily-pendant\/","name":"D&G Sicily Pendant - Rexha Gold","isPartOf":{"@id":"https:\/\/rexhagold.com\/#website"},"primaryImageOfPage":{"@id":"https:\/\/rexhagold.com\/produkti\/sicily-pendant\/#primaryimage"},"image":{"@id":"https:\/\/rexhagold.com\/produkti\/sicily-pendant\/#primaryimage"},"thumbnailUrl":"https:\/\/rexhagold.com\/wp-content\/uploads\/2025\/08\/imgi_125_WADC2GW0001_ZOO00_1-e1756140030937.jpg","datePublished":"2025-08-25T16:42:53+00:00","dateModified":"2025-08-26T14:50:51+00:00","description":"Explore our collection of D&G Sicily Pendant. Rexha Gold offers the best jewelry made in Italy by the most famous Italian manufacturers.","breadcrumb":{"@id":"https:\/\/rexhagold.com\/produkti\/sicily-pendant\/#breadcrumb"},"inLanguage":"en-US","potentialAction":[{"@type":"ReadAction","target":["https:\/\/rexhagold.com\/produkti\/sicily-pendant\/"]}]},{"@type":"ImageObject","inLanguage":"en-US","@id":"https:\/\/rexhagold.com\/produkti\/sicily-pendant\/#primaryimage","url":"https:\/\/rexhagold.com\/wp-content\/uploads\/2025\/08\/imgi_125_WADC2GW0001_ZOO00_1-e1756140030937.jpg","contentUrl":"https:\/\/rexhagold.com\/wp-content\/uploads\/2025\/08\/imgi_125_WADC2GW0001_ZOO00_1-e1756140030937.jpg","width":1970,"height":1970},{"@type":"BreadcrumbList","@id":"https:\/\/rexhagold.com\/produkti\/sicily-pendant\/#breadcrumb","itemListElement":[{"@type":"ListItem","position":1,"name":"Home","item":"https:\/\/rexhagold.com\/en\/"},{"@type":"ListItem","position":2,"name":"Shop","item":"https:\/\/rexhagold.com\/en\/shop-2\/"},{"@type":"ListItem","position":3,"name":"D&#038;G Sicily Pendant"}]},{"@type":"WebSite","@id":"https:\/\/rexhagold.com\/#website","url":"https:\/\/rexhagold.com\/","name":"Rexha Gold Jewelry","description":"Rexha Gold","publisher":{"@id":"https:\/\/rexhagold.com\/#organization"},"potentialAction":[{"@type":"SearchAction","target":{"@type":"EntryPoint","urlTemplate":"https:\/\/rexhagold.com\/?s={search_term_string}"},"query-input":{"@type":"PropertyValueSpecification","valueRequired":true,"valueName":"search_term_string"}}],"inLanguage":"en-US"},{"@type":"Organization","@id":"https:\/\/rexhagold.com\/#organization","name":"Rexha Gold Jewelry","url":"https:\/\/rexhagold.com\/","logo":{"@type":"ImageObject","inLanguage":"en-US","@id":"https:\/\/rexhagold.com\/#\/schema\/logo\/image\/","url":"https:\/\/rexhagold.com\/wp-content\/uploads\/2022\/04\/rexhagold-black.png","contentUrl":"https:\/\/rexhagold.com\/wp-content\/uploads\/2022\/04\/rexhagold-black.png","width":300,"height":278,"caption":"Rexha Gold Jewelry"},"image":{"@id":"https:\/\/rexhagold.com\/#\/schema\/logo\/image\/"}}]}},"_links":{"self":[{"href":"https:\/\/rexhagold.com\/en\/wp-json\/wp\/v2\/product\/11695","targetHints":{"allow":["GET"]}}],"collection":[{"href":"https:\/\/rexhagold.com\/en\/wp-json\/wp\/v2\/product"}],"about":[{"href":"https:\/\/rexhagold.com\/en\/wp-json\/wp\/v2\/types\/product"}],"wp:featuredmedia":[{"embeddable":true,"href":"https:\/\/rexhagold.com\/en\/wp-json\/wp\/v2\/media\/11700"}],"wp:attachment":[{"href":"https:\/\/rexhagold.com\/en\/wp-json\/wp\/v2\/media?parent=11695"}],"wp:term":[{"taxonomy":"product_brand","embeddable":true,"href":"https:\/\/rexhagold.com\/en\/wp-json\/wp\/v2\/product_brand?post=11695"},{"taxonomy":"product_cat","embeddable":true,"href":"https:\/\/rexhagold.com\/en\/wp-json\/wp\/v2\/product_cat?post=11695"},{"taxonomy":"product_tag","embeddable":true,"href":"https:\/\/rexhagold.com\/en\/wp-json\/wp\/v2\/product_tag?post=11695"},{"taxonomy":"berocket_brand","embeddable":true,"href":"https:\/\/rexhagold.com\/en\/wp-json\/wp\/v2\/berocket_brand?post=11695"}],"curies":[{"name":"wp","href":"https:\/\/api.w.org\/{rel}","templated":true}]}}