{"id":11719,"date":"2025-08-25T17:03:22","date_gmt":"2025-08-25T17:03:22","guid":{"rendered":"https:\/\/rexhagold.com\/?post_type=product&#038;p=11719"},"modified":"2025-08-26T14:50:16","modified_gmt":"2025-08-26T14:50:16","slug":"devotion-necklace","status":"publish","type":"product","link":"https:\/\/rexhagold.com\/en\/product\/devotion-necklace\/","title":{"rendered":"D&#038;G Devotion Necklace"},"content":{"rendered":"<p>Var\u00ebsja prej floriri t\u00eb verdh\u00eb 18 kt p\u00ebrb\u00ebhet nga nj\u00eb zinxhir i holl\u00eb tip \u201crol\u00f2\u201d dhe nj\u00eb var\u00ebse e karakterizuar nga tre element\u00eb q\u00eb ndjekin me eleganc\u00eb nj\u00ebri-tjetrin nga lart-posht\u00eb n\u00eb k\u00ebt\u00eb rend: nj\u00eb fjongo e hijshme e punuar me pav\u00e9 diamantesh t\u00eb pa ngjyr\u00eb, nj\u00eb zem\u00ebr e shenjt\u00eb e mrekullueshme e rrethuar nga pav\u00e9 diamantesh \u2013 simbol i dashuris\u00eb s\u00eb pakusht\u00ebzuar \u2013 dhe nj\u00eb perl\u00eb n\u00eb form\u00eb pike, e lidhur me dor\u00eb, e vendosur n\u00eb elementin e dyt\u00eb. Nj\u00eb perl\u00eb shtes\u00eb n\u00eb form\u00eb pike \u00ebsht\u00eb shtuar si terminal n\u00eb zinxhirin rregullues. Brenda zemr\u00ebs s\u00eb shenjt\u00eb \u00ebsht\u00eb gdhendur logoja DG.<\/p>\n<p>Karakteristikat teknike:<br \/>\nFlori 750\/000<\/p>\n<p>Gur\u00ebt e \u00e7muar:<br \/>\n78 diamante t\u00eb bardh\u00eb (0.15 karat\u00eb)<br \/>\n2 perla natyrale n\u00eb form\u00eb pike (uj\u00eb i \u00ebmb\u00ebl)<\/p>\n<p>Prodhuar n\u00eb Itali<\/p>\n<p>Flori i verdh\u00eb 750\/000<\/p>\n","protected":false},"excerpt":{"rendered":"<p>Var\u00ebsja prej floriri t\u00eb verdh\u00eb 18 kt p\u00ebrb\u00ebhet nga nj\u00eb zinxhir i holl\u00eb tip \u201crol\u00f2\u201d dhe nj\u00eb var\u00ebse e karakterizuar nga tre element\u00eb q\u00eb ndjekin me eleganc\u00eb nj\u00ebri-tjetrin nga lart-posht\u00eb n\u00eb k\u00ebt\u00eb rend: nj\u00eb fjongo e hijshme e punuar me pav\u00e9 diamantesh t\u00eb pa ngjyr\u00eb, nj\u00eb zem\u00ebr e shenjt\u00eb e mrekullueshme e rrethuar nga pav\u00e9 [&hellip;]<\/p>\n","protected":false},"featured_media":11724,"template":"","meta":{"inline_featured_image":false},"product_brand":[],"product_cat":[960,940,1085,22,47],"product_tag":[],"berocket_brand":[],"class_list":{"0":"post-11719","1":"product","2":"type-product","3":"status-publish","4":"has-post-thumbnail","6":"product_cat-boutique-varese","7":"product_cat-brande-femra","8":"product_cat-dolcegabbana-fine-jewelry","9":"product_cat-femra","10":"product_cat-varese","11":"wpisset-post","12":"wpisset-post-featured","13":"wpisset-woo-has-gallery","15":"first","16":"instock","17":"shipping-taxable","18":"purchasable","19":"product-type-simple"},"acf":[],"yoast_head":"<!-- This site is optimized with the Yoast SEO plugin v26.5 - https:\/\/yoast.com\/wordpress\/plugins\/seo\/ -->\n<title>D&amp;G Devotion Necklace - Rexha Gold<\/title>\n<meta name=\"description\" content=\"Explore our collection of D&amp;G Devotion Necklace. Rexha Gold offers the best jewelry made in Italy by the most famous Italian manufacturers.\" \/>\n<meta name=\"robots\" content=\"index, follow, max-snippet:-1, max-image-preview:large, max-video-preview:-1\" \/>\n<link rel=\"canonical\" href=\"https:\/\/rexhagold.com\/produkti\/devotion-necklace\/\" \/>\n<meta property=\"og:locale\" content=\"en_US\" \/>\n<meta property=\"og:type\" content=\"article\" \/>\n<meta property=\"og:title\" content=\"D&amp;G Devotion Necklace - Rexha Gold\" \/>\n<meta property=\"og:description\" content=\"Explore our collection of D&amp;G Devotion Necklace. Rexha Gold offers the best jewelry made in Italy by the most famous Italian manufacturers.\" \/>\n<meta property=\"og:url\" content=\"https:\/\/rexhagold.com\/produkti\/devotion-necklace\/\" \/>\n<meta property=\"og:site_name\" content=\"Rexha Gold\" \/>\n<meta property=\"article:modified_time\" content=\"2025-08-26T14:50:16+00:00\" \/>\n<meta property=\"og:image\" content=\"https:\/\/rexhagold.com\/wp-content\/uploads\/2025\/08\/imgi_80_WALD1GWDPEY_ZOO00_2-e1756141345375.jpg\" \/>\n\t<meta property=\"og:image:width\" content=\"1970\" \/>\n\t<meta property=\"og:image:height\" content=\"1970\" \/>\n\t<meta property=\"og:image:type\" content=\"image\/jpeg\" \/>\n<meta name=\"twitter:card\" content=\"summary_large_image\" \/>\n<meta name=\"twitter:label1\" content=\"Est. reading time\" \/>\n\t<meta name=\"twitter:data1\" content=\"1 minute\" \/>\n<script type=\"application\/ld+json\" class=\"yoast-schema-graph\">{\"@context\":\"https:\/\/schema.org\",\"@graph\":[{\"@type\":\"WebPage\",\"@id\":\"https:\/\/rexhagold.com\/produkti\/devotion-necklace\/\",\"url\":\"https:\/\/rexhagold.com\/produkti\/devotion-necklace\/\",\"name\":\"D&G Devotion Necklace - Rexha Gold\",\"isPartOf\":{\"@id\":\"https:\/\/rexhagold.com\/#website\"},\"primaryImageOfPage\":{\"@id\":\"https:\/\/rexhagold.com\/produkti\/devotion-necklace\/#primaryimage\"},\"image\":{\"@id\":\"https:\/\/rexhagold.com\/produkti\/devotion-necklace\/#primaryimage\"},\"thumbnailUrl\":\"https:\/\/rexhagold.com\/wp-content\/uploads\/2025\/08\/imgi_80_WALD1GWDPEY_ZOO00_2-e1756141345375.jpg\",\"datePublished\":\"2025-08-25T17:03:22+00:00\",\"dateModified\":\"2025-08-26T14:50:16+00:00\",\"description\":\"Explore our collection of D&G Devotion Necklace. Rexha Gold offers the best jewelry made in Italy by the most famous Italian manufacturers.\",\"breadcrumb\":{\"@id\":\"https:\/\/rexhagold.com\/produkti\/devotion-necklace\/#breadcrumb\"},\"inLanguage\":\"en-US\",\"potentialAction\":[{\"@type\":\"ReadAction\",\"target\":[\"https:\/\/rexhagold.com\/produkti\/devotion-necklace\/\"]}]},{\"@type\":\"ImageObject\",\"inLanguage\":\"en-US\",\"@id\":\"https:\/\/rexhagold.com\/produkti\/devotion-necklace\/#primaryimage\",\"url\":\"https:\/\/rexhagold.com\/wp-content\/uploads\/2025\/08\/imgi_80_WALD1GWDPEY_ZOO00_2-e1756141345375.jpg\",\"contentUrl\":\"https:\/\/rexhagold.com\/wp-content\/uploads\/2025\/08\/imgi_80_WALD1GWDPEY_ZOO00_2-e1756141345375.jpg\",\"width\":1970,\"height\":1970},{\"@type\":\"BreadcrumbList\",\"@id\":\"https:\/\/rexhagold.com\/produkti\/devotion-necklace\/#breadcrumb\",\"itemListElement\":[{\"@type\":\"ListItem\",\"position\":1,\"name\":\"Home\",\"item\":\"https:\/\/rexhagold.com\/en\/\"},{\"@type\":\"ListItem\",\"position\":2,\"name\":\"Shop\",\"item\":\"https:\/\/rexhagold.com\/en\/shop-2\/\"},{\"@type\":\"ListItem\",\"position\":3,\"name\":\"D&#038;G Devotion Necklace\"}]},{\"@type\":\"WebSite\",\"@id\":\"https:\/\/rexhagold.com\/#website\",\"url\":\"https:\/\/rexhagold.com\/\",\"name\":\"Rexha Gold Jewelry\",\"description\":\"Rexha Gold\",\"publisher\":{\"@id\":\"https:\/\/rexhagold.com\/#organization\"},\"potentialAction\":[{\"@type\":\"SearchAction\",\"target\":{\"@type\":\"EntryPoint\",\"urlTemplate\":\"https:\/\/rexhagold.com\/?s={search_term_string}\"},\"query-input\":{\"@type\":\"PropertyValueSpecification\",\"valueRequired\":true,\"valueName\":\"search_term_string\"}}],\"inLanguage\":\"en-US\"},{\"@type\":\"Organization\",\"@id\":\"https:\/\/rexhagold.com\/#organization\",\"name\":\"Rexha Gold Jewelry\",\"url\":\"https:\/\/rexhagold.com\/\",\"logo\":{\"@type\":\"ImageObject\",\"inLanguage\":\"en-US\",\"@id\":\"https:\/\/rexhagold.com\/#\/schema\/logo\/image\/\",\"url\":\"https:\/\/rexhagold.com\/wp-content\/uploads\/2022\/04\/rexhagold-black.png\",\"contentUrl\":\"https:\/\/rexhagold.com\/wp-content\/uploads\/2022\/04\/rexhagold-black.png\",\"width\":300,\"height\":278,\"caption\":\"Rexha Gold Jewelry\"},\"image\":{\"@id\":\"https:\/\/rexhagold.com\/#\/schema\/logo\/image\/\"}}]}<\/script>\n<!-- \/ Yoast SEO plugin. -->","yoast_head_json":{"title":"D&G Devotion Necklace - Rexha Gold","description":"Explore our collection of D&G Devotion Necklace. Rexha Gold offers the best jewelry made in Italy by the most famous Italian manufacturers.","robots":{"index":"index","follow":"follow","max-snippet":"max-snippet:-1","max-image-preview":"max-image-preview:large","max-video-preview":"max-video-preview:-1"},"canonical":"https:\/\/rexhagold.com\/produkti\/devotion-necklace\/","og_locale":"en_US","og_type":"article","og_title":"D&G Devotion Necklace - Rexha Gold","og_description":"Explore our collection of D&G Devotion Necklace. Rexha Gold offers the best jewelry made in Italy by the most famous Italian manufacturers.","og_url":"https:\/\/rexhagold.com\/produkti\/devotion-necklace\/","og_site_name":"Rexha Gold","article_modified_time":"2025-08-26T14:50:16+00:00","og_image":[{"width":1970,"height":1970,"url":"https:\/\/rexhagold.com\/wp-content\/uploads\/2025\/08\/imgi_80_WALD1GWDPEY_ZOO00_2-e1756141345375.jpg","type":"image\/jpeg"}],"twitter_card":"summary_large_image","twitter_misc":{"Est. reading time":"1 minute"},"schema":{"@context":"https:\/\/schema.org","@graph":[{"@type":"WebPage","@id":"https:\/\/rexhagold.com\/produkti\/devotion-necklace\/","url":"https:\/\/rexhagold.com\/produkti\/devotion-necklace\/","name":"D&G Devotion Necklace - Rexha Gold","isPartOf":{"@id":"https:\/\/rexhagold.com\/#website"},"primaryImageOfPage":{"@id":"https:\/\/rexhagold.com\/produkti\/devotion-necklace\/#primaryimage"},"image":{"@id":"https:\/\/rexhagold.com\/produkti\/devotion-necklace\/#primaryimage"},"thumbnailUrl":"https:\/\/rexhagold.com\/wp-content\/uploads\/2025\/08\/imgi_80_WALD1GWDPEY_ZOO00_2-e1756141345375.jpg","datePublished":"2025-08-25T17:03:22+00:00","dateModified":"2025-08-26T14:50:16+00:00","description":"Explore our collection of D&G Devotion Necklace. Rexha Gold offers the best jewelry made in Italy by the most famous Italian manufacturers.","breadcrumb":{"@id":"https:\/\/rexhagold.com\/produkti\/devotion-necklace\/#breadcrumb"},"inLanguage":"en-US","potentialAction":[{"@type":"ReadAction","target":["https:\/\/rexhagold.com\/produkti\/devotion-necklace\/"]}]},{"@type":"ImageObject","inLanguage":"en-US","@id":"https:\/\/rexhagold.com\/produkti\/devotion-necklace\/#primaryimage","url":"https:\/\/rexhagold.com\/wp-content\/uploads\/2025\/08\/imgi_80_WALD1GWDPEY_ZOO00_2-e1756141345375.jpg","contentUrl":"https:\/\/rexhagold.com\/wp-content\/uploads\/2025\/08\/imgi_80_WALD1GWDPEY_ZOO00_2-e1756141345375.jpg","width":1970,"height":1970},{"@type":"BreadcrumbList","@id":"https:\/\/rexhagold.com\/produkti\/devotion-necklace\/#breadcrumb","itemListElement":[{"@type":"ListItem","position":1,"name":"Home","item":"https:\/\/rexhagold.com\/en\/"},{"@type":"ListItem","position":2,"name":"Shop","item":"https:\/\/rexhagold.com\/en\/shop-2\/"},{"@type":"ListItem","position":3,"name":"D&#038;G Devotion Necklace"}]},{"@type":"WebSite","@id":"https:\/\/rexhagold.com\/#website","url":"https:\/\/rexhagold.com\/","name":"Rexha Gold Jewelry","description":"Rexha Gold","publisher":{"@id":"https:\/\/rexhagold.com\/#organization"},"potentialAction":[{"@type":"SearchAction","target":{"@type":"EntryPoint","urlTemplate":"https:\/\/rexhagold.com\/?s={search_term_string}"},"query-input":{"@type":"PropertyValueSpecification","valueRequired":true,"valueName":"search_term_string"}}],"inLanguage":"en-US"},{"@type":"Organization","@id":"https:\/\/rexhagold.com\/#organization","name":"Rexha Gold Jewelry","url":"https:\/\/rexhagold.com\/","logo":{"@type":"ImageObject","inLanguage":"en-US","@id":"https:\/\/rexhagold.com\/#\/schema\/logo\/image\/","url":"https:\/\/rexhagold.com\/wp-content\/uploads\/2022\/04\/rexhagold-black.png","contentUrl":"https:\/\/rexhagold.com\/wp-content\/uploads\/2022\/04\/rexhagold-black.png","width":300,"height":278,"caption":"Rexha Gold Jewelry"},"image":{"@id":"https:\/\/rexhagold.com\/#\/schema\/logo\/image\/"}}]}},"_links":{"self":[{"href":"https:\/\/rexhagold.com\/en\/wp-json\/wp\/v2\/product\/11719","targetHints":{"allow":["GET"]}}],"collection":[{"href":"https:\/\/rexhagold.com\/en\/wp-json\/wp\/v2\/product"}],"about":[{"href":"https:\/\/rexhagold.com\/en\/wp-json\/wp\/v2\/types\/product"}],"wp:featuredmedia":[{"embeddable":true,"href":"https:\/\/rexhagold.com\/en\/wp-json\/wp\/v2\/media\/11724"}],"wp:attachment":[{"href":"https:\/\/rexhagold.com\/en\/wp-json\/wp\/v2\/media?parent=11719"}],"wp:term":[{"taxonomy":"product_brand","embeddable":true,"href":"https:\/\/rexhagold.com\/en\/wp-json\/wp\/v2\/product_brand?post=11719"},{"taxonomy":"product_cat","embeddable":true,"href":"https:\/\/rexhagold.com\/en\/wp-json\/wp\/v2\/product_cat?post=11719"},{"taxonomy":"product_tag","embeddable":true,"href":"https:\/\/rexhagold.com\/en\/wp-json\/wp\/v2\/product_tag?post=11719"},{"taxonomy":"berocket_brand","embeddable":true,"href":"https:\/\/rexhagold.com\/en\/wp-json\/wp\/v2\/berocket_brand?post=11719"}],"curies":[{"name":"wp","href":"https:\/\/api.w.org\/{rel}","templated":true}]}}