{"id":11726,"date":"2025-08-25T17:06:53","date_gmt":"2025-08-25T17:06:53","guid":{"rendered":"https:\/\/rexhagold.com\/?post_type=product&#038;p=11726"},"modified":"2025-08-26T14:50:08","modified_gmt":"2025-08-26T14:50:08","slug":"rainbow-pendant","status":"publish","type":"product","link":"https:\/\/rexhagold.com\/en\/product\/rainbow-pendant\/","title":{"rendered":"D&#038;G Rainbow Pendant"},"content":{"rendered":"<p>Ky var\u00ebse ndri\u00e7ohet nga gur\u00eb natyral\u00eb t\u00eb mrekulluesh\u00ebm si topaz\u00eb, granat\u00eb, ametist\u00eb, citrin\u00eb, peridote dhe turmalina: nuancat e panum\u00ebrta t\u00eb ngjyrave t\u00eb tyre, t\u00eb dominuara nga blu, jeshile, vjollc\u00eb, e kuqe, roz\u00eb dhe e verdh\u00eb, sjellin nd\u00ebr mend atmosferat e ngrohta dhe me diell t\u00eb Si\u00e7ilis\u00eb. Format e ndryshme dhe prerjet e larmishme t\u00eb kristaleve theksohen gjithashtu nga kornizat, t\u00eb cilat alternojn\u00eb punime me tela t\u00eb p\u00ebrdredhur dhe sip\u00ebrfaqe t\u00eb l\u00ebmuara. Drita reflektohet dhe p\u00ebrthyhet mbi faqet e gur\u00ebve dhe floririt n\u00eb nj\u00eb m\u00ebnyr\u00eb gjithmon\u00eb befasuese, duke maksimizuar shk\u00eblqimin e tij.<\/p>\n<p>Karakteristikat teknike:<br \/>\nFlori 750\/000<\/p>\n<p>Gjat\u00ebsia:<br \/>\n40 + 5 + 5 cm e rregullueshme<\/p>\n<p>Gur\u00ebt e \u00e7muar:<br \/>\n1 topaz zviceran blu n\u00eb form\u00eb katrore cushion cut<br \/>\n1 topaz blu oval London<br \/>\n1 ametist n\u00eb form\u00eb pike ngjyr\u00eb vjollc\u00eb e thell\u00eb<br \/>\n1 ametist drejtk\u00ebndor me qoshe t\u00eb prera, ngjyr\u00eb vjollc\u00eb<br \/>\n1 kuarc portokalli katror cushion cut (Madera)<br \/>\n1 citrin i verdh\u00eb i fort\u00eb n\u00eb form\u00eb pike<br \/>\n2 citrin\u00eb t\u00eb verdh\u00eb t\u00eb rrumbullak\u00ebt<br \/>\n1 peridot jeshil\/ i verdh\u00eb drejtk\u00ebndor me qoshe t\u00eb prera<br \/>\n1 turmalin\u00eb jeshile ovale<br \/>\n2 granat\u00eb rodolite ngjyr\u00eb kafe e kuq\u00ebrremt\u00eb, nj\u00ebri katror dhe tjetri cushion cut oval<br \/>\n3 granat\u00eb rodolite ngjyr\u00eb vjollc\u00eb t\u00eb kuq\u00ebrremt\u00eb t\u00eb rrumbullak\u00ebt<br \/>\n1 perl\u00eb natyrale e kultivuar n\u00eb form\u00eb pike, ngjyr\u00eb \u201cCream\u201d<\/p>\n<p>Prodhuar n\u00eb Itali<\/p>\n<p>P\u00ebrb\u00ebrja e jashtme: Flori i verdh\u00eb 750\/000<\/p>\n","protected":false},"excerpt":{"rendered":"<p>Ky var\u00ebse ndri\u00e7ohet nga gur\u00eb natyral\u00eb t\u00eb mrekulluesh\u00ebm si topaz\u00eb, granat\u00eb, ametist\u00eb, citrin\u00eb, peridote dhe turmalina: nuancat e panum\u00ebrta t\u00eb ngjyrave t\u00eb tyre, t\u00eb dominuara nga blu, jeshile, vjollc\u00eb, e kuqe, roz\u00eb dhe e verdh\u00eb, sjellin nd\u00ebr mend atmosferat e ngrohta dhe me diell t\u00eb Si\u00e7ilis\u00eb. Format e ndryshme dhe prerjet e larmishme t\u00eb kristaleve [&hellip;]<\/p>\n","protected":false},"featured_media":11727,"template":"","meta":{"inline_featured_image":false},"product_brand":[],"product_cat":[960,940,1085,22,47],"product_tag":[],"berocket_brand":[],"class_list":{"0":"post-11726","1":"product","2":"type-product","3":"status-publish","4":"has-post-thumbnail","6":"product_cat-boutique-varese","7":"product_cat-brande-femra","8":"product_cat-dolcegabbana-fine-jewelry","9":"product_cat-femra","10":"product_cat-varese","11":"wpisset-post","12":"wpisset-post-featured","13":"wpisset-woo-has-gallery","15":"first","16":"instock","17":"shipping-taxable","18":"purchasable","19":"product-type-simple"},"acf":[],"yoast_head":"<!-- This site is optimized with the Yoast SEO plugin v26.5 - https:\/\/yoast.com\/wordpress\/plugins\/seo\/ -->\n<title>D&amp;G Rainbow Pendant - Rexha Gold<\/title>\n<meta name=\"description\" content=\"Explore our collection of D&amp;G Rainbow Pendant. Rexha Gold offers the best jewelry made in Italy by the most famous Italian manufacturers.\" \/>\n<meta name=\"robots\" content=\"index, follow, max-snippet:-1, max-image-preview:large, max-video-preview:-1\" \/>\n<link rel=\"canonical\" href=\"https:\/\/rexhagold.com\/produkti\/rainbow-pendant\/\" \/>\n<meta property=\"og:locale\" content=\"en_US\" \/>\n<meta property=\"og:type\" content=\"article\" \/>\n<meta property=\"og:title\" content=\"D&amp;G Rainbow Pendant - Rexha Gold\" \/>\n<meta property=\"og:description\" content=\"Explore our collection of D&amp;G Rainbow Pendant. Rexha Gold offers the best jewelry made in Italy by the most famous Italian manufacturers.\" \/>\n<meta property=\"og:url\" content=\"https:\/\/rexhagold.com\/produkti\/rainbow-pendant\/\" \/>\n<meta property=\"og:site_name\" content=\"Rexha Gold\" \/>\n<meta property=\"article:modified_time\" content=\"2025-08-26T14:50:08+00:00\" \/>\n<meta property=\"og:image\" content=\"https:\/\/rexhagold.com\/wp-content\/uploads\/2025\/08\/imgi_87_WAMR1GWMIX1_ZOO00_2-e1756141545193.jpg\" \/>\n\t<meta property=\"og:image:width\" content=\"1972\" \/>\n\t<meta property=\"og:image:height\" content=\"1973\" \/>\n\t<meta property=\"og:image:type\" content=\"image\/jpeg\" \/>\n<meta name=\"twitter:card\" content=\"summary_large_image\" \/>\n<meta name=\"twitter:label1\" content=\"Est. reading time\" \/>\n\t<meta name=\"twitter:data1\" content=\"2 minutes\" \/>\n<script type=\"application\/ld+json\" class=\"yoast-schema-graph\">{\"@context\":\"https:\/\/schema.org\",\"@graph\":[{\"@type\":\"WebPage\",\"@id\":\"https:\/\/rexhagold.com\/produkti\/rainbow-pendant\/\",\"url\":\"https:\/\/rexhagold.com\/produkti\/rainbow-pendant\/\",\"name\":\"D&G Rainbow Pendant - Rexha Gold\",\"isPartOf\":{\"@id\":\"https:\/\/rexhagold.com\/#website\"},\"primaryImageOfPage\":{\"@id\":\"https:\/\/rexhagold.com\/produkti\/rainbow-pendant\/#primaryimage\"},\"image\":{\"@id\":\"https:\/\/rexhagold.com\/produkti\/rainbow-pendant\/#primaryimage\"},\"thumbnailUrl\":\"https:\/\/rexhagold.com\/wp-content\/uploads\/2025\/08\/imgi_87_WAMR1GWMIX1_ZOO00_2-e1756141545193.jpg\",\"datePublished\":\"2025-08-25T17:06:53+00:00\",\"dateModified\":\"2025-08-26T14:50:08+00:00\",\"description\":\"Explore our collection of D&G Rainbow Pendant. Rexha Gold offers the best jewelry made in Italy by the most famous Italian manufacturers.\",\"breadcrumb\":{\"@id\":\"https:\/\/rexhagold.com\/produkti\/rainbow-pendant\/#breadcrumb\"},\"inLanguage\":\"en-US\",\"potentialAction\":[{\"@type\":\"ReadAction\",\"target\":[\"https:\/\/rexhagold.com\/produkti\/rainbow-pendant\/\"]}]},{\"@type\":\"ImageObject\",\"inLanguage\":\"en-US\",\"@id\":\"https:\/\/rexhagold.com\/produkti\/rainbow-pendant\/#primaryimage\",\"url\":\"https:\/\/rexhagold.com\/wp-content\/uploads\/2025\/08\/imgi_87_WAMR1GWMIX1_ZOO00_2-e1756141545193.jpg\",\"contentUrl\":\"https:\/\/rexhagold.com\/wp-content\/uploads\/2025\/08\/imgi_87_WAMR1GWMIX1_ZOO00_2-e1756141545193.jpg\",\"width\":1972,\"height\":1973},{\"@type\":\"BreadcrumbList\",\"@id\":\"https:\/\/rexhagold.com\/produkti\/rainbow-pendant\/#breadcrumb\",\"itemListElement\":[{\"@type\":\"ListItem\",\"position\":1,\"name\":\"Home\",\"item\":\"https:\/\/rexhagold.com\/en\/\"},{\"@type\":\"ListItem\",\"position\":2,\"name\":\"Shop\",\"item\":\"https:\/\/rexhagold.com\/en\/shop-2\/\"},{\"@type\":\"ListItem\",\"position\":3,\"name\":\"D&#038;G Rainbow Pendant\"}]},{\"@type\":\"WebSite\",\"@id\":\"https:\/\/rexhagold.com\/#website\",\"url\":\"https:\/\/rexhagold.com\/\",\"name\":\"Rexha Gold Jewelry\",\"description\":\"Rexha Gold\",\"publisher\":{\"@id\":\"https:\/\/rexhagold.com\/#organization\"},\"potentialAction\":[{\"@type\":\"SearchAction\",\"target\":{\"@type\":\"EntryPoint\",\"urlTemplate\":\"https:\/\/rexhagold.com\/?s={search_term_string}\"},\"query-input\":{\"@type\":\"PropertyValueSpecification\",\"valueRequired\":true,\"valueName\":\"search_term_string\"}}],\"inLanguage\":\"en-US\"},{\"@type\":\"Organization\",\"@id\":\"https:\/\/rexhagold.com\/#organization\",\"name\":\"Rexha Gold Jewelry\",\"url\":\"https:\/\/rexhagold.com\/\",\"logo\":{\"@type\":\"ImageObject\",\"inLanguage\":\"en-US\",\"@id\":\"https:\/\/rexhagold.com\/#\/schema\/logo\/image\/\",\"url\":\"https:\/\/rexhagold.com\/wp-content\/uploads\/2022\/04\/rexhagold-black.png\",\"contentUrl\":\"https:\/\/rexhagold.com\/wp-content\/uploads\/2022\/04\/rexhagold-black.png\",\"width\":300,\"height\":278,\"caption\":\"Rexha Gold Jewelry\"},\"image\":{\"@id\":\"https:\/\/rexhagold.com\/#\/schema\/logo\/image\/\"}}]}<\/script>\n<!-- \/ Yoast SEO plugin. -->","yoast_head_json":{"title":"D&G Rainbow Pendant - Rexha Gold","description":"Explore our collection of D&G Rainbow Pendant. Rexha Gold offers the best jewelry made in Italy by the most famous Italian manufacturers.","robots":{"index":"index","follow":"follow","max-snippet":"max-snippet:-1","max-image-preview":"max-image-preview:large","max-video-preview":"max-video-preview:-1"},"canonical":"https:\/\/rexhagold.com\/produkti\/rainbow-pendant\/","og_locale":"en_US","og_type":"article","og_title":"D&G Rainbow Pendant - Rexha Gold","og_description":"Explore our collection of D&G Rainbow Pendant. Rexha Gold offers the best jewelry made in Italy by the most famous Italian manufacturers.","og_url":"https:\/\/rexhagold.com\/produkti\/rainbow-pendant\/","og_site_name":"Rexha Gold","article_modified_time":"2025-08-26T14:50:08+00:00","og_image":[{"width":1972,"height":1973,"url":"https:\/\/rexhagold.com\/wp-content\/uploads\/2025\/08\/imgi_87_WAMR1GWMIX1_ZOO00_2-e1756141545193.jpg","type":"image\/jpeg"}],"twitter_card":"summary_large_image","twitter_misc":{"Est. reading time":"2 minutes"},"schema":{"@context":"https:\/\/schema.org","@graph":[{"@type":"WebPage","@id":"https:\/\/rexhagold.com\/produkti\/rainbow-pendant\/","url":"https:\/\/rexhagold.com\/produkti\/rainbow-pendant\/","name":"D&G Rainbow Pendant - Rexha Gold","isPartOf":{"@id":"https:\/\/rexhagold.com\/#website"},"primaryImageOfPage":{"@id":"https:\/\/rexhagold.com\/produkti\/rainbow-pendant\/#primaryimage"},"image":{"@id":"https:\/\/rexhagold.com\/produkti\/rainbow-pendant\/#primaryimage"},"thumbnailUrl":"https:\/\/rexhagold.com\/wp-content\/uploads\/2025\/08\/imgi_87_WAMR1GWMIX1_ZOO00_2-e1756141545193.jpg","datePublished":"2025-08-25T17:06:53+00:00","dateModified":"2025-08-26T14:50:08+00:00","description":"Explore our collection of D&G Rainbow Pendant. Rexha Gold offers the best jewelry made in Italy by the most famous Italian manufacturers.","breadcrumb":{"@id":"https:\/\/rexhagold.com\/produkti\/rainbow-pendant\/#breadcrumb"},"inLanguage":"en-US","potentialAction":[{"@type":"ReadAction","target":["https:\/\/rexhagold.com\/produkti\/rainbow-pendant\/"]}]},{"@type":"ImageObject","inLanguage":"en-US","@id":"https:\/\/rexhagold.com\/produkti\/rainbow-pendant\/#primaryimage","url":"https:\/\/rexhagold.com\/wp-content\/uploads\/2025\/08\/imgi_87_WAMR1GWMIX1_ZOO00_2-e1756141545193.jpg","contentUrl":"https:\/\/rexhagold.com\/wp-content\/uploads\/2025\/08\/imgi_87_WAMR1GWMIX1_ZOO00_2-e1756141545193.jpg","width":1972,"height":1973},{"@type":"BreadcrumbList","@id":"https:\/\/rexhagold.com\/produkti\/rainbow-pendant\/#breadcrumb","itemListElement":[{"@type":"ListItem","position":1,"name":"Home","item":"https:\/\/rexhagold.com\/en\/"},{"@type":"ListItem","position":2,"name":"Shop","item":"https:\/\/rexhagold.com\/en\/shop-2\/"},{"@type":"ListItem","position":3,"name":"D&#038;G Rainbow Pendant"}]},{"@type":"WebSite","@id":"https:\/\/rexhagold.com\/#website","url":"https:\/\/rexhagold.com\/","name":"Rexha Gold Jewelry","description":"Rexha Gold","publisher":{"@id":"https:\/\/rexhagold.com\/#organization"},"potentialAction":[{"@type":"SearchAction","target":{"@type":"EntryPoint","urlTemplate":"https:\/\/rexhagold.com\/?s={search_term_string}"},"query-input":{"@type":"PropertyValueSpecification","valueRequired":true,"valueName":"search_term_string"}}],"inLanguage":"en-US"},{"@type":"Organization","@id":"https:\/\/rexhagold.com\/#organization","name":"Rexha Gold Jewelry","url":"https:\/\/rexhagold.com\/","logo":{"@type":"ImageObject","inLanguage":"en-US","@id":"https:\/\/rexhagold.com\/#\/schema\/logo\/image\/","url":"https:\/\/rexhagold.com\/wp-content\/uploads\/2022\/04\/rexhagold-black.png","contentUrl":"https:\/\/rexhagold.com\/wp-content\/uploads\/2022\/04\/rexhagold-black.png","width":300,"height":278,"caption":"Rexha Gold Jewelry"},"image":{"@id":"https:\/\/rexhagold.com\/#\/schema\/logo\/image\/"}}]}},"_links":{"self":[{"href":"https:\/\/rexhagold.com\/en\/wp-json\/wp\/v2\/product\/11726","targetHints":{"allow":["GET"]}}],"collection":[{"href":"https:\/\/rexhagold.com\/en\/wp-json\/wp\/v2\/product"}],"about":[{"href":"https:\/\/rexhagold.com\/en\/wp-json\/wp\/v2\/types\/product"}],"wp:featuredmedia":[{"embeddable":true,"href":"https:\/\/rexhagold.com\/en\/wp-json\/wp\/v2\/media\/11727"}],"wp:attachment":[{"href":"https:\/\/rexhagold.com\/en\/wp-json\/wp\/v2\/media?parent=11726"}],"wp:term":[{"taxonomy":"product_brand","embeddable":true,"href":"https:\/\/rexhagold.com\/en\/wp-json\/wp\/v2\/product_brand?post=11726"},{"taxonomy":"product_cat","embeddable":true,"href":"https:\/\/rexhagold.com\/en\/wp-json\/wp\/v2\/product_cat?post=11726"},{"taxonomy":"product_tag","embeddable":true,"href":"https:\/\/rexhagold.com\/en\/wp-json\/wp\/v2\/product_tag?post=11726"},{"taxonomy":"berocket_brand","embeddable":true,"href":"https:\/\/rexhagold.com\/en\/wp-json\/wp\/v2\/berocket_brand?post=11726"}],"curies":[{"name":"wp","href":"https:\/\/api.w.org\/{rel}","templated":true}]}}