{"id":11774,"date":"2025-08-25T17:28:36","date_gmt":"2025-08-25T17:28:36","guid":{"rendered":"https:\/\/rexhagold.com\/?post_type=product&#038;p=11774"},"modified":"2025-08-26T14:47:33","modified_gmt":"2025-08-26T14:47:33","slug":"devotion-earrings","status":"publish","type":"product","link":"https:\/\/rexhagold.com\/en\/product\/devotion-earrings\/","title":{"rendered":"D&#038;G Devotion Earrings"},"content":{"rendered":"<p>Vath\u00ebt hoop prej floriri t\u00eb verdh\u00eb 18 kt p\u00ebrb\u00ebhen nga tre element\u00eb q\u00eb ndjekin me eleganc\u00eb nj\u00ebri-tjetrin nga lart-posht\u00eb n\u00eb k\u00ebt\u00eb rend: nj\u00eb kat\u00ebrflet\u00ebsh i punuar me perla sferike, nj\u00eb fjongo elegante e stolisur me pav\u00e9 diamantesh t\u00eb bardh dhe nj\u00eb zem\u00ebr e shenjt\u00eb e mrekullueshme, simbol i dashuris\u00eb s\u00eb pakusht\u00ebzuar, e rrethuar me pav\u00e9 diamantesh. Brenda zemr\u00ebs s\u00eb shenjt\u00eb \u00ebsht\u00eb gdhendur logoja DG.<\/p>\n<p>Karakteristikat teknike:<br \/>\nFlori 750\/000<\/p>\n<p>Gur\u00ebt e \u00e7muar:<br \/>\n156 diamante t\u00eb bardh (0.35 karat\u00eb)<br \/>\n6 perla natyrale sferike (uj\u00eb i \u00ebmb\u00ebl)<\/p>\n<p>Prodhuar n\u00eb Itali<\/p>\n<p>Flori i verdh\u00eb 750\/000<\/p>\n","protected":false},"excerpt":{"rendered":"<p>Vath\u00ebt hoop prej floriri t\u00eb verdh\u00eb 18 kt p\u00ebrb\u00ebhen nga tre element\u00eb q\u00eb ndjekin me eleganc\u00eb nj\u00ebri-tjetrin nga lart-posht\u00eb n\u00eb k\u00ebt\u00eb rend: nj\u00eb kat\u00ebrflet\u00ebsh i punuar me perla sferike, nj\u00eb fjongo elegante e stolisur me pav\u00e9 diamantesh t\u00eb bardh dhe nj\u00eb zem\u00ebr e shenjt\u00eb e mrekullueshme, simbol i dashuris\u00eb s\u00eb pakusht\u00ebzuar, e rrethuar me pav\u00e9 [&hellip;]<\/p>\n","protected":false},"featured_media":11775,"template":"","meta":{"inline_featured_image":false},"product_brand":[],"product_cat":[965,940,1085,22,50],"product_tag":[],"berocket_brand":[],"class_list":{"0":"post-11774","1":"product","2":"type-product","3":"status-publish","4":"has-post-thumbnail","6":"product_cat-boutique-vethe","7":"product_cat-brande-femra","8":"product_cat-dolcegabbana-fine-jewelry","9":"product_cat-femra","10":"product_cat-vethe","11":"wpisset-post","12":"wpisset-post-featured","13":"wpisset-woo-has-gallery","15":"first","16":"instock","17":"shipping-taxable","18":"purchasable","19":"product-type-simple"},"acf":[],"yoast_head":"<!-- This site is optimized with the Yoast SEO plugin v26.5 - https:\/\/yoast.com\/wordpress\/plugins\/seo\/ -->\n<title>D&amp;G Devotion Earrings - Rexha Gold<\/title>\n<meta name=\"description\" content=\"Explore our collection of D&amp;G Devotion Earrings. Rexha Gold offers the best jewelry made in Italy by the most famous Italian manufacturers.\" \/>\n<meta name=\"robots\" content=\"index, follow, max-snippet:-1, max-image-preview:large, max-video-preview:-1\" \/>\n<link rel=\"canonical\" href=\"https:\/\/rexhagold.com\/produkti\/devotion-earrings\/\" \/>\n<meta property=\"og:locale\" content=\"en_US\" \/>\n<meta property=\"og:type\" content=\"article\" \/>\n<meta property=\"og:title\" content=\"D&amp;G Devotion Earrings - Rexha Gold\" \/>\n<meta property=\"og:description\" content=\"Explore our collection of D&amp;G Devotion Earrings. Rexha Gold offers the best jewelry made in Italy by the most famous Italian manufacturers.\" \/>\n<meta property=\"og:url\" content=\"https:\/\/rexhagold.com\/produkti\/devotion-earrings\/\" \/>\n<meta property=\"og:site_name\" content=\"Rexha Gold\" \/>\n<meta property=\"article:modified_time\" content=\"2025-08-26T14:47:33+00:00\" \/>\n<meta property=\"og:image\" content=\"https:\/\/rexhagold.com\/wp-content\/uploads\/2025\/08\/imgi_75_WELD2GWDPY1_ZOO00_1-e1756143039137.jpg\" \/>\n\t<meta property=\"og:image:width\" content=\"1700\" \/>\n\t<meta property=\"og:image:height\" content=\"1700\" \/>\n\t<meta property=\"og:image:type\" content=\"image\/jpeg\" \/>\n<meta name=\"twitter:card\" content=\"summary_large_image\" \/>\n<meta name=\"twitter:label1\" content=\"Est. reading time\" \/>\n\t<meta name=\"twitter:data1\" content=\"1 minute\" \/>\n<script type=\"application\/ld+json\" class=\"yoast-schema-graph\">{\"@context\":\"https:\/\/schema.org\",\"@graph\":[{\"@type\":\"WebPage\",\"@id\":\"https:\/\/rexhagold.com\/produkti\/devotion-earrings\/\",\"url\":\"https:\/\/rexhagold.com\/produkti\/devotion-earrings\/\",\"name\":\"D&G Devotion Earrings - Rexha Gold\",\"isPartOf\":{\"@id\":\"https:\/\/rexhagold.com\/#website\"},\"primaryImageOfPage\":{\"@id\":\"https:\/\/rexhagold.com\/produkti\/devotion-earrings\/#primaryimage\"},\"image\":{\"@id\":\"https:\/\/rexhagold.com\/produkti\/devotion-earrings\/#primaryimage\"},\"thumbnailUrl\":\"https:\/\/rexhagold.com\/wp-content\/uploads\/2025\/08\/imgi_75_WELD2GWDPY1_ZOO00_1-e1756143039137.jpg\",\"datePublished\":\"2025-08-25T17:28:36+00:00\",\"dateModified\":\"2025-08-26T14:47:33+00:00\",\"description\":\"Explore our collection of D&G Devotion Earrings. Rexha Gold offers the best jewelry made in Italy by the most famous Italian manufacturers.\",\"breadcrumb\":{\"@id\":\"https:\/\/rexhagold.com\/produkti\/devotion-earrings\/#breadcrumb\"},\"inLanguage\":\"en-US\",\"potentialAction\":[{\"@type\":\"ReadAction\",\"target\":[\"https:\/\/rexhagold.com\/produkti\/devotion-earrings\/\"]}]},{\"@type\":\"ImageObject\",\"inLanguage\":\"en-US\",\"@id\":\"https:\/\/rexhagold.com\/produkti\/devotion-earrings\/#primaryimage\",\"url\":\"https:\/\/rexhagold.com\/wp-content\/uploads\/2025\/08\/imgi_75_WELD2GWDPY1_ZOO00_1-e1756143039137.jpg\",\"contentUrl\":\"https:\/\/rexhagold.com\/wp-content\/uploads\/2025\/08\/imgi_75_WELD2GWDPY1_ZOO00_1-e1756143039137.jpg\",\"width\":1700,\"height\":1700},{\"@type\":\"BreadcrumbList\",\"@id\":\"https:\/\/rexhagold.com\/produkti\/devotion-earrings\/#breadcrumb\",\"itemListElement\":[{\"@type\":\"ListItem\",\"position\":1,\"name\":\"Home\",\"item\":\"https:\/\/rexhagold.com\/en\/\"},{\"@type\":\"ListItem\",\"position\":2,\"name\":\"Shop\",\"item\":\"https:\/\/rexhagold.com\/en\/shop-2\/\"},{\"@type\":\"ListItem\",\"position\":3,\"name\":\"D&#038;G Devotion Earrings\"}]},{\"@type\":\"WebSite\",\"@id\":\"https:\/\/rexhagold.com\/#website\",\"url\":\"https:\/\/rexhagold.com\/\",\"name\":\"Rexha Gold Jewelry\",\"description\":\"Rexha Gold\",\"publisher\":{\"@id\":\"https:\/\/rexhagold.com\/#organization\"},\"potentialAction\":[{\"@type\":\"SearchAction\",\"target\":{\"@type\":\"EntryPoint\",\"urlTemplate\":\"https:\/\/rexhagold.com\/?s={search_term_string}\"},\"query-input\":{\"@type\":\"PropertyValueSpecification\",\"valueRequired\":true,\"valueName\":\"search_term_string\"}}],\"inLanguage\":\"en-US\"},{\"@type\":\"Organization\",\"@id\":\"https:\/\/rexhagold.com\/#organization\",\"name\":\"Rexha Gold Jewelry\",\"url\":\"https:\/\/rexhagold.com\/\",\"logo\":{\"@type\":\"ImageObject\",\"inLanguage\":\"en-US\",\"@id\":\"https:\/\/rexhagold.com\/#\/schema\/logo\/image\/\",\"url\":\"https:\/\/rexhagold.com\/wp-content\/uploads\/2022\/04\/rexhagold-black.png\",\"contentUrl\":\"https:\/\/rexhagold.com\/wp-content\/uploads\/2022\/04\/rexhagold-black.png\",\"width\":300,\"height\":278,\"caption\":\"Rexha Gold Jewelry\"},\"image\":{\"@id\":\"https:\/\/rexhagold.com\/#\/schema\/logo\/image\/\"}}]}<\/script>\n<!-- \/ Yoast SEO plugin. -->","yoast_head_json":{"title":"D&G Devotion Earrings - Rexha Gold","description":"Explore our collection of D&G Devotion Earrings. Rexha Gold offers the best jewelry made in Italy by the most famous Italian manufacturers.","robots":{"index":"index","follow":"follow","max-snippet":"max-snippet:-1","max-image-preview":"max-image-preview:large","max-video-preview":"max-video-preview:-1"},"canonical":"https:\/\/rexhagold.com\/produkti\/devotion-earrings\/","og_locale":"en_US","og_type":"article","og_title":"D&G Devotion Earrings - Rexha Gold","og_description":"Explore our collection of D&G Devotion Earrings. Rexha Gold offers the best jewelry made in Italy by the most famous Italian manufacturers.","og_url":"https:\/\/rexhagold.com\/produkti\/devotion-earrings\/","og_site_name":"Rexha Gold","article_modified_time":"2025-08-26T14:47:33+00:00","og_image":[{"width":1700,"height":1700,"url":"https:\/\/rexhagold.com\/wp-content\/uploads\/2025\/08\/imgi_75_WELD2GWDPY1_ZOO00_1-e1756143039137.jpg","type":"image\/jpeg"}],"twitter_card":"summary_large_image","twitter_misc":{"Est. reading time":"1 minute"},"schema":{"@context":"https:\/\/schema.org","@graph":[{"@type":"WebPage","@id":"https:\/\/rexhagold.com\/produkti\/devotion-earrings\/","url":"https:\/\/rexhagold.com\/produkti\/devotion-earrings\/","name":"D&G Devotion Earrings - Rexha Gold","isPartOf":{"@id":"https:\/\/rexhagold.com\/#website"},"primaryImageOfPage":{"@id":"https:\/\/rexhagold.com\/produkti\/devotion-earrings\/#primaryimage"},"image":{"@id":"https:\/\/rexhagold.com\/produkti\/devotion-earrings\/#primaryimage"},"thumbnailUrl":"https:\/\/rexhagold.com\/wp-content\/uploads\/2025\/08\/imgi_75_WELD2GWDPY1_ZOO00_1-e1756143039137.jpg","datePublished":"2025-08-25T17:28:36+00:00","dateModified":"2025-08-26T14:47:33+00:00","description":"Explore our collection of D&G Devotion Earrings. Rexha Gold offers the best jewelry made in Italy by the most famous Italian manufacturers.","breadcrumb":{"@id":"https:\/\/rexhagold.com\/produkti\/devotion-earrings\/#breadcrumb"},"inLanguage":"en-US","potentialAction":[{"@type":"ReadAction","target":["https:\/\/rexhagold.com\/produkti\/devotion-earrings\/"]}]},{"@type":"ImageObject","inLanguage":"en-US","@id":"https:\/\/rexhagold.com\/produkti\/devotion-earrings\/#primaryimage","url":"https:\/\/rexhagold.com\/wp-content\/uploads\/2025\/08\/imgi_75_WELD2GWDPY1_ZOO00_1-e1756143039137.jpg","contentUrl":"https:\/\/rexhagold.com\/wp-content\/uploads\/2025\/08\/imgi_75_WELD2GWDPY1_ZOO00_1-e1756143039137.jpg","width":1700,"height":1700},{"@type":"BreadcrumbList","@id":"https:\/\/rexhagold.com\/produkti\/devotion-earrings\/#breadcrumb","itemListElement":[{"@type":"ListItem","position":1,"name":"Home","item":"https:\/\/rexhagold.com\/en\/"},{"@type":"ListItem","position":2,"name":"Shop","item":"https:\/\/rexhagold.com\/en\/shop-2\/"},{"@type":"ListItem","position":3,"name":"D&#038;G Devotion Earrings"}]},{"@type":"WebSite","@id":"https:\/\/rexhagold.com\/#website","url":"https:\/\/rexhagold.com\/","name":"Rexha Gold Jewelry","description":"Rexha Gold","publisher":{"@id":"https:\/\/rexhagold.com\/#organization"},"potentialAction":[{"@type":"SearchAction","target":{"@type":"EntryPoint","urlTemplate":"https:\/\/rexhagold.com\/?s={search_term_string}"},"query-input":{"@type":"PropertyValueSpecification","valueRequired":true,"valueName":"search_term_string"}}],"inLanguage":"en-US"},{"@type":"Organization","@id":"https:\/\/rexhagold.com\/#organization","name":"Rexha Gold Jewelry","url":"https:\/\/rexhagold.com\/","logo":{"@type":"ImageObject","inLanguage":"en-US","@id":"https:\/\/rexhagold.com\/#\/schema\/logo\/image\/","url":"https:\/\/rexhagold.com\/wp-content\/uploads\/2022\/04\/rexhagold-black.png","contentUrl":"https:\/\/rexhagold.com\/wp-content\/uploads\/2022\/04\/rexhagold-black.png","width":300,"height":278,"caption":"Rexha Gold Jewelry"},"image":{"@id":"https:\/\/rexhagold.com\/#\/schema\/logo\/image\/"}}]}},"_links":{"self":[{"href":"https:\/\/rexhagold.com\/en\/wp-json\/wp\/v2\/product\/11774","targetHints":{"allow":["GET"]}}],"collection":[{"href":"https:\/\/rexhagold.com\/en\/wp-json\/wp\/v2\/product"}],"about":[{"href":"https:\/\/rexhagold.com\/en\/wp-json\/wp\/v2\/types\/product"}],"wp:featuredmedia":[{"embeddable":true,"href":"https:\/\/rexhagold.com\/en\/wp-json\/wp\/v2\/media\/11775"}],"wp:attachment":[{"href":"https:\/\/rexhagold.com\/en\/wp-json\/wp\/v2\/media?parent=11774"}],"wp:term":[{"taxonomy":"product_brand","embeddable":true,"href":"https:\/\/rexhagold.com\/en\/wp-json\/wp\/v2\/product_brand?post=11774"},{"taxonomy":"product_cat","embeddable":true,"href":"https:\/\/rexhagold.com\/en\/wp-json\/wp\/v2\/product_cat?post=11774"},{"taxonomy":"product_tag","embeddable":true,"href":"https:\/\/rexhagold.com\/en\/wp-json\/wp\/v2\/product_tag?post=11774"},{"taxonomy":"berocket_brand","embeddable":true,"href":"https:\/\/rexhagold.com\/en\/wp-json\/wp\/v2\/berocket_brand?post=11774"}],"curies":[{"name":"wp","href":"https:\/\/api.w.org\/{rel}","templated":true}]}}