{"id":11842,"date":"2025-08-26T14:37:05","date_gmt":"2025-08-26T14:37:05","guid":{"rendered":"https:\/\/rexhagold.com\/?post_type=product&#038;p=11842"},"modified":"2025-08-26T14:46:27","modified_gmt":"2025-08-26T14:46:27","slug":"aleluia-necklace","status":"publish","type":"product","link":"https:\/\/rexhagold.com\/en\/product\/aleluia-necklace\/","title":{"rendered":"Alelui\u00e1 Necklace"},"content":{"rendered":"<p>Var\u00ebse n\u00eb flori 18k roz\u00eb me diamante t\u00eb bardh\u00eb dhe shampanj\u00eb.<\/p>\n<p>Alelui\u00e1 \u00ebsht\u00eb nj\u00eb himn p\u00ebr bukurin\u00eb dhe dashurin\u00eb.<br \/>\nGjethet pasqyrojn\u00eb krah\u00eb q\u00eb fuqizojn\u00eb gruan t\u00eb marr\u00eb fluturimin drejt mrekullive t\u00eb bot\u00ebs, n\u00eb nj\u00eb udh\u00ebtim q\u00eb riform\u00ebson t\u00eb gjith\u00eb hyjnin\u00eb e saj.<br \/>\nGjethet e koleksionit Alelui\u00e1 jan\u00eb punuar dhe montuar nj\u00eb nga nj\u00eb, p\u00ebr t\u2019u bashkuar m\u00eb pas me kujdes. Kjo teknik\u00eb mund\u00ebson ruajtjen e form\u00ebs s\u00eb gjetheve dhe sakt\u00ebsin\u00eb e shtres\u00ebzimeve.<\/p>\n<p>Metodat e nd\u00ebrlikuara t\u00eb prodhimit q\u00eb p\u00ebrdoren p\u00ebr t\u00eb krijuar k\u00ebto bizhuteri mund t\u2019u besohen vet\u00ebm mjesht\u00ebrve argjendar\u00eb me talent, ekspertiz\u00eb dhe p\u00ebrvoj\u00eb t\u00eb jasht\u00ebzakonshme. Dizajni kreativ dhe procesi i realizimit t\u00eb \u00e7do koleksioni k\u00ebrkon rreth nj\u00eb vit konceptim.<\/p>\n<p>Var\u00ebse<\/p>\n<p>Gjat\u00ebsia: 44 cm<\/p>\n<p>Flori roz\u00eb 18k<\/p>\n<p>Diamante t\u00eb bardh\u00eb: 0.09 ct<\/p>\n<p>Diamante shampanj\u00eb: 0.71 ct<\/p>\n","protected":false},"excerpt":{"rendered":"<p>Var\u00ebse n\u00eb flori 18k roz\u00eb me diamante t\u00eb bardh\u00eb dhe shampanj\u00eb. Alelui\u00e1 \u00ebsht\u00eb nj\u00eb himn p\u00ebr bukurin\u00eb dhe dashurin\u00eb. Gjethet pasqyrojn\u00eb krah\u00eb q\u00eb fuqizojn\u00eb gruan t\u00eb marr\u00eb fluturimin drejt mrekullive t\u00eb bot\u00ebs, n\u00eb nj\u00eb udh\u00ebtim q\u00eb riform\u00ebson t\u00eb gjith\u00eb hyjnin\u00eb e saj. Gjethet e koleksionit Alelui\u00e1 jan\u00eb punuar dhe montuar nj\u00eb nga nj\u00eb, p\u00ebr t\u2019u [&hellip;]<\/p>\n","protected":false},"featured_media":11843,"template":"","meta":{"inline_featured_image":false},"product_brand":[],"product_cat":[960,940,22,1087,47],"product_tag":[],"berocket_brand":[],"class_list":{"0":"post-11842","1":"product","2":"type-product","3":"status-publish","4":"has-post-thumbnail","6":"product_cat-boutique-varese","7":"product_cat-brande-femra","8":"product_cat-femra","9":"product_cat-pasquale-bruni","10":"product_cat-varese","11":"wpisset-post","12":"wpisset-post-featured","13":"wpisset-woo-has-gallery","15":"first","16":"instock","17":"shipping-taxable","18":"product-type-simple"},"acf":[],"yoast_head":"<!-- This site is optimized with the Yoast SEO plugin v26.5 - https:\/\/yoast.com\/wordpress\/plugins\/seo\/ -->\n<title>Alelui\u00e1 Necklace - Rexha Gold<\/title>\n<meta name=\"description\" content=\"Explore our collection of Alelui\u00e1 Necklace. Rexha Gold offers the best jewelry made in Italy by the most famous Italian manufacturers.\" \/>\n<meta name=\"robots\" content=\"index, follow, max-snippet:-1, max-image-preview:large, max-video-preview:-1\" \/>\n<link rel=\"canonical\" href=\"https:\/\/rexhagold.com\/produkti\/aleluia-necklace\/\" \/>\n<meta property=\"og:locale\" content=\"en_US\" \/>\n<meta property=\"og:type\" content=\"article\" \/>\n<meta property=\"og:title\" content=\"Alelui\u00e1 Necklace - Rexha Gold\" \/>\n<meta property=\"og:description\" content=\"Explore our collection of Alelui\u00e1 Necklace. Rexha Gold offers the best jewelry made in Italy by the most famous Italian manufacturers.\" \/>\n<meta property=\"og:url\" content=\"https:\/\/rexhagold.com\/produkti\/aleluia-necklace\/\" \/>\n<meta property=\"og:site_name\" content=\"Rexha Gold\" \/>\n<meta property=\"article:modified_time\" content=\"2025-08-26T14:46:27+00:00\" \/>\n<meta property=\"og:image\" content=\"https:\/\/rexhagold.com\/wp-content\/uploads\/2025\/08\/PB-_0006_16441R.jpg\" \/>\n\t<meta property=\"og:image:width\" content=\"1080\" \/>\n\t<meta property=\"og:image:height\" content=\"1080\" \/>\n\t<meta property=\"og:image:type\" content=\"image\/jpeg\" \/>\n<meta name=\"twitter:card\" content=\"summary_large_image\" \/>\n<meta name=\"twitter:label1\" content=\"Est. reading time\" \/>\n\t<meta name=\"twitter:data1\" content=\"1 minute\" \/>\n<script type=\"application\/ld+json\" class=\"yoast-schema-graph\">{\"@context\":\"https:\/\/schema.org\",\"@graph\":[{\"@type\":\"WebPage\",\"@id\":\"https:\/\/rexhagold.com\/produkti\/aleluia-necklace\/\",\"url\":\"https:\/\/rexhagold.com\/produkti\/aleluia-necklace\/\",\"name\":\"Alelui\u00e1 Necklace - Rexha Gold\",\"isPartOf\":{\"@id\":\"https:\/\/rexhagold.com\/#website\"},\"primaryImageOfPage\":{\"@id\":\"https:\/\/rexhagold.com\/produkti\/aleluia-necklace\/#primaryimage\"},\"image\":{\"@id\":\"https:\/\/rexhagold.com\/produkti\/aleluia-necklace\/#primaryimage\"},\"thumbnailUrl\":\"https:\/\/rexhagold.com\/wp-content\/uploads\/2025\/08\/PB-_0006_16441R.jpg\",\"datePublished\":\"2025-08-26T14:37:05+00:00\",\"dateModified\":\"2025-08-26T14:46:27+00:00\",\"description\":\"Explore our collection of Alelui\u00e1 Necklace. Rexha Gold offers the best jewelry made in Italy by the most famous Italian manufacturers.\",\"breadcrumb\":{\"@id\":\"https:\/\/rexhagold.com\/produkti\/aleluia-necklace\/#breadcrumb\"},\"inLanguage\":\"en-US\",\"potentialAction\":[{\"@type\":\"ReadAction\",\"target\":[\"https:\/\/rexhagold.com\/produkti\/aleluia-necklace\/\"]}]},{\"@type\":\"ImageObject\",\"inLanguage\":\"en-US\",\"@id\":\"https:\/\/rexhagold.com\/produkti\/aleluia-necklace\/#primaryimage\",\"url\":\"https:\/\/rexhagold.com\/wp-content\/uploads\/2025\/08\/PB-_0006_16441R.jpg\",\"contentUrl\":\"https:\/\/rexhagold.com\/wp-content\/uploads\/2025\/08\/PB-_0006_16441R.jpg\",\"width\":1080,\"height\":1080},{\"@type\":\"BreadcrumbList\",\"@id\":\"https:\/\/rexhagold.com\/produkti\/aleluia-necklace\/#breadcrumb\",\"itemListElement\":[{\"@type\":\"ListItem\",\"position\":1,\"name\":\"Home\",\"item\":\"https:\/\/rexhagold.com\/en\/\"},{\"@type\":\"ListItem\",\"position\":2,\"name\":\"Shop\",\"item\":\"https:\/\/rexhagold.com\/en\/shop-2\/\"},{\"@type\":\"ListItem\",\"position\":3,\"name\":\"Alelui\u00e1 Necklace\"}]},{\"@type\":\"WebSite\",\"@id\":\"https:\/\/rexhagold.com\/#website\",\"url\":\"https:\/\/rexhagold.com\/\",\"name\":\"Rexha Gold Jewelry\",\"description\":\"Rexha Gold\",\"publisher\":{\"@id\":\"https:\/\/rexhagold.com\/#organization\"},\"potentialAction\":[{\"@type\":\"SearchAction\",\"target\":{\"@type\":\"EntryPoint\",\"urlTemplate\":\"https:\/\/rexhagold.com\/?s={search_term_string}\"},\"query-input\":{\"@type\":\"PropertyValueSpecification\",\"valueRequired\":true,\"valueName\":\"search_term_string\"}}],\"inLanguage\":\"en-US\"},{\"@type\":\"Organization\",\"@id\":\"https:\/\/rexhagold.com\/#organization\",\"name\":\"Rexha Gold Jewelry\",\"url\":\"https:\/\/rexhagold.com\/\",\"logo\":{\"@type\":\"ImageObject\",\"inLanguage\":\"en-US\",\"@id\":\"https:\/\/rexhagold.com\/#\/schema\/logo\/image\/\",\"url\":\"https:\/\/rexhagold.com\/wp-content\/uploads\/2022\/04\/rexhagold-black.png\",\"contentUrl\":\"https:\/\/rexhagold.com\/wp-content\/uploads\/2022\/04\/rexhagold-black.png\",\"width\":300,\"height\":278,\"caption\":\"Rexha Gold Jewelry\"},\"image\":{\"@id\":\"https:\/\/rexhagold.com\/#\/schema\/logo\/image\/\"}}]}<\/script>\n<!-- \/ Yoast SEO plugin. -->","yoast_head_json":{"title":"Alelui\u00e1 Necklace - Rexha Gold","description":"Explore our collection of Alelui\u00e1 Necklace. Rexha Gold offers the best jewelry made in Italy by the most famous Italian manufacturers.","robots":{"index":"index","follow":"follow","max-snippet":"max-snippet:-1","max-image-preview":"max-image-preview:large","max-video-preview":"max-video-preview:-1"},"canonical":"https:\/\/rexhagold.com\/produkti\/aleluia-necklace\/","og_locale":"en_US","og_type":"article","og_title":"Alelui\u00e1 Necklace - Rexha Gold","og_description":"Explore our collection of Alelui\u00e1 Necklace. Rexha Gold offers the best jewelry made in Italy by the most famous Italian manufacturers.","og_url":"https:\/\/rexhagold.com\/produkti\/aleluia-necklace\/","og_site_name":"Rexha Gold","article_modified_time":"2025-08-26T14:46:27+00:00","og_image":[{"width":1080,"height":1080,"url":"https:\/\/rexhagold.com\/wp-content\/uploads\/2025\/08\/PB-_0006_16441R.jpg","type":"image\/jpeg"}],"twitter_card":"summary_large_image","twitter_misc":{"Est. reading time":"1 minute"},"schema":{"@context":"https:\/\/schema.org","@graph":[{"@type":"WebPage","@id":"https:\/\/rexhagold.com\/produkti\/aleluia-necklace\/","url":"https:\/\/rexhagold.com\/produkti\/aleluia-necklace\/","name":"Alelui\u00e1 Necklace - Rexha Gold","isPartOf":{"@id":"https:\/\/rexhagold.com\/#website"},"primaryImageOfPage":{"@id":"https:\/\/rexhagold.com\/produkti\/aleluia-necklace\/#primaryimage"},"image":{"@id":"https:\/\/rexhagold.com\/produkti\/aleluia-necklace\/#primaryimage"},"thumbnailUrl":"https:\/\/rexhagold.com\/wp-content\/uploads\/2025\/08\/PB-_0006_16441R.jpg","datePublished":"2025-08-26T14:37:05+00:00","dateModified":"2025-08-26T14:46:27+00:00","description":"Explore our collection of Alelui\u00e1 Necklace. Rexha Gold offers the best jewelry made in Italy by the most famous Italian manufacturers.","breadcrumb":{"@id":"https:\/\/rexhagold.com\/produkti\/aleluia-necklace\/#breadcrumb"},"inLanguage":"en-US","potentialAction":[{"@type":"ReadAction","target":["https:\/\/rexhagold.com\/produkti\/aleluia-necklace\/"]}]},{"@type":"ImageObject","inLanguage":"en-US","@id":"https:\/\/rexhagold.com\/produkti\/aleluia-necklace\/#primaryimage","url":"https:\/\/rexhagold.com\/wp-content\/uploads\/2025\/08\/PB-_0006_16441R.jpg","contentUrl":"https:\/\/rexhagold.com\/wp-content\/uploads\/2025\/08\/PB-_0006_16441R.jpg","width":1080,"height":1080},{"@type":"BreadcrumbList","@id":"https:\/\/rexhagold.com\/produkti\/aleluia-necklace\/#breadcrumb","itemListElement":[{"@type":"ListItem","position":1,"name":"Home","item":"https:\/\/rexhagold.com\/en\/"},{"@type":"ListItem","position":2,"name":"Shop","item":"https:\/\/rexhagold.com\/en\/shop-2\/"},{"@type":"ListItem","position":3,"name":"Alelui\u00e1 Necklace"}]},{"@type":"WebSite","@id":"https:\/\/rexhagold.com\/#website","url":"https:\/\/rexhagold.com\/","name":"Rexha Gold Jewelry","description":"Rexha Gold","publisher":{"@id":"https:\/\/rexhagold.com\/#organization"},"potentialAction":[{"@type":"SearchAction","target":{"@type":"EntryPoint","urlTemplate":"https:\/\/rexhagold.com\/?s={search_term_string}"},"query-input":{"@type":"PropertyValueSpecification","valueRequired":true,"valueName":"search_term_string"}}],"inLanguage":"en-US"},{"@type":"Organization","@id":"https:\/\/rexhagold.com\/#organization","name":"Rexha Gold Jewelry","url":"https:\/\/rexhagold.com\/","logo":{"@type":"ImageObject","inLanguage":"en-US","@id":"https:\/\/rexhagold.com\/#\/schema\/logo\/image\/","url":"https:\/\/rexhagold.com\/wp-content\/uploads\/2022\/04\/rexhagold-black.png","contentUrl":"https:\/\/rexhagold.com\/wp-content\/uploads\/2022\/04\/rexhagold-black.png","width":300,"height":278,"caption":"Rexha Gold Jewelry"},"image":{"@id":"https:\/\/rexhagold.com\/#\/schema\/logo\/image\/"}}]}},"_links":{"self":[{"href":"https:\/\/rexhagold.com\/en\/wp-json\/wp\/v2\/product\/11842","targetHints":{"allow":["GET"]}}],"collection":[{"href":"https:\/\/rexhagold.com\/en\/wp-json\/wp\/v2\/product"}],"about":[{"href":"https:\/\/rexhagold.com\/en\/wp-json\/wp\/v2\/types\/product"}],"wp:featuredmedia":[{"embeddable":true,"href":"https:\/\/rexhagold.com\/en\/wp-json\/wp\/v2\/media\/11843"}],"wp:attachment":[{"href":"https:\/\/rexhagold.com\/en\/wp-json\/wp\/v2\/media?parent=11842"}],"wp:term":[{"taxonomy":"product_brand","embeddable":true,"href":"https:\/\/rexhagold.com\/en\/wp-json\/wp\/v2\/product_brand?post=11842"},{"taxonomy":"product_cat","embeddable":true,"href":"https:\/\/rexhagold.com\/en\/wp-json\/wp\/v2\/product_cat?post=11842"},{"taxonomy":"product_tag","embeddable":true,"href":"https:\/\/rexhagold.com\/en\/wp-json\/wp\/v2\/product_tag?post=11842"},{"taxonomy":"berocket_brand","embeddable":true,"href":"https:\/\/rexhagold.com\/en\/wp-json\/wp\/v2\/berocket_brand?post=11842"}],"curies":[{"name":"wp","href":"https:\/\/api.w.org\/{rel}","templated":true}]}}