{"id":11865,"date":"2025-08-26T14:45:39","date_gmt":"2025-08-26T14:45:39","guid":{"rendered":"https:\/\/rexhagold.com\/?post_type=product&#038;p=11865"},"modified":"2025-08-26T14:45:39","modified_gmt":"2025-08-26T14:45:39","slug":"bon-ton-dolce-vita-ring","status":"publish","type":"product","link":"https:\/\/rexhagold.com\/en\/product\/bon-ton-dolce-vita-ring\/","title":{"rendered":"Bon Ton Dolce Vita Ring"},"content":{"rendered":"<p>Unaz\u00eb n\u00eb flori 18k roz\u00eb me praziolit dhe diamante.<\/p>\n<p>Lulja me pes\u00eb petale p\u00ebrfaq\u00ebson ikon\u00ebn e Maisons dhe evokon nj\u00eb fem\u00ebr me nj\u00eb stil jete elegant, harmonik dhe plot sofistikim.<br \/>\nKoleksioni Bon Ton, simboli i t\u00eb cilit \u00ebsht\u00eb pik\u00ebrisht kjo lule, \u00ebsht\u00eb p\u00ebrshtatur, bashk\u00eb me femrat, me ndryshimet e koh\u00ebve dhe t\u00eb shoq\u00ebris\u00eb, pa sakrifikuar thjesht\u00ebsin\u00eb dhe hirin e lindur t\u00eb emblem\u00ebs s\u00eb tij.<br \/>\nPrerja e patentuar \u201cBon Ton cut\u201d e gur\u00ebve paraqet petale t\u00eb buta t\u00eb fasetuara q\u00eb kulmojn\u00eb me nj\u00eb pistil n\u00eb form\u00eb kaboshoni n\u00eb zem\u00ebr t\u00eb bizhuteris\u00eb.<\/p>\n<p>Nj\u00eb koleksion q\u00eb ka ditur t\u00eb rilind\u00eb me sukses duke ruajtur identitetin e vet nd\u00ebr vite.<br \/>\nKoleksioni Bon Ton \u201cDolce Vita\u201d, natyrsh\u00ebm romantik, por nj\u00ebkoh\u00ebsisht informal dhe bashk\u00ebkohor, \u00ebsht\u00eb nj\u00eb homazh p\u00ebr N\u00ebn\u00ebn Natyr\u00eb dhe p\u00ebr femrat \u2013 nj\u00eb shprehje sublime e kreativitetit t\u00eb Eugenia Bruni.<br \/>\nEmri Dolce Vita nderon dashurin\u00eb p\u00ebr vendin ton\u00eb, stilin e jetes\u00ebs dhe eleganc\u00ebn ton\u00eb spontane, duke evokuar at\u00eb \u00ebmb\u00eblsi q\u00eb duhet t\u00eb shoq\u00ebroj\u00eb gjithmon\u00eb jet\u00ebn e nj\u00eb gruaje.<\/p>\n<p>Prazioliti \u00ebsht\u00eb nj\u00eb gur i past\u00ebr, fisnik dhe plot sofistikim. I gjelb\u00ebr dhe i fresk\u00ebt, lidhet me \u00e7akr\u00ebn e zemr\u00ebs. \u00c7akra e kat\u00ebrt mund t\u00eb p\u00ebrkufizohet me nj\u00eb fjal\u00eb: dashuri. Dashuri pa kushte dhe ndjenj\u00eb bashkimi me universin. \u00cbsht\u00eb transparent, plot jet\u00eb dhe i ndritsh\u00ebm, me nj\u00eb energji q\u00eb ndjehet menj\u00ebher\u00eb.<\/p>\n<p>Unaza<\/p>\n<p>Flori roz\u00eb 18k<\/p>\n<p>Diamante t\u00eb bardh\u00eb: 0.15 ct<\/p>\n<p>Praziolit, madh\u00ebsia e lules: 14 mm<\/p>\n","protected":false},"excerpt":{"rendered":"<p>Unaz\u00eb n\u00eb flori 18k roz\u00eb me praziolit dhe diamante. Lulja me pes\u00eb petale p\u00ebrfaq\u00ebson ikon\u00ebn e Maisons dhe evokon nj\u00eb fem\u00ebr me nj\u00eb stil jete elegant, harmonik dhe plot sofistikim. Koleksioni Bon Ton, simboli i t\u00eb cilit \u00ebsht\u00eb pik\u00ebrisht kjo lule, \u00ebsht\u00eb p\u00ebrshtatur, bashk\u00eb me femrat, me ndryshimet e koh\u00ebve dhe t\u00eb shoq\u00ebris\u00eb, pa sakrifikuar [&hellip;]<\/p>\n","protected":false},"featured_media":11866,"template":"","meta":{"inline_featured_image":false},"product_brand":[],"product_cat":[948,940,22,1087,48],"product_tag":[],"berocket_brand":[],"class_list":{"0":"post-11865","1":"product","2":"type-product","3":"status-publish","4":"has-post-thumbnail","6":"product_cat-boutique","7":"product_cat-brande-femra","8":"product_cat-femra","9":"product_cat-pasquale-bruni","10":"product_cat-unaza","11":"wpisset-post","12":"wpisset-post-featured","13":"wpisset-woo-has-gallery","15":"first","16":"instock","17":"shipping-taxable","18":"product-type-simple"},"acf":[],"yoast_head":"<!-- This site is optimized with the Yoast SEO plugin v26.5 - https:\/\/yoast.com\/wordpress\/plugins\/seo\/ -->\n<title>Bon Ton Dolce Vita Ring - Rexha Gold<\/title>\n<meta name=\"description\" content=\"Explore our collection of Bon Ton Dolce Vita Ring. Rexha Gold offers the best jewelry made in Italy by the most famous Italian manufacturers.\" \/>\n<meta name=\"robots\" content=\"index, follow, max-snippet:-1, max-image-preview:large, max-video-preview:-1\" \/>\n<link rel=\"canonical\" href=\"https:\/\/rexhagold.com\/produkti\/bon-ton-dolce-vita-ring\/\" \/>\n<meta property=\"og:locale\" content=\"en_US\" \/>\n<meta property=\"og:type\" content=\"article\" \/>\n<meta property=\"og:title\" content=\"Bon Ton Dolce Vita Ring - Rexha Gold\" \/>\n<meta property=\"og:description\" content=\"Explore our collection of Bon Ton Dolce Vita Ring. Rexha Gold offers the best jewelry made in Italy by the most famous Italian manufacturers.\" \/>\n<meta property=\"og:url\" content=\"https:\/\/rexhagold.com\/produkti\/bon-ton-dolce-vita-ring\/\" \/>\n<meta property=\"og:site_name\" content=\"Rexha Gold\" \/>\n<meta property=\"og:image\" content=\"https:\/\/rexhagold.com\/wp-content\/uploads\/2025\/08\/PB-_0027_16107R.jpg\" \/>\n\t<meta property=\"og:image:width\" content=\"1080\" \/>\n\t<meta property=\"og:image:height\" content=\"1080\" \/>\n\t<meta property=\"og:image:type\" content=\"image\/jpeg\" \/>\n<meta name=\"twitter:card\" content=\"summary_large_image\" \/>\n<meta name=\"twitter:label1\" content=\"Est. reading time\" \/>\n\t<meta name=\"twitter:data1\" content=\"1 minute\" \/>\n<script type=\"application\/ld+json\" class=\"yoast-schema-graph\">{\"@context\":\"https:\/\/schema.org\",\"@graph\":[{\"@type\":\"WebPage\",\"@id\":\"https:\/\/rexhagold.com\/produkti\/bon-ton-dolce-vita-ring\/\",\"url\":\"https:\/\/rexhagold.com\/produkti\/bon-ton-dolce-vita-ring\/\",\"name\":\"Bon Ton Dolce Vita Ring - Rexha Gold\",\"isPartOf\":{\"@id\":\"https:\/\/rexhagold.com\/#website\"},\"primaryImageOfPage\":{\"@id\":\"https:\/\/rexhagold.com\/produkti\/bon-ton-dolce-vita-ring\/#primaryimage\"},\"image\":{\"@id\":\"https:\/\/rexhagold.com\/produkti\/bon-ton-dolce-vita-ring\/#primaryimage\"},\"thumbnailUrl\":\"https:\/\/rexhagold.com\/wp-content\/uploads\/2025\/08\/PB-_0027_16107R.jpg\",\"datePublished\":\"2025-08-26T14:45:39+00:00\",\"description\":\"Explore our collection of Bon Ton Dolce Vita Ring. Rexha Gold offers the best jewelry made in Italy by the most famous Italian manufacturers.\",\"breadcrumb\":{\"@id\":\"https:\/\/rexhagold.com\/produkti\/bon-ton-dolce-vita-ring\/#breadcrumb\"},\"inLanguage\":\"en-US\",\"potentialAction\":[{\"@type\":\"ReadAction\",\"target\":[\"https:\/\/rexhagold.com\/produkti\/bon-ton-dolce-vita-ring\/\"]}]},{\"@type\":\"ImageObject\",\"inLanguage\":\"en-US\",\"@id\":\"https:\/\/rexhagold.com\/produkti\/bon-ton-dolce-vita-ring\/#primaryimage\",\"url\":\"https:\/\/rexhagold.com\/wp-content\/uploads\/2025\/08\/PB-_0027_16107R.jpg\",\"contentUrl\":\"https:\/\/rexhagold.com\/wp-content\/uploads\/2025\/08\/PB-_0027_16107R.jpg\",\"width\":1080,\"height\":1080},{\"@type\":\"BreadcrumbList\",\"@id\":\"https:\/\/rexhagold.com\/produkti\/bon-ton-dolce-vita-ring\/#breadcrumb\",\"itemListElement\":[{\"@type\":\"ListItem\",\"position\":1,\"name\":\"Home\",\"item\":\"https:\/\/rexhagold.com\/en\/\"},{\"@type\":\"ListItem\",\"position\":2,\"name\":\"Shop\",\"item\":\"https:\/\/rexhagold.com\/en\/shop-2\/\"},{\"@type\":\"ListItem\",\"position\":3,\"name\":\"Bon Ton Dolce Vita Ring\"}]},{\"@type\":\"WebSite\",\"@id\":\"https:\/\/rexhagold.com\/#website\",\"url\":\"https:\/\/rexhagold.com\/\",\"name\":\"Rexha Gold Jewelry\",\"description\":\"Rexha Gold\",\"publisher\":{\"@id\":\"https:\/\/rexhagold.com\/#organization\"},\"potentialAction\":[{\"@type\":\"SearchAction\",\"target\":{\"@type\":\"EntryPoint\",\"urlTemplate\":\"https:\/\/rexhagold.com\/?s={search_term_string}\"},\"query-input\":{\"@type\":\"PropertyValueSpecification\",\"valueRequired\":true,\"valueName\":\"search_term_string\"}}],\"inLanguage\":\"en-US\"},{\"@type\":\"Organization\",\"@id\":\"https:\/\/rexhagold.com\/#organization\",\"name\":\"Rexha Gold Jewelry\",\"url\":\"https:\/\/rexhagold.com\/\",\"logo\":{\"@type\":\"ImageObject\",\"inLanguage\":\"en-US\",\"@id\":\"https:\/\/rexhagold.com\/#\/schema\/logo\/image\/\",\"url\":\"https:\/\/rexhagold.com\/wp-content\/uploads\/2022\/04\/rexhagold-black.png\",\"contentUrl\":\"https:\/\/rexhagold.com\/wp-content\/uploads\/2022\/04\/rexhagold-black.png\",\"width\":300,\"height\":278,\"caption\":\"Rexha Gold Jewelry\"},\"image\":{\"@id\":\"https:\/\/rexhagold.com\/#\/schema\/logo\/image\/\"}}]}<\/script>\n<!-- \/ Yoast SEO plugin. -->","yoast_head_json":{"title":"Bon Ton Dolce Vita Ring - Rexha Gold","description":"Explore our collection of Bon Ton Dolce Vita Ring. Rexha Gold offers the best jewelry made in Italy by the most famous Italian manufacturers.","robots":{"index":"index","follow":"follow","max-snippet":"max-snippet:-1","max-image-preview":"max-image-preview:large","max-video-preview":"max-video-preview:-1"},"canonical":"https:\/\/rexhagold.com\/produkti\/bon-ton-dolce-vita-ring\/","og_locale":"en_US","og_type":"article","og_title":"Bon Ton Dolce Vita Ring - Rexha Gold","og_description":"Explore our collection of Bon Ton Dolce Vita Ring. Rexha Gold offers the best jewelry made in Italy by the most famous Italian manufacturers.","og_url":"https:\/\/rexhagold.com\/produkti\/bon-ton-dolce-vita-ring\/","og_site_name":"Rexha Gold","og_image":[{"width":1080,"height":1080,"url":"https:\/\/rexhagold.com\/wp-content\/uploads\/2025\/08\/PB-_0027_16107R.jpg","type":"image\/jpeg"}],"twitter_card":"summary_large_image","twitter_misc":{"Est. reading time":"1 minute"},"schema":{"@context":"https:\/\/schema.org","@graph":[{"@type":"WebPage","@id":"https:\/\/rexhagold.com\/produkti\/bon-ton-dolce-vita-ring\/","url":"https:\/\/rexhagold.com\/produkti\/bon-ton-dolce-vita-ring\/","name":"Bon Ton Dolce Vita Ring - Rexha Gold","isPartOf":{"@id":"https:\/\/rexhagold.com\/#website"},"primaryImageOfPage":{"@id":"https:\/\/rexhagold.com\/produkti\/bon-ton-dolce-vita-ring\/#primaryimage"},"image":{"@id":"https:\/\/rexhagold.com\/produkti\/bon-ton-dolce-vita-ring\/#primaryimage"},"thumbnailUrl":"https:\/\/rexhagold.com\/wp-content\/uploads\/2025\/08\/PB-_0027_16107R.jpg","datePublished":"2025-08-26T14:45:39+00:00","description":"Explore our collection of Bon Ton Dolce Vita Ring. Rexha Gold offers the best jewelry made in Italy by the most famous Italian manufacturers.","breadcrumb":{"@id":"https:\/\/rexhagold.com\/produkti\/bon-ton-dolce-vita-ring\/#breadcrumb"},"inLanguage":"en-US","potentialAction":[{"@type":"ReadAction","target":["https:\/\/rexhagold.com\/produkti\/bon-ton-dolce-vita-ring\/"]}]},{"@type":"ImageObject","inLanguage":"en-US","@id":"https:\/\/rexhagold.com\/produkti\/bon-ton-dolce-vita-ring\/#primaryimage","url":"https:\/\/rexhagold.com\/wp-content\/uploads\/2025\/08\/PB-_0027_16107R.jpg","contentUrl":"https:\/\/rexhagold.com\/wp-content\/uploads\/2025\/08\/PB-_0027_16107R.jpg","width":1080,"height":1080},{"@type":"BreadcrumbList","@id":"https:\/\/rexhagold.com\/produkti\/bon-ton-dolce-vita-ring\/#breadcrumb","itemListElement":[{"@type":"ListItem","position":1,"name":"Home","item":"https:\/\/rexhagold.com\/en\/"},{"@type":"ListItem","position":2,"name":"Shop","item":"https:\/\/rexhagold.com\/en\/shop-2\/"},{"@type":"ListItem","position":3,"name":"Bon Ton Dolce Vita Ring"}]},{"@type":"WebSite","@id":"https:\/\/rexhagold.com\/#website","url":"https:\/\/rexhagold.com\/","name":"Rexha Gold Jewelry","description":"Rexha Gold","publisher":{"@id":"https:\/\/rexhagold.com\/#organization"},"potentialAction":[{"@type":"SearchAction","target":{"@type":"EntryPoint","urlTemplate":"https:\/\/rexhagold.com\/?s={search_term_string}"},"query-input":{"@type":"PropertyValueSpecification","valueRequired":true,"valueName":"search_term_string"}}],"inLanguage":"en-US"},{"@type":"Organization","@id":"https:\/\/rexhagold.com\/#organization","name":"Rexha Gold Jewelry","url":"https:\/\/rexhagold.com\/","logo":{"@type":"ImageObject","inLanguage":"en-US","@id":"https:\/\/rexhagold.com\/#\/schema\/logo\/image\/","url":"https:\/\/rexhagold.com\/wp-content\/uploads\/2022\/04\/rexhagold-black.png","contentUrl":"https:\/\/rexhagold.com\/wp-content\/uploads\/2022\/04\/rexhagold-black.png","width":300,"height":278,"caption":"Rexha Gold Jewelry"},"image":{"@id":"https:\/\/rexhagold.com\/#\/schema\/logo\/image\/"}}]}},"_links":{"self":[{"href":"https:\/\/rexhagold.com\/en\/wp-json\/wp\/v2\/product\/11865","targetHints":{"allow":["GET"]}}],"collection":[{"href":"https:\/\/rexhagold.com\/en\/wp-json\/wp\/v2\/product"}],"about":[{"href":"https:\/\/rexhagold.com\/en\/wp-json\/wp\/v2\/types\/product"}],"wp:featuredmedia":[{"embeddable":true,"href":"https:\/\/rexhagold.com\/en\/wp-json\/wp\/v2\/media\/11866"}],"wp:attachment":[{"href":"https:\/\/rexhagold.com\/en\/wp-json\/wp\/v2\/media?parent=11865"}],"wp:term":[{"taxonomy":"product_brand","embeddable":true,"href":"https:\/\/rexhagold.com\/en\/wp-json\/wp\/v2\/product_brand?post=11865"},{"taxonomy":"product_cat","embeddable":true,"href":"https:\/\/rexhagold.com\/en\/wp-json\/wp\/v2\/product_cat?post=11865"},{"taxonomy":"product_tag","embeddable":true,"href":"https:\/\/rexhagold.com\/en\/wp-json\/wp\/v2\/product_tag?post=11865"},{"taxonomy":"berocket_brand","embeddable":true,"href":"https:\/\/rexhagold.com\/en\/wp-json\/wp\/v2\/berocket_brand?post=11865"}],"curies":[{"name":"wp","href":"https:\/\/api.w.org\/{rel}","templated":true}]}}