{"id":11901,"date":"2025-08-26T15:56:21","date_gmt":"2025-08-26T15:56:21","guid":{"rendered":"https:\/\/rexhagold.com\/?post_type=product&#038;p=11901"},"modified":"2025-08-26T15:56:21","modified_gmt":"2025-08-26T15:56:21","slug":"bon-ton-dolce-vita-necklace","status":"publish","type":"product","link":"https:\/\/rexhagold.com\/en\/product\/bon-ton-dolce-vita-necklace\/","title":{"rendered":"Bon Ton Dolce Vita Necklace"},"content":{"rendered":"<p>Var\u00ebse \u201cBon Ton Dolce Vita\u201d n\u00eb flori 18k roz\u00eb me praziolit dhe diamante.<\/p>\n<p>Lulja me pes\u00eb petale \u00ebsht\u00eb simboli i Maisons dhe evokon nj\u00eb grua me nj\u00eb stil jete elegant, harmonik dhe plot sofistikim.<br \/>\nKoleksioni Bon Ton, me k\u00ebt\u00eb lule si emblem\u00eb, \u00ebsht\u00eb p\u00ebrshtatur bashk\u00eb me femrat me ritmet e koh\u00ebs dhe t\u00eb shoq\u00ebris\u00eb, pa humbur thjesht\u00ebsin\u00eb dhe hirin e tij t\u00eb lindur.<br \/>\nPrerja e patentuar \u201cBon Ton cut\u201d shfaq petale t\u00eb buta t\u00eb fasetuara q\u00eb p\u00ebrfundojn\u00eb me nj\u00eb pistil kaboshon n\u00eb zem\u00ebr t\u00eb bizhuteris\u00eb.<\/p>\n<p>Nj\u00eb koleksion q\u00eb ka ditur t\u00eb rilind\u00eb duke ruajtur identitetin e tij nd\u00ebr vite.<br \/>\nBon Ton \u201cDolce Vita\u201d, natyrsh\u00ebm romantik, por edhe informal e bashk\u00ebkohor, \u00ebsht\u00eb nj\u00eb homazh p\u00ebr N\u00ebn\u00ebn Natyr\u00eb dhe p\u00ebr femrat \u2013 nj\u00eb shprehje e lart\u00eb e kreativitetit t\u00eb Eugenia Bruni.<br \/>\nEmri Dolce Vita nderon dashurin\u00eb p\u00ebr vendin ton\u00eb, stilin e jetes\u00ebs dhe eleganc\u00ebn ton\u00eb spontane, duke sjell\u00eb n\u00eb mendje \u00ebmb\u00eblsin\u00eb q\u00eb duhet t\u00eb jet\u00eb gjithmon\u00eb pjes\u00eb e jet\u00ebs s\u00eb nj\u00eb gruaje.<\/p>\n<p>Prazioliti \u00ebsht\u00eb nj\u00eb gur i past\u00ebr, fisnik dhe plot sofistikim. I gjelb\u00ebr e i fresk\u00ebt, ai lidhet me \u00e7akr\u00ebn e zemr\u00ebs. \u00c7akra e kat\u00ebrt p\u00ebrkufizohet me nj\u00eb fjal\u00eb: dashuri. Dashuri e pakusht\u00ebzuar dhe ndjenj\u00eb bashkimi me universin. I tejduksh\u00ebm, plot jet\u00eb dhe i ndritsh\u00ebm \u2013 energjia e tij ndihet menj\u00ebher\u00eb.<\/p>\n<p>Var\u00ebse<\/p>\n<p>Gjat\u00ebsia: 43 cm<\/p>\n<p>Flori roz\u00eb 18k<\/p>\n<p>Diamante t\u00eb bardh\u00eb: 0.10 ct<\/p>\n<p>Praziolit 14mm <\/p>\n","protected":false},"excerpt":{"rendered":"<p>Var\u00ebse \u201cBon Ton Dolce Vita\u201d n\u00eb flori 18k roz\u00eb me praziolit dhe diamante. Lulja me pes\u00eb petale \u00ebsht\u00eb simboli i Maisons dhe evokon nj\u00eb grua me nj\u00eb stil jete elegant, harmonik dhe plot sofistikim. Koleksioni Bon Ton, me k\u00ebt\u00eb lule si emblem\u00eb, \u00ebsht\u00eb p\u00ebrshtatur bashk\u00eb me femrat me ritmet e koh\u00ebs dhe t\u00eb shoq\u00ebris\u00eb, pa [&hellip;]<\/p>\n","protected":false},"featured_media":11902,"template":"","meta":{"inline_featured_image":false},"product_brand":[],"product_cat":[15],"product_tag":[],"berocket_brand":[],"class_list":{"0":"post-11901","1":"product","2":"type-product","3":"status-publish","4":"has-post-thumbnail","6":"product_cat-uncategorized","7":"wpisset-post","8":"wpisset-post-featured","9":"wpisset-woo-has-gallery","11":"first","12":"instock","13":"shipping-taxable","14":"product-type-simple"},"acf":[],"yoast_head":"<!-- This site is optimized with the Yoast SEO plugin v26.5 - https:\/\/yoast.com\/wordpress\/plugins\/seo\/ -->\n<title>Bon Ton Dolce Vita Necklace - Rexha Gold<\/title>\n<meta name=\"description\" content=\"Explore our collection of Bon Ton Dolce Vita Necklace. Rexha Gold offers the best jewelry made in Italy by the most famous Italian manufacturers.\" \/>\n<meta name=\"robots\" content=\"index, follow, max-snippet:-1, max-image-preview:large, max-video-preview:-1\" \/>\n<link rel=\"canonical\" href=\"https:\/\/rexhagold.com\/produkti\/bon-ton-dolce-vita-necklace\/\" \/>\n<meta property=\"og:locale\" content=\"en_US\" \/>\n<meta property=\"og:type\" content=\"article\" \/>\n<meta property=\"og:title\" content=\"Bon Ton Dolce Vita Necklace - Rexha Gold\" \/>\n<meta property=\"og:description\" content=\"Explore our collection of Bon Ton Dolce Vita Necklace. Rexha Gold offers the best jewelry made in Italy by the most famous Italian manufacturers.\" \/>\n<meta property=\"og:url\" content=\"https:\/\/rexhagold.com\/produkti\/bon-ton-dolce-vita-necklace\/\" \/>\n<meta property=\"og:site_name\" content=\"Rexha Gold\" \/>\n<meta property=\"og:image\" content=\"https:\/\/rexhagold.com\/wp-content\/uploads\/2025\/08\/PB-_0012_16267R.jpg\" \/>\n\t<meta property=\"og:image:width\" content=\"1080\" \/>\n\t<meta property=\"og:image:height\" content=\"1080\" \/>\n\t<meta property=\"og:image:type\" content=\"image\/jpeg\" \/>\n<meta name=\"twitter:card\" content=\"summary_large_image\" \/>\n<meta name=\"twitter:label1\" content=\"Est. reading time\" \/>\n\t<meta name=\"twitter:data1\" content=\"1 minute\" \/>\n<script type=\"application\/ld+json\" class=\"yoast-schema-graph\">{\"@context\":\"https:\/\/schema.org\",\"@graph\":[{\"@type\":\"WebPage\",\"@id\":\"https:\/\/rexhagold.com\/produkti\/bon-ton-dolce-vita-necklace\/\",\"url\":\"https:\/\/rexhagold.com\/produkti\/bon-ton-dolce-vita-necklace\/\",\"name\":\"Bon Ton Dolce Vita Necklace - Rexha Gold\",\"isPartOf\":{\"@id\":\"https:\/\/rexhagold.com\/#website\"},\"primaryImageOfPage\":{\"@id\":\"https:\/\/rexhagold.com\/produkti\/bon-ton-dolce-vita-necklace\/#primaryimage\"},\"image\":{\"@id\":\"https:\/\/rexhagold.com\/produkti\/bon-ton-dolce-vita-necklace\/#primaryimage\"},\"thumbnailUrl\":\"https:\/\/rexhagold.com\/wp-content\/uploads\/2025\/08\/PB-_0012_16267R.jpg\",\"datePublished\":\"2025-08-26T15:56:21+00:00\",\"description\":\"Explore our collection of Bon Ton Dolce Vita Necklace. Rexha Gold offers the best jewelry made in Italy by the most famous Italian manufacturers.\",\"breadcrumb\":{\"@id\":\"https:\/\/rexhagold.com\/produkti\/bon-ton-dolce-vita-necklace\/#breadcrumb\"},\"inLanguage\":\"en-US\",\"potentialAction\":[{\"@type\":\"ReadAction\",\"target\":[\"https:\/\/rexhagold.com\/produkti\/bon-ton-dolce-vita-necklace\/\"]}]},{\"@type\":\"ImageObject\",\"inLanguage\":\"en-US\",\"@id\":\"https:\/\/rexhagold.com\/produkti\/bon-ton-dolce-vita-necklace\/#primaryimage\",\"url\":\"https:\/\/rexhagold.com\/wp-content\/uploads\/2025\/08\/PB-_0012_16267R.jpg\",\"contentUrl\":\"https:\/\/rexhagold.com\/wp-content\/uploads\/2025\/08\/PB-_0012_16267R.jpg\",\"width\":1080,\"height\":1080},{\"@type\":\"BreadcrumbList\",\"@id\":\"https:\/\/rexhagold.com\/produkti\/bon-ton-dolce-vita-necklace\/#breadcrumb\",\"itemListElement\":[{\"@type\":\"ListItem\",\"position\":1,\"name\":\"Home\",\"item\":\"https:\/\/rexhagold.com\/en\/\"},{\"@type\":\"ListItem\",\"position\":2,\"name\":\"Shop\",\"item\":\"https:\/\/rexhagold.com\/en\/shop-2\/\"},{\"@type\":\"ListItem\",\"position\":3,\"name\":\"Bon Ton Dolce Vita Necklace\"}]},{\"@type\":\"WebSite\",\"@id\":\"https:\/\/rexhagold.com\/#website\",\"url\":\"https:\/\/rexhagold.com\/\",\"name\":\"Rexha Gold Jewelry\",\"description\":\"Rexha Gold\",\"publisher\":{\"@id\":\"https:\/\/rexhagold.com\/#organization\"},\"potentialAction\":[{\"@type\":\"SearchAction\",\"target\":{\"@type\":\"EntryPoint\",\"urlTemplate\":\"https:\/\/rexhagold.com\/?s={search_term_string}\"},\"query-input\":{\"@type\":\"PropertyValueSpecification\",\"valueRequired\":true,\"valueName\":\"search_term_string\"}}],\"inLanguage\":\"en-US\"},{\"@type\":\"Organization\",\"@id\":\"https:\/\/rexhagold.com\/#organization\",\"name\":\"Rexha Gold Jewelry\",\"url\":\"https:\/\/rexhagold.com\/\",\"logo\":{\"@type\":\"ImageObject\",\"inLanguage\":\"en-US\",\"@id\":\"https:\/\/rexhagold.com\/#\/schema\/logo\/image\/\",\"url\":\"https:\/\/rexhagold.com\/wp-content\/uploads\/2022\/04\/rexhagold-black.png\",\"contentUrl\":\"https:\/\/rexhagold.com\/wp-content\/uploads\/2022\/04\/rexhagold-black.png\",\"width\":300,\"height\":278,\"caption\":\"Rexha Gold Jewelry\"},\"image\":{\"@id\":\"https:\/\/rexhagold.com\/#\/schema\/logo\/image\/\"}}]}<\/script>\n<!-- \/ Yoast SEO plugin. -->","yoast_head_json":{"title":"Bon Ton Dolce Vita Necklace - Rexha Gold","description":"Explore our collection of Bon Ton Dolce Vita Necklace. Rexha Gold offers the best jewelry made in Italy by the most famous Italian manufacturers.","robots":{"index":"index","follow":"follow","max-snippet":"max-snippet:-1","max-image-preview":"max-image-preview:large","max-video-preview":"max-video-preview:-1"},"canonical":"https:\/\/rexhagold.com\/produkti\/bon-ton-dolce-vita-necklace\/","og_locale":"en_US","og_type":"article","og_title":"Bon Ton Dolce Vita Necklace - Rexha Gold","og_description":"Explore our collection of Bon Ton Dolce Vita Necklace. Rexha Gold offers the best jewelry made in Italy by the most famous Italian manufacturers.","og_url":"https:\/\/rexhagold.com\/produkti\/bon-ton-dolce-vita-necklace\/","og_site_name":"Rexha Gold","og_image":[{"width":1080,"height":1080,"url":"https:\/\/rexhagold.com\/wp-content\/uploads\/2025\/08\/PB-_0012_16267R.jpg","type":"image\/jpeg"}],"twitter_card":"summary_large_image","twitter_misc":{"Est. reading time":"1 minute"},"schema":{"@context":"https:\/\/schema.org","@graph":[{"@type":"WebPage","@id":"https:\/\/rexhagold.com\/produkti\/bon-ton-dolce-vita-necklace\/","url":"https:\/\/rexhagold.com\/produkti\/bon-ton-dolce-vita-necklace\/","name":"Bon Ton Dolce Vita Necklace - Rexha Gold","isPartOf":{"@id":"https:\/\/rexhagold.com\/#website"},"primaryImageOfPage":{"@id":"https:\/\/rexhagold.com\/produkti\/bon-ton-dolce-vita-necklace\/#primaryimage"},"image":{"@id":"https:\/\/rexhagold.com\/produkti\/bon-ton-dolce-vita-necklace\/#primaryimage"},"thumbnailUrl":"https:\/\/rexhagold.com\/wp-content\/uploads\/2025\/08\/PB-_0012_16267R.jpg","datePublished":"2025-08-26T15:56:21+00:00","description":"Explore our collection of Bon Ton Dolce Vita Necklace. Rexha Gold offers the best jewelry made in Italy by the most famous Italian manufacturers.","breadcrumb":{"@id":"https:\/\/rexhagold.com\/produkti\/bon-ton-dolce-vita-necklace\/#breadcrumb"},"inLanguage":"en-US","potentialAction":[{"@type":"ReadAction","target":["https:\/\/rexhagold.com\/produkti\/bon-ton-dolce-vita-necklace\/"]}]},{"@type":"ImageObject","inLanguage":"en-US","@id":"https:\/\/rexhagold.com\/produkti\/bon-ton-dolce-vita-necklace\/#primaryimage","url":"https:\/\/rexhagold.com\/wp-content\/uploads\/2025\/08\/PB-_0012_16267R.jpg","contentUrl":"https:\/\/rexhagold.com\/wp-content\/uploads\/2025\/08\/PB-_0012_16267R.jpg","width":1080,"height":1080},{"@type":"BreadcrumbList","@id":"https:\/\/rexhagold.com\/produkti\/bon-ton-dolce-vita-necklace\/#breadcrumb","itemListElement":[{"@type":"ListItem","position":1,"name":"Home","item":"https:\/\/rexhagold.com\/en\/"},{"@type":"ListItem","position":2,"name":"Shop","item":"https:\/\/rexhagold.com\/en\/shop-2\/"},{"@type":"ListItem","position":3,"name":"Bon Ton Dolce Vita Necklace"}]},{"@type":"WebSite","@id":"https:\/\/rexhagold.com\/#website","url":"https:\/\/rexhagold.com\/","name":"Rexha Gold Jewelry","description":"Rexha Gold","publisher":{"@id":"https:\/\/rexhagold.com\/#organization"},"potentialAction":[{"@type":"SearchAction","target":{"@type":"EntryPoint","urlTemplate":"https:\/\/rexhagold.com\/?s={search_term_string}"},"query-input":{"@type":"PropertyValueSpecification","valueRequired":true,"valueName":"search_term_string"}}],"inLanguage":"en-US"},{"@type":"Organization","@id":"https:\/\/rexhagold.com\/#organization","name":"Rexha Gold Jewelry","url":"https:\/\/rexhagold.com\/","logo":{"@type":"ImageObject","inLanguage":"en-US","@id":"https:\/\/rexhagold.com\/#\/schema\/logo\/image\/","url":"https:\/\/rexhagold.com\/wp-content\/uploads\/2022\/04\/rexhagold-black.png","contentUrl":"https:\/\/rexhagold.com\/wp-content\/uploads\/2022\/04\/rexhagold-black.png","width":300,"height":278,"caption":"Rexha Gold Jewelry"},"image":{"@id":"https:\/\/rexhagold.com\/#\/schema\/logo\/image\/"}}]}},"_links":{"self":[{"href":"https:\/\/rexhagold.com\/en\/wp-json\/wp\/v2\/product\/11901","targetHints":{"allow":["GET"]}}],"collection":[{"href":"https:\/\/rexhagold.com\/en\/wp-json\/wp\/v2\/product"}],"about":[{"href":"https:\/\/rexhagold.com\/en\/wp-json\/wp\/v2\/types\/product"}],"wp:featuredmedia":[{"embeddable":true,"href":"https:\/\/rexhagold.com\/en\/wp-json\/wp\/v2\/media\/11902"}],"wp:attachment":[{"href":"https:\/\/rexhagold.com\/en\/wp-json\/wp\/v2\/media?parent=11901"}],"wp:term":[{"taxonomy":"product_brand","embeddable":true,"href":"https:\/\/rexhagold.com\/en\/wp-json\/wp\/v2\/product_brand?post=11901"},{"taxonomy":"product_cat","embeddable":true,"href":"https:\/\/rexhagold.com\/en\/wp-json\/wp\/v2\/product_cat?post=11901"},{"taxonomy":"product_tag","embeddable":true,"href":"https:\/\/rexhagold.com\/en\/wp-json\/wp\/v2\/product_tag?post=11901"},{"taxonomy":"berocket_brand","embeddable":true,"href":"https:\/\/rexhagold.com\/en\/wp-json\/wp\/v2\/berocket_brand?post=11901"}],"curies":[{"name":"wp","href":"https:\/\/api.w.org\/{rel}","templated":true}]}}