{"id":6696,"date":"2023-12-21T15:22:33","date_gmt":"2023-12-21T15:22:33","guid":{"rendered":"https:\/\/rexhagold.com\/?post_type=product&#038;p=6696"},"modified":"2024-09-14T11:35:52","modified_gmt":"2024-09-14T11:35:52","slug":"boutique-static-flex-bracelet","status":"publish","type":"product","link":"https:\/\/rexhagold.com\/en\/product\/boutique-static-flex-bracelet\/","title":{"rendered":"Boutique Static Flex Bracelet"},"content":{"rendered":"<p>Byzylyk p\u00ebr femra nga Casato, pjes\u00eb e koleksionit Boutique Static Flex. Byzylyku \u00ebsht\u00eb i punuar n\u00eb m\u00ebnyr\u00eb artizanale n\u00eb flori 18K Rose, p\u00ebrmban brenda nj\u00eb sust\u00eb \u00e7eliku e cila i lejon te ruaj\u00eb pamjen klasike t\u00eb nj\u00eb byzylyku statik dhe nj\u00ebkoh\u00ebsisht t\u00eb jet\u00eb fleksib\u00ebl gjat\u00eb p\u00ebrdorimit t\u00eb p\u00ebrditsh\u00ebm. Montuar me dy gur\u00eb kryesor\u00eb Turkeze 7.20ct si dhe 0.45ct Diamant\u00eb t\u00eb Bardh\u00eb ngjyr\u00eb G, past\u00ebrti VS, n\u00eb prerje Brilante. <\/p>\n","protected":false},"excerpt":{"rendered":"<p>Byzylyk p\u00ebr femra nga Casato, pjes\u00eb e koleksionit Boutique Static Flex. Byzylyku \u00ebsht\u00eb i punuar n\u00eb m\u00ebnyr\u00eb artizanale n\u00eb flori 18K Rose, p\u00ebrmban brenda nj\u00eb sust\u00eb \u00e7eliku e cila i lejon te ruaj\u00eb pamjen klasike t\u00eb nj\u00eb byzylyku statik dhe nj\u00ebkoh\u00ebsisht t\u00eb jet\u00eb fleksib\u00ebl gjat\u00eb p\u00ebrdorimit t\u00eb p\u00ebrditsh\u00ebm. Montuar me dy gur\u00eb kryesor\u00eb Turkeze 7.20ct [&hellip;]<\/p>\n","protected":false},"featured_media":6697,"template":"","meta":{"inline_featured_image":false},"product_brand":[],"product_cat":[958,940,49,941,22],"product_tag":[],"berocket_brand":[],"class_list":{"0":"post-6696","1":"product","2":"type-product","3":"status-publish","4":"has-post-thumbnail","6":"product_cat-boutique-byzylyk","7":"product_cat-brande-femra","8":"product_cat-byzylyk","9":"product_cat-casato","10":"product_cat-femra","11":"wpisset-post","12":"wpisset-post-featured","14":"first","15":"instock","16":"shipping-taxable","17":"purchasable","18":"product-type-simple"},"acf":[],"yoast_head":"<!-- This site is optimized with the Yoast SEO plugin v26.5 - https:\/\/yoast.com\/wordpress\/plugins\/seo\/ -->\n<title>Boutique Static Flex Bracelet - Rexha Gold<\/title>\n<meta name=\"description\" content=\"Explore our collection of Boutique Static Flex Bracelet. Rexha Gold offers the best jewelry made in Italy by the most famous Italian manufacturers.\" \/>\n<meta name=\"robots\" content=\"index, follow, max-snippet:-1, max-image-preview:large, max-video-preview:-1\" \/>\n<link rel=\"canonical\" href=\"https:\/\/rexhagold.com\/produkti\/boutique-static-flex-bracelet\/\" \/>\n<meta property=\"og:locale\" content=\"en_US\" \/>\n<meta property=\"og:type\" content=\"article\" \/>\n<meta property=\"og:title\" content=\"Boutique Static Flex Bracelet - Rexha Gold\" \/>\n<meta property=\"og:description\" content=\"Explore our collection of Boutique Static Flex Bracelet. Rexha Gold offers the best jewelry made in Italy by the most famous Italian manufacturers.\" \/>\n<meta property=\"og:url\" content=\"https:\/\/rexhagold.com\/produkti\/boutique-static-flex-bracelet\/\" \/>\n<meta property=\"og:site_name\" content=\"Rexha Gold\" \/>\n<meta property=\"article:modified_time\" content=\"2024-09-14T11:35:52+00:00\" \/>\n<meta property=\"og:image\" content=\"https:\/\/rexhagold.com\/wp-content\/uploads\/2023\/12\/byzylyk-femrash-casato_0001_BRX-201TURBT-P.jpg\" \/>\n\t<meta property=\"og:image:width\" content=\"1080\" \/>\n\t<meta property=\"og:image:height\" content=\"1080\" \/>\n\t<meta property=\"og:image:type\" content=\"image\/jpeg\" \/>\n<meta name=\"twitter:card\" content=\"summary_large_image\" \/>\n<meta name=\"twitter:label1\" content=\"Est. reading time\" \/>\n\t<meta name=\"twitter:data1\" content=\"1 minute\" \/>\n<script type=\"application\/ld+json\" class=\"yoast-schema-graph\">{\"@context\":\"https:\/\/schema.org\",\"@graph\":[{\"@type\":\"WebPage\",\"@id\":\"https:\/\/rexhagold.com\/produkti\/boutique-static-flex-bracelet\/\",\"url\":\"https:\/\/rexhagold.com\/produkti\/boutique-static-flex-bracelet\/\",\"name\":\"Boutique Static Flex Bracelet - Rexha Gold\",\"isPartOf\":{\"@id\":\"https:\/\/rexhagold.com\/#website\"},\"primaryImageOfPage\":{\"@id\":\"https:\/\/rexhagold.com\/produkti\/boutique-static-flex-bracelet\/#primaryimage\"},\"image\":{\"@id\":\"https:\/\/rexhagold.com\/produkti\/boutique-static-flex-bracelet\/#primaryimage\"},\"thumbnailUrl\":\"https:\/\/rexhagold.com\/wp-content\/uploads\/2023\/12\/byzylyk-femrash-casato_0001_BRX-201TURBT-P.jpg\",\"datePublished\":\"2023-12-21T15:22:33+00:00\",\"dateModified\":\"2024-09-14T11:35:52+00:00\",\"description\":\"Explore our collection of Boutique Static Flex Bracelet. Rexha Gold offers the best jewelry made in Italy by the most famous Italian manufacturers.\",\"breadcrumb\":{\"@id\":\"https:\/\/rexhagold.com\/produkti\/boutique-static-flex-bracelet\/#breadcrumb\"},\"inLanguage\":\"en-US\",\"potentialAction\":[{\"@type\":\"ReadAction\",\"target\":[\"https:\/\/rexhagold.com\/produkti\/boutique-static-flex-bracelet\/\"]}]},{\"@type\":\"ImageObject\",\"inLanguage\":\"en-US\",\"@id\":\"https:\/\/rexhagold.com\/produkti\/boutique-static-flex-bracelet\/#primaryimage\",\"url\":\"https:\/\/rexhagold.com\/wp-content\/uploads\/2023\/12\/byzylyk-femrash-casato_0001_BRX-201TURBT-P.jpg\",\"contentUrl\":\"https:\/\/rexhagold.com\/wp-content\/uploads\/2023\/12\/byzylyk-femrash-casato_0001_BRX-201TURBT-P.jpg\",\"width\":1080,\"height\":1080},{\"@type\":\"BreadcrumbList\",\"@id\":\"https:\/\/rexhagold.com\/produkti\/boutique-static-flex-bracelet\/#breadcrumb\",\"itemListElement\":[{\"@type\":\"ListItem\",\"position\":1,\"name\":\"Home\",\"item\":\"https:\/\/rexhagold.com\/en\/\"},{\"@type\":\"ListItem\",\"position\":2,\"name\":\"Shop\",\"item\":\"https:\/\/rexhagold.com\/en\/shop-2\/\"},{\"@type\":\"ListItem\",\"position\":3,\"name\":\"Boutique Static Flex Bracelet\"}]},{\"@type\":\"WebSite\",\"@id\":\"https:\/\/rexhagold.com\/#website\",\"url\":\"https:\/\/rexhagold.com\/\",\"name\":\"Rexha Gold Jewelry\",\"description\":\"Rexha Gold\",\"publisher\":{\"@id\":\"https:\/\/rexhagold.com\/#organization\"},\"potentialAction\":[{\"@type\":\"SearchAction\",\"target\":{\"@type\":\"EntryPoint\",\"urlTemplate\":\"https:\/\/rexhagold.com\/?s={search_term_string}\"},\"query-input\":{\"@type\":\"PropertyValueSpecification\",\"valueRequired\":true,\"valueName\":\"search_term_string\"}}],\"inLanguage\":\"en-US\"},{\"@type\":\"Organization\",\"@id\":\"https:\/\/rexhagold.com\/#organization\",\"name\":\"Rexha Gold Jewelry\",\"url\":\"https:\/\/rexhagold.com\/\",\"logo\":{\"@type\":\"ImageObject\",\"inLanguage\":\"en-US\",\"@id\":\"https:\/\/rexhagold.com\/#\/schema\/logo\/image\/\",\"url\":\"https:\/\/rexhagold.com\/wp-content\/uploads\/2022\/04\/rexhagold-black.png\",\"contentUrl\":\"https:\/\/rexhagold.com\/wp-content\/uploads\/2022\/04\/rexhagold-black.png\",\"width\":300,\"height\":278,\"caption\":\"Rexha Gold Jewelry\"},\"image\":{\"@id\":\"https:\/\/rexhagold.com\/#\/schema\/logo\/image\/\"}}]}<\/script>\n<!-- \/ Yoast SEO plugin. -->","yoast_head_json":{"title":"Boutique Static Flex Bracelet - Rexha Gold","description":"Explore our collection of Boutique Static Flex Bracelet. Rexha Gold offers the best jewelry made in Italy by the most famous Italian manufacturers.","robots":{"index":"index","follow":"follow","max-snippet":"max-snippet:-1","max-image-preview":"max-image-preview:large","max-video-preview":"max-video-preview:-1"},"canonical":"https:\/\/rexhagold.com\/produkti\/boutique-static-flex-bracelet\/","og_locale":"en_US","og_type":"article","og_title":"Boutique Static Flex Bracelet - Rexha Gold","og_description":"Explore our collection of Boutique Static Flex Bracelet. Rexha Gold offers the best jewelry made in Italy by the most famous Italian manufacturers.","og_url":"https:\/\/rexhagold.com\/produkti\/boutique-static-flex-bracelet\/","og_site_name":"Rexha Gold","article_modified_time":"2024-09-14T11:35:52+00:00","og_image":[{"width":1080,"height":1080,"url":"https:\/\/rexhagold.com\/wp-content\/uploads\/2023\/12\/byzylyk-femrash-casato_0001_BRX-201TURBT-P.jpg","type":"image\/jpeg"}],"twitter_card":"summary_large_image","twitter_misc":{"Est. reading time":"1 minute"},"schema":{"@context":"https:\/\/schema.org","@graph":[{"@type":"WebPage","@id":"https:\/\/rexhagold.com\/produkti\/boutique-static-flex-bracelet\/","url":"https:\/\/rexhagold.com\/produkti\/boutique-static-flex-bracelet\/","name":"Boutique Static Flex Bracelet - Rexha Gold","isPartOf":{"@id":"https:\/\/rexhagold.com\/#website"},"primaryImageOfPage":{"@id":"https:\/\/rexhagold.com\/produkti\/boutique-static-flex-bracelet\/#primaryimage"},"image":{"@id":"https:\/\/rexhagold.com\/produkti\/boutique-static-flex-bracelet\/#primaryimage"},"thumbnailUrl":"https:\/\/rexhagold.com\/wp-content\/uploads\/2023\/12\/byzylyk-femrash-casato_0001_BRX-201TURBT-P.jpg","datePublished":"2023-12-21T15:22:33+00:00","dateModified":"2024-09-14T11:35:52+00:00","description":"Explore our collection of Boutique Static Flex Bracelet. Rexha Gold offers the best jewelry made in Italy by the most famous Italian manufacturers.","breadcrumb":{"@id":"https:\/\/rexhagold.com\/produkti\/boutique-static-flex-bracelet\/#breadcrumb"},"inLanguage":"en-US","potentialAction":[{"@type":"ReadAction","target":["https:\/\/rexhagold.com\/produkti\/boutique-static-flex-bracelet\/"]}]},{"@type":"ImageObject","inLanguage":"en-US","@id":"https:\/\/rexhagold.com\/produkti\/boutique-static-flex-bracelet\/#primaryimage","url":"https:\/\/rexhagold.com\/wp-content\/uploads\/2023\/12\/byzylyk-femrash-casato_0001_BRX-201TURBT-P.jpg","contentUrl":"https:\/\/rexhagold.com\/wp-content\/uploads\/2023\/12\/byzylyk-femrash-casato_0001_BRX-201TURBT-P.jpg","width":1080,"height":1080},{"@type":"BreadcrumbList","@id":"https:\/\/rexhagold.com\/produkti\/boutique-static-flex-bracelet\/#breadcrumb","itemListElement":[{"@type":"ListItem","position":1,"name":"Home","item":"https:\/\/rexhagold.com\/en\/"},{"@type":"ListItem","position":2,"name":"Shop","item":"https:\/\/rexhagold.com\/en\/shop-2\/"},{"@type":"ListItem","position":3,"name":"Boutique Static Flex Bracelet"}]},{"@type":"WebSite","@id":"https:\/\/rexhagold.com\/#website","url":"https:\/\/rexhagold.com\/","name":"Rexha Gold Jewelry","description":"Rexha Gold","publisher":{"@id":"https:\/\/rexhagold.com\/#organization"},"potentialAction":[{"@type":"SearchAction","target":{"@type":"EntryPoint","urlTemplate":"https:\/\/rexhagold.com\/?s={search_term_string}"},"query-input":{"@type":"PropertyValueSpecification","valueRequired":true,"valueName":"search_term_string"}}],"inLanguage":"en-US"},{"@type":"Organization","@id":"https:\/\/rexhagold.com\/#organization","name":"Rexha Gold Jewelry","url":"https:\/\/rexhagold.com\/","logo":{"@type":"ImageObject","inLanguage":"en-US","@id":"https:\/\/rexhagold.com\/#\/schema\/logo\/image\/","url":"https:\/\/rexhagold.com\/wp-content\/uploads\/2022\/04\/rexhagold-black.png","contentUrl":"https:\/\/rexhagold.com\/wp-content\/uploads\/2022\/04\/rexhagold-black.png","width":300,"height":278,"caption":"Rexha Gold Jewelry"},"image":{"@id":"https:\/\/rexhagold.com\/#\/schema\/logo\/image\/"}}]}},"_links":{"self":[{"href":"https:\/\/rexhagold.com\/en\/wp-json\/wp\/v2\/product\/6696","targetHints":{"allow":["GET"]}}],"collection":[{"href":"https:\/\/rexhagold.com\/en\/wp-json\/wp\/v2\/product"}],"about":[{"href":"https:\/\/rexhagold.com\/en\/wp-json\/wp\/v2\/types\/product"}],"wp:featuredmedia":[{"embeddable":true,"href":"https:\/\/rexhagold.com\/en\/wp-json\/wp\/v2\/media\/6697"}],"wp:attachment":[{"href":"https:\/\/rexhagold.com\/en\/wp-json\/wp\/v2\/media?parent=6696"}],"wp:term":[{"taxonomy":"product_brand","embeddable":true,"href":"https:\/\/rexhagold.com\/en\/wp-json\/wp\/v2\/product_brand?post=6696"},{"taxonomy":"product_cat","embeddable":true,"href":"https:\/\/rexhagold.com\/en\/wp-json\/wp\/v2\/product_cat?post=6696"},{"taxonomy":"product_tag","embeddable":true,"href":"https:\/\/rexhagold.com\/en\/wp-json\/wp\/v2\/product_tag?post=6696"},{"taxonomy":"berocket_brand","embeddable":true,"href":"https:\/\/rexhagold.com\/en\/wp-json\/wp\/v2\/berocket_brand?post=6696"}],"curies":[{"name":"wp","href":"https:\/\/api.w.org\/{rel}","templated":true}]}}