{"id":6742,"date":"2023-12-23T11:13:33","date_gmt":"2023-12-23T11:13:33","guid":{"rendered":"https:\/\/rexhagold.com\/?post_type=product&#038;p=6742"},"modified":"2024-09-14T11:33:04","modified_gmt":"2024-09-14T11:33:04","slug":"maureen-collection-stud-long-earrings","status":"publish","type":"product","link":"https:\/\/rexhagold.com\/en\/product\/maureen-collection-stud-long-earrings\/","title":{"rendered":"Maureen Collection Stud Long Earrings"},"content":{"rendered":"<p>V\u00ebth\u00eb femrash nga Casato, pjes\u00eb e koleksionit Maureen. Punuar n\u00eb m\u00ebnyr\u00eb artizanale n\u00eb flori Rose 18K, montuar me 0.08ct Diamant\u00eb t\u00eb Bardh\u00eb n\u00eb prerje Rose si dhe 1.29ct Diamant\u00eb t\u00eb Bardh\u00eb n\u00eb prerje Brilante ngjyr\u00eb G, past\u00ebrti VS.<\/p>\n","protected":false},"excerpt":{"rendered":"<p>V\u00ebth\u00eb femrash nga Casato, pjes\u00eb e koleksionit Maureen. Punuar n\u00eb m\u00ebnyr\u00eb artizanale n\u00eb flori Rose 18K, montuar me 0.08ct Diamant\u00eb t\u00eb Bardh\u00eb n\u00eb prerje Rose si dhe 1.29ct Diamant\u00eb t\u00eb Bardh\u00eb n\u00eb prerje Brilante ngjyr\u00eb G, past\u00ebrti VS.<\/p>\n","protected":false},"featured_media":6743,"template":"","meta":{"inline_featured_image":false},"product_brand":[],"product_cat":[965,940,941,22,50],"product_tag":[],"berocket_brand":[],"class_list":{"0":"post-6742","1":"product","2":"type-product","3":"status-publish","4":"has-post-thumbnail","6":"product_cat-boutique-vethe","7":"product_cat-brande-femra","8":"product_cat-casato","9":"product_cat-femra","10":"product_cat-vethe","11":"wpisset-post","12":"wpisset-post-featured","14":"first","15":"instock","16":"shipping-taxable","17":"purchasable","18":"product-type-simple"},"acf":[],"yoast_head":"<!-- This site is optimized with the Yoast SEO plugin v26.5 - https:\/\/yoast.com\/wordpress\/plugins\/seo\/ -->\n<title>Maureen Collection Stud Long Earrings - Rexha Gold<\/title>\n<meta name=\"description\" content=\"Explore our collection of Maureen Collection Stud Long Earrings. Rexha Gold offers the best jewelry made in Italy by the most famous Italian manufacturers.\" \/>\n<meta name=\"robots\" content=\"index, follow, max-snippet:-1, max-image-preview:large, max-video-preview:-1\" \/>\n<link rel=\"canonical\" href=\"https:\/\/rexhagold.com\/produkti\/maureen-collection-stud-long-earrings\/\" \/>\n<meta property=\"og:locale\" content=\"en_US\" \/>\n<meta property=\"og:type\" content=\"article\" \/>\n<meta property=\"og:title\" content=\"Maureen Collection Stud Long Earrings - Rexha Gold\" \/>\n<meta property=\"og:description\" content=\"Explore our collection of Maureen Collection Stud Long Earrings. Rexha Gold offers the best jewelry made in Italy by the most famous Italian manufacturers.\" \/>\n<meta property=\"og:url\" content=\"https:\/\/rexhagold.com\/produkti\/maureen-collection-stud-long-earrings\/\" \/>\n<meta property=\"og:site_name\" content=\"Rexha Gold\" \/>\n<meta property=\"article:modified_time\" content=\"2024-09-14T11:33:04+00:00\" \/>\n<meta property=\"og:image\" content=\"https:\/\/rexhagold.com\/wp-content\/uploads\/2023\/12\/vath-femrash-casato_0005_ORX-1430BT-P.jpg\" \/>\n\t<meta property=\"og:image:width\" content=\"1080\" \/>\n\t<meta property=\"og:image:height\" content=\"1080\" \/>\n\t<meta property=\"og:image:type\" content=\"image\/jpeg\" \/>\n<meta name=\"twitter:card\" content=\"summary_large_image\" \/>\n<meta name=\"twitter:label1\" content=\"Est. reading time\" \/>\n\t<meta name=\"twitter:data1\" content=\"1 minute\" \/>\n<script type=\"application\/ld+json\" class=\"yoast-schema-graph\">{\"@context\":\"https:\/\/schema.org\",\"@graph\":[{\"@type\":\"WebPage\",\"@id\":\"https:\/\/rexhagold.com\/produkti\/maureen-collection-stud-long-earrings\/\",\"url\":\"https:\/\/rexhagold.com\/produkti\/maureen-collection-stud-long-earrings\/\",\"name\":\"Maureen Collection Stud Long Earrings - Rexha Gold\",\"isPartOf\":{\"@id\":\"https:\/\/rexhagold.com\/#website\"},\"primaryImageOfPage\":{\"@id\":\"https:\/\/rexhagold.com\/produkti\/maureen-collection-stud-long-earrings\/#primaryimage\"},\"image\":{\"@id\":\"https:\/\/rexhagold.com\/produkti\/maureen-collection-stud-long-earrings\/#primaryimage\"},\"thumbnailUrl\":\"https:\/\/rexhagold.com\/wp-content\/uploads\/2023\/12\/vath-femrash-casato_0005_ORX-1430BT-P.jpg\",\"datePublished\":\"2023-12-23T11:13:33+00:00\",\"dateModified\":\"2024-09-14T11:33:04+00:00\",\"description\":\"Explore our collection of Maureen Collection Stud Long Earrings. Rexha Gold offers the best jewelry made in Italy by the most famous Italian manufacturers.\",\"breadcrumb\":{\"@id\":\"https:\/\/rexhagold.com\/produkti\/maureen-collection-stud-long-earrings\/#breadcrumb\"},\"inLanguage\":\"en-US\",\"potentialAction\":[{\"@type\":\"ReadAction\",\"target\":[\"https:\/\/rexhagold.com\/produkti\/maureen-collection-stud-long-earrings\/\"]}]},{\"@type\":\"ImageObject\",\"inLanguage\":\"en-US\",\"@id\":\"https:\/\/rexhagold.com\/produkti\/maureen-collection-stud-long-earrings\/#primaryimage\",\"url\":\"https:\/\/rexhagold.com\/wp-content\/uploads\/2023\/12\/vath-femrash-casato_0005_ORX-1430BT-P.jpg\",\"contentUrl\":\"https:\/\/rexhagold.com\/wp-content\/uploads\/2023\/12\/vath-femrash-casato_0005_ORX-1430BT-P.jpg\",\"width\":1080,\"height\":1080},{\"@type\":\"BreadcrumbList\",\"@id\":\"https:\/\/rexhagold.com\/produkti\/maureen-collection-stud-long-earrings\/#breadcrumb\",\"itemListElement\":[{\"@type\":\"ListItem\",\"position\":1,\"name\":\"Home\",\"item\":\"https:\/\/rexhagold.com\/en\/\"},{\"@type\":\"ListItem\",\"position\":2,\"name\":\"Shop\",\"item\":\"https:\/\/rexhagold.com\/en\/shop-2\/\"},{\"@type\":\"ListItem\",\"position\":3,\"name\":\"Maureen Collection Stud Long Earrings\"}]},{\"@type\":\"WebSite\",\"@id\":\"https:\/\/rexhagold.com\/#website\",\"url\":\"https:\/\/rexhagold.com\/\",\"name\":\"Rexha Gold Jewelry\",\"description\":\"Rexha Gold\",\"publisher\":{\"@id\":\"https:\/\/rexhagold.com\/#organization\"},\"potentialAction\":[{\"@type\":\"SearchAction\",\"target\":{\"@type\":\"EntryPoint\",\"urlTemplate\":\"https:\/\/rexhagold.com\/?s={search_term_string}\"},\"query-input\":{\"@type\":\"PropertyValueSpecification\",\"valueRequired\":true,\"valueName\":\"search_term_string\"}}],\"inLanguage\":\"en-US\"},{\"@type\":\"Organization\",\"@id\":\"https:\/\/rexhagold.com\/#organization\",\"name\":\"Rexha Gold Jewelry\",\"url\":\"https:\/\/rexhagold.com\/\",\"logo\":{\"@type\":\"ImageObject\",\"inLanguage\":\"en-US\",\"@id\":\"https:\/\/rexhagold.com\/#\/schema\/logo\/image\/\",\"url\":\"https:\/\/rexhagold.com\/wp-content\/uploads\/2022\/04\/rexhagold-black.png\",\"contentUrl\":\"https:\/\/rexhagold.com\/wp-content\/uploads\/2022\/04\/rexhagold-black.png\",\"width\":300,\"height\":278,\"caption\":\"Rexha Gold Jewelry\"},\"image\":{\"@id\":\"https:\/\/rexhagold.com\/#\/schema\/logo\/image\/\"}}]}<\/script>\n<!-- \/ Yoast SEO plugin. -->","yoast_head_json":{"title":"Maureen Collection Stud Long Earrings - Rexha Gold","description":"Explore our collection of Maureen Collection Stud Long Earrings. Rexha Gold offers the best jewelry made in Italy by the most famous Italian manufacturers.","robots":{"index":"index","follow":"follow","max-snippet":"max-snippet:-1","max-image-preview":"max-image-preview:large","max-video-preview":"max-video-preview:-1"},"canonical":"https:\/\/rexhagold.com\/produkti\/maureen-collection-stud-long-earrings\/","og_locale":"en_US","og_type":"article","og_title":"Maureen Collection Stud Long Earrings - Rexha Gold","og_description":"Explore our collection of Maureen Collection Stud Long Earrings. Rexha Gold offers the best jewelry made in Italy by the most famous Italian manufacturers.","og_url":"https:\/\/rexhagold.com\/produkti\/maureen-collection-stud-long-earrings\/","og_site_name":"Rexha Gold","article_modified_time":"2024-09-14T11:33:04+00:00","og_image":[{"width":1080,"height":1080,"url":"https:\/\/rexhagold.com\/wp-content\/uploads\/2023\/12\/vath-femrash-casato_0005_ORX-1430BT-P.jpg","type":"image\/jpeg"}],"twitter_card":"summary_large_image","twitter_misc":{"Est. reading time":"1 minute"},"schema":{"@context":"https:\/\/schema.org","@graph":[{"@type":"WebPage","@id":"https:\/\/rexhagold.com\/produkti\/maureen-collection-stud-long-earrings\/","url":"https:\/\/rexhagold.com\/produkti\/maureen-collection-stud-long-earrings\/","name":"Maureen Collection Stud Long Earrings - Rexha Gold","isPartOf":{"@id":"https:\/\/rexhagold.com\/#website"},"primaryImageOfPage":{"@id":"https:\/\/rexhagold.com\/produkti\/maureen-collection-stud-long-earrings\/#primaryimage"},"image":{"@id":"https:\/\/rexhagold.com\/produkti\/maureen-collection-stud-long-earrings\/#primaryimage"},"thumbnailUrl":"https:\/\/rexhagold.com\/wp-content\/uploads\/2023\/12\/vath-femrash-casato_0005_ORX-1430BT-P.jpg","datePublished":"2023-12-23T11:13:33+00:00","dateModified":"2024-09-14T11:33:04+00:00","description":"Explore our collection of Maureen Collection Stud Long Earrings. Rexha Gold offers the best jewelry made in Italy by the most famous Italian manufacturers.","breadcrumb":{"@id":"https:\/\/rexhagold.com\/produkti\/maureen-collection-stud-long-earrings\/#breadcrumb"},"inLanguage":"en-US","potentialAction":[{"@type":"ReadAction","target":["https:\/\/rexhagold.com\/produkti\/maureen-collection-stud-long-earrings\/"]}]},{"@type":"ImageObject","inLanguage":"en-US","@id":"https:\/\/rexhagold.com\/produkti\/maureen-collection-stud-long-earrings\/#primaryimage","url":"https:\/\/rexhagold.com\/wp-content\/uploads\/2023\/12\/vath-femrash-casato_0005_ORX-1430BT-P.jpg","contentUrl":"https:\/\/rexhagold.com\/wp-content\/uploads\/2023\/12\/vath-femrash-casato_0005_ORX-1430BT-P.jpg","width":1080,"height":1080},{"@type":"BreadcrumbList","@id":"https:\/\/rexhagold.com\/produkti\/maureen-collection-stud-long-earrings\/#breadcrumb","itemListElement":[{"@type":"ListItem","position":1,"name":"Home","item":"https:\/\/rexhagold.com\/en\/"},{"@type":"ListItem","position":2,"name":"Shop","item":"https:\/\/rexhagold.com\/en\/shop-2\/"},{"@type":"ListItem","position":3,"name":"Maureen Collection Stud Long Earrings"}]},{"@type":"WebSite","@id":"https:\/\/rexhagold.com\/#website","url":"https:\/\/rexhagold.com\/","name":"Rexha Gold Jewelry","description":"Rexha Gold","publisher":{"@id":"https:\/\/rexhagold.com\/#organization"},"potentialAction":[{"@type":"SearchAction","target":{"@type":"EntryPoint","urlTemplate":"https:\/\/rexhagold.com\/?s={search_term_string}"},"query-input":{"@type":"PropertyValueSpecification","valueRequired":true,"valueName":"search_term_string"}}],"inLanguage":"en-US"},{"@type":"Organization","@id":"https:\/\/rexhagold.com\/#organization","name":"Rexha Gold Jewelry","url":"https:\/\/rexhagold.com\/","logo":{"@type":"ImageObject","inLanguage":"en-US","@id":"https:\/\/rexhagold.com\/#\/schema\/logo\/image\/","url":"https:\/\/rexhagold.com\/wp-content\/uploads\/2022\/04\/rexhagold-black.png","contentUrl":"https:\/\/rexhagold.com\/wp-content\/uploads\/2022\/04\/rexhagold-black.png","width":300,"height":278,"caption":"Rexha Gold Jewelry"},"image":{"@id":"https:\/\/rexhagold.com\/#\/schema\/logo\/image\/"}}]}},"_links":{"self":[{"href":"https:\/\/rexhagold.com\/en\/wp-json\/wp\/v2\/product\/6742","targetHints":{"allow":["GET"]}}],"collection":[{"href":"https:\/\/rexhagold.com\/en\/wp-json\/wp\/v2\/product"}],"about":[{"href":"https:\/\/rexhagold.com\/en\/wp-json\/wp\/v2\/types\/product"}],"wp:featuredmedia":[{"embeddable":true,"href":"https:\/\/rexhagold.com\/en\/wp-json\/wp\/v2\/media\/6743"}],"wp:attachment":[{"href":"https:\/\/rexhagold.com\/en\/wp-json\/wp\/v2\/media?parent=6742"}],"wp:term":[{"taxonomy":"product_brand","embeddable":true,"href":"https:\/\/rexhagold.com\/en\/wp-json\/wp\/v2\/product_brand?post=6742"},{"taxonomy":"product_cat","embeddable":true,"href":"https:\/\/rexhagold.com\/en\/wp-json\/wp\/v2\/product_cat?post=6742"},{"taxonomy":"product_tag","embeddable":true,"href":"https:\/\/rexhagold.com\/en\/wp-json\/wp\/v2\/product_tag?post=6742"},{"taxonomy":"berocket_brand","embeddable":true,"href":"https:\/\/rexhagold.com\/en\/wp-json\/wp\/v2\/berocket_brand?post=6742"}],"curies":[{"name":"wp","href":"https:\/\/api.w.org\/{rel}","templated":true}]}}