{"id":9474,"date":"2023-12-08T12:20:53","date_gmt":"2023-12-08T12:20:53","guid":{"rendered":"https:\/\/rexhagold.com\/product\/mens-bangle-bracelet-malachite\/"},"modified":"2023-12-08T12:20:53","modified_gmt":"2023-12-08T12:20:53","slug":"mens-bangle-bracelet-malachite","status":"publish","type":"product","link":"https:\/\/rexhagold.com\/en\/product\/mens-bangle-bracelet-malachite\/","title":{"rendered":"Men\u2019s Bangle Bracelet Malachite"},"content":{"rendered":"<p>Byzylyk Meshkujsh Bangle punuar n\u00eb m\u00ebnyr\u00eb artizanale n\u00eb flori t\u00eb zi 18K. Montuar me nje gur qendror Malachite si dhe gur\u00eb t\u00eb zinj gjysm\u00eb t\u00eb \u00e7muar. Byzylyku p\u00ebrmban n\u00eb vetvete nj\u00eb sust\u00eb Titaniumi q\u00eb i jep fleksibilitet dhe q\u00ebndrueshm\u00ebri t\u00eb lart\u00eb. Masa 22cm.<\/p>\n","protected":false},"excerpt":{"rendered":"<p>Byzylyk Meshkujsh Bangle punuar n\u00eb m\u00ebnyr\u00eb artizanale n\u00eb flori t\u00eb zi 18K. Montuar me nje gur qendror Malachite si dhe gur\u00eb t\u00eb zinj gjysm\u00eb t\u00eb \u00e7muar. Byzylyku p\u00ebrmban n\u00eb vetvete nj\u00eb sust\u00eb Titaniumi q\u00eb i jep fleksibilitet dhe q\u00ebndrueshm\u00ebri t\u00eb lart\u00eb. Masa 22cm.<\/p>\n","protected":false},"featured_media":6676,"template":"","meta":{"inline_featured_image":false},"product_brand":[],"product_cat":[391,974,936,421,978],"product_tag":[],"berocket_brand":[],"class_list":{"0":"post-9474","1":"product","2":"type-product","3":"status-publish","4":"has-post-thumbnail","6":"product_cat-bracelets","7":"product_cat-brande-meshkuj-en","8":"product_cat-flori-byzylyk-en","9":"product_cat-men","10":"product_cat-rexha-gold-en","11":"wpisset-post","12":"wpisset-post-featured","13":"wpisset-woo-has-gallery","15":"first","16":"instock","17":"shipping-taxable","18":"purchasable","19":"product-type-simple"},"acf":[],"yoast_head":"<!-- This site is optimized with the Yoast SEO plugin v26.5 - https:\/\/yoast.com\/wordpress\/plugins\/seo\/ -->\n<title>Men\u2019s Bangle Bracelet Malachite - Rexha Gold<\/title>\n<meta name=\"description\" content=\"Explore our collection of Men\u2019s Bangle Bracelet Malachite. Rexha Gold offers the best jewelry made in Italy by the most famous Italian manufacturers.\" \/>\n<meta name=\"robots\" content=\"index, follow, max-snippet:-1, max-image-preview:large, max-video-preview:-1\" \/>\n<link rel=\"canonical\" href=\"https:\/\/rexhagold.com\/en\/product\/mens-bangle-bracelet-malachite\/\" \/>\n<meta property=\"og:locale\" content=\"en_US\" \/>\n<meta property=\"og:type\" content=\"article\" \/>\n<meta property=\"og:title\" content=\"Men\u2019s Bangle Bracelet Malachite - Rexha Gold\" \/>\n<meta property=\"og:description\" content=\"Explore our collection of Men\u2019s Bangle Bracelet Malachite. Rexha Gold offers the best jewelry made in Italy by the most famous Italian manufacturers.\" \/>\n<meta property=\"og:url\" content=\"https:\/\/rexhagold.com\/en\/product\/mens-bangle-bracelet-malachite\/\" \/>\n<meta property=\"og:site_name\" content=\"Rexha Gold\" \/>\n<meta property=\"og:image\" content=\"https:\/\/rexhagold.com\/wp-content\/uploads\/2023\/05\/cropped-android-chrome-512x512-1.png\" \/>\n\t<meta property=\"og:image:width\" content=\"512\" \/>\n\t<meta property=\"og:image:height\" content=\"512\" \/>\n\t<meta property=\"og:image:type\" content=\"image\/png\" \/>\n<meta name=\"twitter:card\" content=\"summary_large_image\" \/>\n<script type=\"application\/ld+json\" class=\"yoast-schema-graph\">{\"@context\":\"https:\/\/schema.org\",\"@graph\":[{\"@type\":\"WebPage\",\"@id\":\"https:\/\/rexhagold.com\/en\/product\/mens-bangle-bracelet-malachite\/\",\"url\":\"https:\/\/rexhagold.com\/en\/product\/mens-bangle-bracelet-malachite\/\",\"name\":\"Men\u2019s Bangle Bracelet Malachite - Rexha Gold\",\"isPartOf\":{\"@id\":\"https:\/\/rexhagold.com\/#website\"},\"primaryImageOfPage\":{\"@id\":\"https:\/\/rexhagold.com\/en\/product\/mens-bangle-bracelet-malachite\/#primaryimage\"},\"image\":{\"@id\":\"https:\/\/rexhagold.com\/en\/product\/mens-bangle-bracelet-malachite\/#primaryimage\"},\"thumbnailUrl\":\"https:\/\/rexhagold.com\/wp-content\/uploads\/2023\/12\/byzylyk-floriri-meshkujsh-auritalia-_0012_7448-part-1-.jpg\",\"datePublished\":\"2023-12-08T12:20:53+00:00\",\"description\":\"Explore our collection of Men\u2019s Bangle Bracelet Malachite. Rexha Gold offers the best jewelry made in Italy by the most famous Italian manufacturers.\",\"breadcrumb\":{\"@id\":\"https:\/\/rexhagold.com\/en\/product\/mens-bangle-bracelet-malachite\/#breadcrumb\"},\"inLanguage\":\"en-US\",\"potentialAction\":[{\"@type\":\"ReadAction\",\"target\":[\"https:\/\/rexhagold.com\/en\/product\/mens-bangle-bracelet-malachite\/\"]}]},{\"@type\":\"ImageObject\",\"inLanguage\":\"en-US\",\"@id\":\"https:\/\/rexhagold.com\/en\/product\/mens-bangle-bracelet-malachite\/#primaryimage\",\"url\":\"https:\/\/rexhagold.com\/wp-content\/uploads\/2023\/12\/byzylyk-floriri-meshkujsh-auritalia-_0012_7448-part-1-.jpg\",\"contentUrl\":\"https:\/\/rexhagold.com\/wp-content\/uploads\/2023\/12\/byzylyk-floriri-meshkujsh-auritalia-_0012_7448-part-1-.jpg\",\"width\":1080,\"height\":1080},{\"@type\":\"BreadcrumbList\",\"@id\":\"https:\/\/rexhagold.com\/en\/product\/mens-bangle-bracelet-malachite\/#breadcrumb\",\"itemListElement\":[{\"@type\":\"ListItem\",\"position\":1,\"name\":\"Home\",\"item\":\"https:\/\/rexhagold.com\/en\/\"},{\"@type\":\"ListItem\",\"position\":2,\"name\":\"Shop\",\"item\":\"https:\/\/rexhagold.com\/en\/shop-2\/\"},{\"@type\":\"ListItem\",\"position\":3,\"name\":\"Men\u2019s Bangle Bracelet Malachite\"}]},{\"@type\":\"WebSite\",\"@id\":\"https:\/\/rexhagold.com\/#website\",\"url\":\"https:\/\/rexhagold.com\/\",\"name\":\"Rexha Gold Jewelry\",\"description\":\"Rexha Gold\",\"publisher\":{\"@id\":\"https:\/\/rexhagold.com\/#organization\"},\"potentialAction\":[{\"@type\":\"SearchAction\",\"target\":{\"@type\":\"EntryPoint\",\"urlTemplate\":\"https:\/\/rexhagold.com\/?s={search_term_string}\"},\"query-input\":{\"@type\":\"PropertyValueSpecification\",\"valueRequired\":true,\"valueName\":\"search_term_string\"}}],\"inLanguage\":\"en-US\"},{\"@type\":\"Organization\",\"@id\":\"https:\/\/rexhagold.com\/#organization\",\"name\":\"Rexha Gold Jewelry\",\"url\":\"https:\/\/rexhagold.com\/\",\"logo\":{\"@type\":\"ImageObject\",\"inLanguage\":\"en-US\",\"@id\":\"https:\/\/rexhagold.com\/#\/schema\/logo\/image\/\",\"url\":\"https:\/\/rexhagold.com\/wp-content\/uploads\/2022\/04\/rexhagold-black.png\",\"contentUrl\":\"https:\/\/rexhagold.com\/wp-content\/uploads\/2022\/04\/rexhagold-black.png\",\"width\":300,\"height\":278,\"caption\":\"Rexha Gold Jewelry\"},\"image\":{\"@id\":\"https:\/\/rexhagold.com\/#\/schema\/logo\/image\/\"}}]}<\/script>\n<!-- \/ Yoast SEO plugin. -->","yoast_head_json":{"title":"Men\u2019s Bangle Bracelet Malachite - Rexha Gold","description":"Explore our collection of Men\u2019s Bangle Bracelet Malachite. Rexha Gold offers the best jewelry made in Italy by the most famous Italian manufacturers.","robots":{"index":"index","follow":"follow","max-snippet":"max-snippet:-1","max-image-preview":"max-image-preview:large","max-video-preview":"max-video-preview:-1"},"canonical":"https:\/\/rexhagold.com\/en\/product\/mens-bangle-bracelet-malachite\/","og_locale":"en_US","og_type":"article","og_title":"Men\u2019s Bangle Bracelet Malachite - Rexha Gold","og_description":"Explore our collection of Men\u2019s Bangle Bracelet Malachite. Rexha Gold offers the best jewelry made in Italy by the most famous Italian manufacturers.","og_url":"https:\/\/rexhagold.com\/en\/product\/mens-bangle-bracelet-malachite\/","og_site_name":"Rexha Gold","og_image":[{"width":512,"height":512,"url":"https:\/\/rexhagold.com\/wp-content\/uploads\/2023\/05\/cropped-android-chrome-512x512-1.png","type":"image\/png"}],"twitter_card":"summary_large_image","schema":{"@context":"https:\/\/schema.org","@graph":[{"@type":"WebPage","@id":"https:\/\/rexhagold.com\/en\/product\/mens-bangle-bracelet-malachite\/","url":"https:\/\/rexhagold.com\/en\/product\/mens-bangle-bracelet-malachite\/","name":"Men\u2019s Bangle Bracelet Malachite - Rexha Gold","isPartOf":{"@id":"https:\/\/rexhagold.com\/#website"},"primaryImageOfPage":{"@id":"https:\/\/rexhagold.com\/en\/product\/mens-bangle-bracelet-malachite\/#primaryimage"},"image":{"@id":"https:\/\/rexhagold.com\/en\/product\/mens-bangle-bracelet-malachite\/#primaryimage"},"thumbnailUrl":"https:\/\/rexhagold.com\/wp-content\/uploads\/2023\/12\/byzylyk-floriri-meshkujsh-auritalia-_0012_7448-part-1-.jpg","datePublished":"2023-12-08T12:20:53+00:00","description":"Explore our collection of Men\u2019s Bangle Bracelet Malachite. Rexha Gold offers the best jewelry made in Italy by the most famous Italian manufacturers.","breadcrumb":{"@id":"https:\/\/rexhagold.com\/en\/product\/mens-bangle-bracelet-malachite\/#breadcrumb"},"inLanguage":"en-US","potentialAction":[{"@type":"ReadAction","target":["https:\/\/rexhagold.com\/en\/product\/mens-bangle-bracelet-malachite\/"]}]},{"@type":"ImageObject","inLanguage":"en-US","@id":"https:\/\/rexhagold.com\/en\/product\/mens-bangle-bracelet-malachite\/#primaryimage","url":"https:\/\/rexhagold.com\/wp-content\/uploads\/2023\/12\/byzylyk-floriri-meshkujsh-auritalia-_0012_7448-part-1-.jpg","contentUrl":"https:\/\/rexhagold.com\/wp-content\/uploads\/2023\/12\/byzylyk-floriri-meshkujsh-auritalia-_0012_7448-part-1-.jpg","width":1080,"height":1080},{"@type":"BreadcrumbList","@id":"https:\/\/rexhagold.com\/en\/product\/mens-bangle-bracelet-malachite\/#breadcrumb","itemListElement":[{"@type":"ListItem","position":1,"name":"Home","item":"https:\/\/rexhagold.com\/en\/"},{"@type":"ListItem","position":2,"name":"Shop","item":"https:\/\/rexhagold.com\/en\/shop-2\/"},{"@type":"ListItem","position":3,"name":"Men\u2019s Bangle Bracelet Malachite"}]},{"@type":"WebSite","@id":"https:\/\/rexhagold.com\/#website","url":"https:\/\/rexhagold.com\/","name":"Rexha Gold Jewelry","description":"Rexha Gold","publisher":{"@id":"https:\/\/rexhagold.com\/#organization"},"potentialAction":[{"@type":"SearchAction","target":{"@type":"EntryPoint","urlTemplate":"https:\/\/rexhagold.com\/?s={search_term_string}"},"query-input":{"@type":"PropertyValueSpecification","valueRequired":true,"valueName":"search_term_string"}}],"inLanguage":"en-US"},{"@type":"Organization","@id":"https:\/\/rexhagold.com\/#organization","name":"Rexha Gold Jewelry","url":"https:\/\/rexhagold.com\/","logo":{"@type":"ImageObject","inLanguage":"en-US","@id":"https:\/\/rexhagold.com\/#\/schema\/logo\/image\/","url":"https:\/\/rexhagold.com\/wp-content\/uploads\/2022\/04\/rexhagold-black.png","contentUrl":"https:\/\/rexhagold.com\/wp-content\/uploads\/2022\/04\/rexhagold-black.png","width":300,"height":278,"caption":"Rexha Gold Jewelry"},"image":{"@id":"https:\/\/rexhagold.com\/#\/schema\/logo\/image\/"}}]}},"_links":{"self":[{"href":"https:\/\/rexhagold.com\/en\/wp-json\/wp\/v2\/product\/9474","targetHints":{"allow":["GET"]}}],"collection":[{"href":"https:\/\/rexhagold.com\/en\/wp-json\/wp\/v2\/product"}],"about":[{"href":"https:\/\/rexhagold.com\/en\/wp-json\/wp\/v2\/types\/product"}],"wp:featuredmedia":[{"embeddable":true,"href":"https:\/\/rexhagold.com\/en\/wp-json\/wp\/v2\/media\/6676"}],"wp:attachment":[{"href":"https:\/\/rexhagold.com\/en\/wp-json\/wp\/v2\/media?parent=9474"}],"wp:term":[{"taxonomy":"product_brand","embeddable":true,"href":"https:\/\/rexhagold.com\/en\/wp-json\/wp\/v2\/product_brand?post=9474"},{"taxonomy":"product_cat","embeddable":true,"href":"https:\/\/rexhagold.com\/en\/wp-json\/wp\/v2\/product_cat?post=9474"},{"taxonomy":"product_tag","embeddable":true,"href":"https:\/\/rexhagold.com\/en\/wp-json\/wp\/v2\/product_tag?post=9474"},{"taxonomy":"berocket_brand","embeddable":true,"href":"https:\/\/rexhagold.com\/en\/wp-json\/wp\/v2\/berocket_brand?post=9474"}],"curies":[{"name":"wp","href":"https:\/\/api.w.org\/{rel}","templated":true}]}}